{"id":5418,"date":"2022-09-01T11:55:17","date_gmt":"2022-09-01T08:55:17","guid":{"rendered":"https:\/\/ahmmetalaksesuar.com\/?page_id=5418"},"modified":"2022-09-06T18:06:49","modified_gmt":"2022-09-06T15:06:49","slug":"fabrika","status":"publish","type":"page","link":"https:\/\/ahmmetalaksesuar.com\/ru\/fabrika\/","title":{"rendered":"\u0424\u0430\u0431\u0440\u0438\u043a\u0430"},"content":{"rendered":"<div class=\"vc_row wpb_row vc_row-fluid la_fp_slide la_fp_child_section\"><div class=\"wpb_column vc_column_container vc_col-sm-12\"><div class=\"vc_column-inner\"><div class=\"wpb_wrapper\"><div id=\"la_heading_69e0b578c22fc\" class=\"la-headings text-left\"><h4 class=\"js-el heading-tag la-unit-responsive\" style=\"\" >\u0424\u0430\u0431\u0440\u0438\u043a\u0430<\/h4><\/div>\n<div class=\"vc_separator wpb_content_element vc_separator_align_center vc_sep_width_100 vc_sep_pos_align_center vc_separator_no_text vc_sep_color_grey\" ><span class=\"vc_sep_holder vc_sep_holder_l\"><span  class=\"vc_sep_line\"><\/span><\/span><span class=\"vc_sep_holder vc_sep_holder_r\"><span  class=\"vc_sep_line\"><\/span><\/span>\n<\/div><div id=\"la_divider69e0b578c29c6\" class=\"js-el la-divider la-unit-responsive\" data-la_component=\"UnitResponsive\"  data-el_target='#la_divider69e0b578c29c6'  data-el_media_sizes='{&quot;padding-top&quot;:&quot;lg:10px;&quot;}' ><\/div>\n\n\t<div class=\"wpb_text_column wpb_content_element\" >\n\t\t<div class=\"wpb_wrapper\">\n\t\t\t<div class=\"h5\"><span class=\"light\">\u041a\u043e\u043c\u043f\u0430\u043d\u0438\u044f AHM METAL ACCESSORIES \u0431\u044b\u043b\u0430 \u043e\u0441\u043d\u043e\u0432\u0430\u043d\u0430 \u0432 2005 \u0433\u043e\u0434\u0443 \u0432 \u0421\u0442\u0430\u043c\u0431\u0443\u043b\u0435. \u041d\u0430\u0448\u0430 \u043a\u043e\u043c\u043f\u0430\u043d\u0438\u044f, \u0440\u0430\u0441\u043f\u043e\u043b\u043e\u0436\u0435\u043d\u043d\u0430\u044f \u0432 \u0130kitelli OSB, \u043f\u0440\u0435\u0434\u043e\u0441\u0442\u0430\u0432\u043b\u044f\u0435\u0442 \u0441\u0432\u043e\u0438\u043c \u043a\u043b\u0438\u0435\u043d\u0442\u0430\u043c \u0440\u0430\u0437\u043b\u0438\u0447\u043d\u044b\u0435 \u043c\u0435\u0442\u0430\u043b\u043b\u0438\u0447\u0435\u0441\u043a\u0438\u0435 \u0430\u043a\u0441\u0435\u0441\u0441\u0443\u0430\u0440\u044b, \u0442\u0430\u043a\u0438\u0435 \u043a\u0430\u043a \u043b\u044e\u0432\u0435\u0440\u0441\u044b, \u043a\u0440\u044e\u0447\u043a\u0438, \u0437\u0430\u043a\u043b\u0435\u043f\u043a\u0438, \u043a\u043d\u043e\u043f\u043a\u0438, \u0437\u0430\u043a\u043b\u0435\u043f\u043a\u0438, \u0432 \u043e\u0431\u0443\u0432\u043d\u043e\u043c, \u0442\u0435\u043a\u0441\u0442\u0438\u043b\u044c\u043d\u043e\u043c, \u0433\u043e\u0442\u043e\u0432\u043e\u043c \u043a \u0443\u043f\u043e\u0442\u0440\u0435\u0431\u043b\u0435\u043d\u0438\u044e, \u043a\u0430\u043d\u0446\u0435\u043b\u044f\u0440\u0441\u043a\u043e\u043c, \u044d\u043b\u0435\u043a\u0442\u0440\u0438\u0447\u0435\u0441\u043a\u043e\u043c, \u0441\u0443\u043c\u043e\u0447\u043d\u043e\u043c \u0438 \u0440\u0435\u043c\u0435\u043d\u043d\u043e\u043c \u0441\u0435\u043a\u0442\u043e\u0440\u0430\u0445.<\/span><\/div>\n<div class=\"h5\"><\/div>\n<div class=\"h5\"><span class=\"light\">\u041d\u0430\u0448\u0430 \u043a\u043e\u043c\u043f\u0430\u043d\u0438\u044f, \u043a\u043e\u0442\u043e\u0440\u0430\u044f \u043f\u0440\u043e\u0438\u0437\u0432\u043e\u0434\u0438\u0442 \u0432\u0441\u0435 \u043f\u0440\u043e\u0438\u0437\u0432\u043e\u0434\u0441\u0442\u0432\u0435\u043d\u043d\u044b\u0435 \u0444\u043e\u0440\u043c\u044b \u0432 \u0441\u0432\u043e\u0435\u0439 \u0441\u043e\u0431\u0441\u0442\u0432\u0435\u043d\u043d\u043e\u0439 \u0441\u0442\u0440\u0443\u043a\u0442\u0443\u0440\u0435, \u0441\u0442\u0440\u0435\u043c\u0438\u0442\u0441\u044f \u043f\u0440\u043e\u0438\u0437\u0432\u043e\u0434\u0438\u0442\u044c \u043a\u0430\u0447\u0435\u0441\u0442\u0432\u0435\u043d\u043d\u0443\u044e \u043f\u0440\u043e\u0434\u0443\u043a\u0446\u0438\u044e \u0441 \u0432\u0430\u0440\u0438\u0430\u043d\u0442\u0430\u043c\u0438 \u0434\u0438\u0437\u0430\u0439\u043d\u0430, \u043f\u043e\u0434\u0445\u043e\u0434\u044f\u0449\u0438\u043c\u0438 \u0434\u043b\u044f \u0432\u043a\u0443\u0441\u0430 \u043a\u043b\u0438\u0435\u043d\u0442\u0430, \u0438 \u043f\u0440\u0435\u0434\u043e\u0441\u0442\u0430\u0432\u043b\u044f\u0442\u044c \u043d\u0430\u0448\u0438\u043c \u043a\u043b\u0438\u0435\u043d\u0442\u0430\u043c \u043b\u0443\u0447\u0448\u0438\u0439 \u0441\u0435\u0440\u0432\u0438\u0441 \u0441 \u043f\u043e\u043c\u043e\u0449\u044c\u044e \u043d\u0430\u0448\u0438\u0445 \u0444\u043e\u0440\u043c \u0434\u043b\u044f \u043a\u0440\u0435\u043f\u043b\u0435\u043d\u0438\u044f \u0441 \u043f\u0440\u043e\u0443\u0448\u0438\u043d\u043e\u0439. \u041d\u0430\u0448\u0438\u043c \u0433\u043b\u0430\u0432\u043d\u044b\u043c \u043f\u0440\u0438\u043d\u0446\u0438\u043f\u043e\u043c \u044f\u0432\u043b\u044f\u0435\u0442\u0441\u044f \u043f\u0440\u0435\u0434\u043b\u043e\u0436\u0435\u043d\u0438\u0435 \u0440\u0430\u0437\u0443\u043c\u043d\u044b\u0445 \u0446\u0435\u043d\u043e\u0432\u044b\u0445 \u0432\u0430\u0440\u0438\u0430\u043d\u0442\u043e\u0432.<\/span><\/div>\n\n\t\t<\/div>\n\t<\/div>\n<div id=\"la_divider69e0b578c2d46\" class=\"js-el la-divider la-unit-responsive\" data-la_component=\"UnitResponsive\"  data-el_target='#la_divider69e0b578c2d46'  data-el_media_sizes='{&quot;padding-top&quot;:&quot;lg:60px;&quot;}' ><\/div>\n<\/div><\/div><\/div><\/div><div class=\"vc_row wpb_row vc_row-fluid la_fp_slide la_fp_child_section\"><div class=\"wpb_column vc_column_container vc_col-sm-6\"><div class=\"vc_column-inner\"><div class=\"wpb_wrapper\">\n\t<div class=\"wpb_video_widget wpb_content_element vc_clearfix   vc_video-aspect-ratio-169 vc_video-el-width-100 vc_video-align-center\" >\n\t\t<div class=\"wpb_wrapper\">\n\t\t\t\n\t\t\t<div class=\"wpb_video_wrapper\"><iframe loading=\"lazy\" title=\"\u041c\u0435\u0442\u0430\u043b\u043b\u0438\u0447\u0435\u0441\u043a\u0438\u0439 \u0430\u043a\u0441\u0435\u0441\u0441\u0443\u0430\u0440 AHM\" width=\"1170\" height=\"658\" src=\"https:\/\/www.youtube.com\/embed\/sYGOj6O0F9U?feature=oembed\" frameborder=\"0\" allow=\"accelerometer; autoplay; clipboard-write; encrypted-media; gyroscope; picture-in-picture\" allowfullscreen><\/iframe><\/div>\n\t\t<\/div>\n\t<\/div>\n<\/div><\/div><\/div><div class=\"wpb_column vc_column_container vc_col-sm-6\"><div class=\"vc_column-inner\"><div class=\"wpb_wrapper\">\n\t<div class=\"wpb_video_widget wpb_content_element vc_clearfix   vc_video-aspect-ratio-169 vc_video-el-width-100 vc_video-align-center\" >\n\t\t<div class=\"wpb_wrapper\">\n\t\t\t\n\t\t\t<div class=\"wpb_video_wrapper\"><iframe loading=\"lazy\" title=\"\u0412\u0438\u0434\u0435\u043e WhatsApp 2022 08 29 \u0432 12 32 28\" width=\"1170\" height=\"658\" src=\"https:\/\/www.youtube.com\/embed\/Qdgn2snz1V8?feature=oembed\" frameborder=\"0\" allow=\"accelerometer; autoplay; clipboard-write; encrypted-media; gyroscope; picture-in-picture\" allowfullscreen><\/iframe><\/div>\n\t\t<\/div>\n\t<\/div>\n<\/div><\/div><\/div><\/div><div class=\"vc_row wpb_row vc_row-fluid la_fp_slide la_fp_child_section\"><div class=\"wpb_column vc_column_container vc_col-sm-6\"><div class=\"vc_column-inner\"><div class=\"wpb_wrapper\">\n\t<div class=\"wpb_video_widget wpb_content_element vc_clearfix   vc_video-aspect-ratio-169 vc_video-el-width-100 vc_video-align-center\" >\n\t\t<div class=\"wpb_wrapper\">\n\t\t\t\n\t\t\t<div class=\"wpb_video_wrapper\"><iframe loading=\"lazy\" title=\"\u0412\u0438\u0434\u0435\u043e WhatsApp 2022 08 29 \u0432 12 32 40\" width=\"1170\" height=\"658\" src=\"https:\/\/www.youtube.com\/embed\/H5cEOv-g89k?feature=oembed\" frameborder=\"0\" allow=\"accelerometer; autoplay; clipboard-write; encrypted-media; gyroscope; picture-in-picture\" allowfullscreen><\/iframe><\/div>\n\t\t<\/div>\n\t<\/div>\n<\/div><\/div><\/div><div class=\"wpb_column vc_column_container vc_col-sm-6\"><div class=\"vc_column-inner\"><div class=\"wpb_wrapper\">\n\t<div class=\"wpb_video_widget wpb_content_element vc_clearfix   vc_video-aspect-ratio-169 vc_video-el-width-100 vc_video-align-center\" >\n\t\t<div class=\"wpb_wrapper\">\n\t\t\t\n\t\t\t<div class=\"wpb_video_wrapper\"><iframe loading=\"lazy\" title=\"\u0412\u0438\u0434\u0435\u043e WhatsApp 2022 08 29 \u0432 12 32 53\" width=\"1170\" height=\"658\" src=\"https:\/\/www.youtube.com\/embed\/jw62qejJQfU?feature=oembed\" frameborder=\"0\" allow=\"accelerometer; autoplay; clipboard-write; encrypted-media; gyroscope; picture-in-picture\" allowfullscreen><\/iframe><\/div>\n\t\t<\/div>\n\t<\/div>\n<\/div><\/div><\/div><\/div><div class=\"vc_row wpb_row vc_row-fluid la_fp_slide la_fp_child_section\"><div class=\"wpb_column vc_column_container vc_col-sm-6\"><div class=\"vc_column-inner\"><div class=\"wpb_wrapper\">\n\t<div class=\"wpb_video_widget wpb_content_element vc_clearfix   vc_video-aspect-ratio-169 vc_video-el-width-100 vc_video-align-center\" >\n\t\t<div class=\"wpb_wrapper\">\n\t\t\t\n\t\t\t<div class=\"wpb_video_wrapper\"><iframe loading=\"lazy\" title=\"\u0412\u0438\u0434\u0435\u043e WhatsApp 2022 08 29 \u0432 12 33 13\" width=\"1170\" height=\"658\" src=\"https:\/\/www.youtube.com\/embed\/NdvArTfrkxo?feature=oembed\" frameborder=\"0\" allow=\"accelerometer; autoplay; clipboard-write; encrypted-media; gyroscope; picture-in-picture\" allowfullscreen><\/iframe><\/div>\n\t\t<\/div>\n\t<\/div>\n<\/div><\/div><\/div><div class=\"wpb_column vc_column_container vc_col-sm-6\"><div class=\"vc_column-inner\"><div class=\"wpb_wrapper\">\n\t<div class=\"wpb_video_widget wpb_content_element vc_clearfix   vc_video-aspect-ratio-169 vc_video-el-width-100 vc_video-align-center\" >\n\t\t<div class=\"wpb_wrapper\">\n\t\t\t\n\t\t\t<div class=\"wpb_video_wrapper\"><iframe loading=\"lazy\" title=\"\u0412\u0438\u0434\u0435\u043e WhatsApp 2022 08 29 \u0432 12 33 33\" width=\"1170\" height=\"658\" src=\"https:\/\/www.youtube.com\/embed\/fLVI3d3Xa1I?feature=oembed\" frameborder=\"0\" allow=\"accelerometer; autoplay; clipboard-write; encrypted-media; gyroscope; picture-in-picture\" allowfullscreen><\/iframe><\/div>\n\t\t<\/div>\n\t<\/div>\n<\/div><\/div><\/div><\/div><div class=\"vc_row wpb_row vc_row-fluid la_fp_slide la_fp_child_section\"><div class=\"wpb_column vc_column_container vc_col-sm-6\"><div class=\"vc_column-inner\"><div class=\"wpb_wrapper\">\n\t<div class=\"wpb_video_widget wpb_content_element vc_clearfix   vc_video-aspect-ratio-169 vc_video-el-width-100 vc_video-align-center\" >\n\t\t<div class=\"wpb_wrapper\">\n\t\t\t\n\t\t\t<div class=\"wpb_video_wrapper\"><iframe loading=\"lazy\" title=\"\u0412\u0438\u0434\u0435\u043e WhatsApp 2022 08 29 \u0432 12 33 45\" width=\"1170\" height=\"658\" src=\"https:\/\/www.youtube.com\/embed\/OUz2p2Of5ac?feature=oembed\" frameborder=\"0\" allow=\"accelerometer; autoplay; clipboard-write; encrypted-media; gyroscope; picture-in-picture\" allowfullscreen><\/iframe><\/div>\n\t\t<\/div>\n\t<\/div>\n<\/div><\/div><\/div><div class=\"wpb_column vc_column_container vc_col-sm-6\"><div class=\"vc_column-inner\"><div class=\"wpb_wrapper\">\n\t<div class=\"wpb_video_widget wpb_content_element vc_clearfix   vc_video-aspect-ratio-169 vc_video-el-width-100 vc_video-align-center\" >\n\t\t<div class=\"wpb_wrapper\">\n\t\t\t\n\t\t\t<div class=\"wpb_video_wrapper\"><iframe loading=\"lazy\" title=\"\u0412\u0438\u0434\u0435\u043e WhatsApp 2022 08 29 \u0432 12 32 22\" width=\"1170\" height=\"658\" src=\"https:\/\/www.youtube.com\/embed\/fC4bWaf6tbc?feature=oembed\" frameborder=\"0\" allow=\"accelerometer; autoplay; clipboard-write; encrypted-media; gyroscope; picture-in-picture\" allowfullscreen><\/iframe><\/div>\n\t\t<\/div>\n\t<\/div>\n<\/div><\/div><\/div><\/div>","protected":false},"excerpt":{"rendered":"Fabrika AHM METAL AKSESUAR 2005 y\u0131l\u0131nda \u0130stanbul'da kuruldu. \u0130kitelli O.S.B adresindeki firmam\u0131z ayakkab\u0131, tekstil, haz\u0131r giyim, k\u0131rtasiye, elektrik, \u00e7anta, kemer sekt\u00f6r\u00fcndeki m\u00fc\u015fterilerine ku\u015fg\u00f6z\u00fc, kanca, rivet, \u00e7\u0131t\u00e7\u0131t, per\u00e7in gibi \u00e7e\u015fitli metal aksesuar hizmetleri sunmakt\u0131r. B\u00fct\u00fcn imalat kal\u0131plar\u0131n\u0131 kendi b\u00fcnyesinde yapan firmam\u0131z m\u00fc\u015fteri be\u011fenisine uygun tasar\u0131m se\u00e7enekleriyle kaliteli \u00fcretim yapmak ve ku\u015fg\u00f6z\u00fc \u00e7akma kal\u0131plar\u0131m\u0131zla m\u00fc\u015fterilerimize daha iyi hizmet vermeyi hedeflemektir. Uygun fiyat&hellip;","protected":false},"author":1,"featured_media":0,"parent":0,"menu_order":0,"comment_status":"closed","ping_status":"closed","template":"","meta":{"footnotes":""},"class_list":["post-5418","page","type-page","status-publish","hentry"],"yoast_head":"<!-- This site is optimized with the Yoast SEO plugin v27.4 - https:\/\/yoast.com\/product\/yoast-seo-wordpress\/ -->\n<title>Fabrika - Ahm Metal Aksesuar<\/title>\n<meta name=\"description\" content=\"AHM METAL AKSESUAR 2005 y\u0131l\u0131nda \u0130stanbul&#039;da kuruldu. \u0130kitelli O.S.B adresindeki firmam\u0131z ayakkab\u0131, tekstil, haz\u0131r giyim, k\u0131rtasiye,\" \/>\n<meta name=\"robots\" content=\"index, follow, max-snippet:-1, max-image-preview:large, max-video-preview:-1\" \/>\n<link rel=\"canonical\" href=\"https:\/\/ahmmetalaksesuar.com\/ru\/fabrika\/\" \/>\n<meta property=\"og:locale\" content=\"ru_RU\" \/>\n<meta property=\"og:type\" content=\"article\" \/>\n<meta property=\"og:title\" content=\"Fabrika - Ahm Metal Aksesuar\" \/>\n<meta property=\"og:description\" content=\"AHM METAL AKSESUAR 2005 y\u0131l\u0131nda \u0130stanbul&#039;da kuruldu. \u0130kitelli O.S.B adresindeki firmam\u0131z ayakkab\u0131, tekstil, haz\u0131r giyim, k\u0131rtasiye,\" \/>\n<meta property=\"og:url\" content=\"https:\/\/ahmmetalaksesuar.com\/ru\/fabrika\/\" \/>\n<meta property=\"og:site_name\" content=\"Ahm Metal Aksesuar\" \/>\n<meta property=\"article:modified_time\" content=\"2022-09-06T15:06:49+00:00\" \/>\n<meta name=\"twitter:card\" content=\"summary_large_image\" \/>\n<meta name=\"twitter:label1\" content=\"\u041f\u0440\u0438\u043c\u0435\u0440\u043d\u043e\u0435 \u0432\u0440\u0435\u043c\u044f \u0434\u043b\u044f \u0447\u0442\u0435\u043d\u0438\u044f\" \/>\n\t<meta name=\"twitter:data1\" content=\"1 \u043c\u0438\u043d\u0443\u0442\u0430\" \/>\n<script type=\"application\/ld+json\" class=\"yoast-schema-graph\">{\"@context\":\"https:\\\/\\\/schema.org\",\"@graph\":[{\"@type\":\"WebPage\",\"@id\":\"https:\\\/\\\/ahmmetalaksesuar.com\\\/fabrika\\\/\",\"url\":\"https:\\\/\\\/ahmmetalaksesuar.com\\\/fabrika\\\/\",\"name\":\"Fabrika - Ahm Metal Aksesuar\",\"isPartOf\":{\"@id\":\"https:\\\/\\\/ahmmetalaksesuar.com\\\/#website\"},\"datePublished\":\"2022-09-01T08:55:17+00:00\",\"dateModified\":\"2022-09-06T15:06:49+00:00\",\"description\":\"AHM METAL AKSESUAR 2005 y\u0131l\u0131nda \u0130stanbul'da kuruldu. \u0130kitelli O.S.B adresindeki firmam\u0131z ayakkab\u0131, tekstil, haz\u0131r giyim, k\u0131rtasiye,\",\"breadcrumb\":{\"@id\":\"https:\\\/\\\/ahmmetalaksesuar.com\\\/fabrika\\\/#breadcrumb\"},\"inLanguage\":\"ru-RU\",\"potentialAction\":[{\"@type\":\"ReadAction\",\"target\":[\"https:\\\/\\\/ahmmetalaksesuar.com\\\/fabrika\\\/\"]}]},{\"@type\":\"BreadcrumbList\",\"@id\":\"https:\\\/\\\/ahmmetalaksesuar.com\\\/fabrika\\\/#breadcrumb\",\"itemListElement\":[{\"@type\":\"ListItem\",\"position\":1,\"name\":\"Anasayfa\",\"item\":\"https:\\\/\\\/ahmmetalaksesuar.com\\\/\"},{\"@type\":\"ListItem\",\"position\":2,\"name\":\"Fabrika\"}]},{\"@type\":\"WebSite\",\"@id\":\"https:\\\/\\\/ahmmetalaksesuar.com\\\/#website\",\"url\":\"https:\\\/\\\/ahmmetalaksesuar.com\\\/\",\"name\":\"Ahm Metal Aksesuar\",\"description\":\"\",\"publisher\":{\"@id\":\"https:\\\/\\\/ahmmetalaksesuar.com\\\/#organization\"},\"potentialAction\":[{\"@type\":\"SearchAction\",\"target\":{\"@type\":\"EntryPoint\",\"urlTemplate\":\"https:\\\/\\\/ahmmetalaksesuar.com\\\/?s={search_term_string}\"},\"query-input\":{\"@type\":\"PropertyValueSpecification\",\"valueRequired\":true,\"valueName\":\"search_term_string\"}}],\"inLanguage\":\"ru-RU\"},{\"@type\":\"Organization\",\"@id\":\"https:\\\/\\\/ahmmetalaksesuar.com\\\/#organization\",\"name\":\"Ahm Metal Aksesuar\",\"url\":\"https:\\\/\\\/ahmmetalaksesuar.com\\\/\",\"logo\":{\"@type\":\"ImageObject\",\"inLanguage\":\"ru-RU\",\"@id\":\"https:\\\/\\\/ahmmetalaksesuar.com\\\/#\\\/schema\\\/logo\\\/image\\\/\",\"url\":\"https:\\\/\\\/ahmmetalaksesuar.com\\\/wp-content\\\/uploads\\\/2022\\\/08\\\/logo.png\",\"contentUrl\":\"https:\\\/\\\/ahmmetalaksesuar.com\\\/wp-content\\\/uploads\\\/2022\\\/08\\\/logo.png\",\"width\":209,\"height\":110,\"caption\":\"Ahm Metal Aksesuar\"},\"image\":{\"@id\":\"https:\\\/\\\/ahmmetalaksesuar.com\\\/#\\\/schema\\\/logo\\\/image\\\/\"}}]}<\/script>\n<!-- \/ Yoast SEO plugin. -->","yoast_head_json":{"title":"Fabrika - Ahm Metal Aksesuar","description":"AHM METAL AKSESUAR 2005 y\u0131l\u0131nda \u0130stanbul'da kuruldu. \u0130kitelli O.S.B adresindeki firmam\u0131z ayakkab\u0131, tekstil, haz\u0131r giyim, k\u0131rtasiye,","robots":{"index":"index","follow":"follow","max-snippet":"max-snippet:-1","max-image-preview":"max-image-preview:large","max-video-preview":"max-video-preview:-1"},"canonical":"https:\/\/ahmmetalaksesuar.com\/ru\/fabrika\/","og_locale":"ru_RU","og_type":"article","og_title":"Fabrika - Ahm Metal Aksesuar","og_description":"AHM METAL AKSESUAR 2005 y\u0131l\u0131nda \u0130stanbul'da kuruldu. \u0130kitelli O.S.B adresindeki firmam\u0131z ayakkab\u0131, tekstil, haz\u0131r giyim, k\u0131rtasiye,","og_url":"https:\/\/ahmmetalaksesuar.com\/ru\/fabrika\/","og_site_name":"Ahm Metal Aksesuar","article_modified_time":"2022-09-06T15:06:49+00:00","twitter_card":"summary_large_image","twitter_misc":{"\u041f\u0440\u0438\u043c\u0435\u0440\u043d\u043e\u0435 \u0432\u0440\u0435\u043c\u044f \u0434\u043b\u044f \u0447\u0442\u0435\u043d\u0438\u044f":"1 \u043c\u0438\u043d\u0443\u0442\u0430"},"schema":{"@context":"https:\/\/schema.org","@graph":[{"@type":"WebPage","@id":"https:\/\/ahmmetalaksesuar.com\/fabrika\/","url":"https:\/\/ahmmetalaksesuar.com\/fabrika\/","name":"Fabrika - Ahm Metal Aksesuar","isPartOf":{"@id":"https:\/\/ahmmetalaksesuar.com\/#website"},"datePublished":"2022-09-01T08:55:17+00:00","dateModified":"2022-09-06T15:06:49+00:00","description":"AHM METAL AKSESUAR 2005 y\u0131l\u0131nda \u0130stanbul'da kuruldu. \u0130kitelli O.S.B adresindeki firmam\u0131z ayakkab\u0131, tekstil, haz\u0131r giyim, k\u0131rtasiye,","breadcrumb":{"@id":"https:\/\/ahmmetalaksesuar.com\/fabrika\/#breadcrumb"},"inLanguage":"ru-RU","potentialAction":[{"@type":"ReadAction","target":["https:\/\/ahmmetalaksesuar.com\/fabrika\/"]}]},{"@type":"BreadcrumbList","@id":"https:\/\/ahmmetalaksesuar.com\/fabrika\/#breadcrumb","itemListElement":[{"@type":"ListItem","position":1,"name":"Anasayfa","item":"https:\/\/ahmmetalaksesuar.com\/"},{"@type":"ListItem","position":2,"name":"Fabrika"}]},{"@type":"WebSite","@id":"https:\/\/ahmmetalaksesuar.com\/#website","url":"https:\/\/ahmmetalaksesuar.com\/","name":"Ahm Metal Aksesuar","description":"","publisher":{"@id":"https:\/\/ahmmetalaksesuar.com\/#organization"},"potentialAction":[{"@type":"SearchAction","target":{"@type":"EntryPoint","urlTemplate":"https:\/\/ahmmetalaksesuar.com\/?s={search_term_string}"},"query-input":{"@type":"PropertyValueSpecification","valueRequired":true,"valueName":"search_term_string"}}],"inLanguage":"ru-RU"},{"@type":"Organization","@id":"https:\/\/ahmmetalaksesuar.com\/#organization","name":"Ahm Metal Aksesuar","url":"https:\/\/ahmmetalaksesuar.com\/","logo":{"@type":"ImageObject","inLanguage":"ru-RU","@id":"https:\/\/ahmmetalaksesuar.com\/#\/schema\/logo\/image\/","url":"https:\/\/ahmmetalaksesuar.com\/wp-content\/uploads\/2022\/08\/logo.png","contentUrl":"https:\/\/ahmmetalaksesuar.com\/wp-content\/uploads\/2022\/08\/logo.png","width":209,"height":110,"caption":"Ahm Metal Aksesuar"},"image":{"@id":"https:\/\/ahmmetalaksesuar.com\/#\/schema\/logo\/image\/"}}]}},"_links":{"self":[{"href":"https:\/\/ahmmetalaksesuar.com\/ru\/wp-json\/wp\/v2\/pages\/5418","targetHints":{"allow":["GET"]}}],"collection":[{"href":"https:\/\/ahmmetalaksesuar.com\/ru\/wp-json\/wp\/v2\/pages"}],"about":[{"href":"https:\/\/ahmmetalaksesuar.com\/ru\/wp-json\/wp\/v2\/types\/page"}],"author":[{"embeddable":true,"href":"https:\/\/ahmmetalaksesuar.com\/ru\/wp-json\/wp\/v2\/users\/1"}],"replies":[{"embeddable":true,"href":"https:\/\/ahmmetalaksesuar.com\/ru\/wp-json\/wp\/v2\/comments?post=5418"}],"version-history":[{"count":4,"href":"https:\/\/ahmmetalaksesuar.com\/ru\/wp-json\/wp\/v2\/pages\/5418\/revisions"}],"predecessor-version":[{"id":5607,"href":"https:\/\/ahmmetalaksesuar.com\/ru\/wp-json\/wp\/v2\/pages\/5418\/revisions\/5607"}],"wp:attachment":[{"href":"https:\/\/ahmmetalaksesuar.com\/ru\/wp-json\/wp\/v2\/media?parent=5418"}],"curies":[{"name":"wp","href":"https:\/\/api.w.org\/{rel}","templated":true}]}}