{"id":4660,"date":"2022-08-29T13:04:42","date_gmt":"2022-08-29T10:04:42","guid":{"rendered":"https:\/\/ahmmetalaksesuar.com\/?page_id=4660"},"modified":"2022-09-06T18:15:25","modified_gmt":"2022-09-06T15:15:25","slug":"rivetler","status":"publish","type":"page","link":"https:\/\/ahmmetalaksesuar.com\/ru\/urunlerimiz\/rivetler\/","title":{"rendered":"\u0437\u0430\u043a\u043b\u0435\u043f\u043a\u0438"},"content":{"rendered":"<div class=\"vc_row wpb_row vc_row-fluid la_fp_slide la_fp_child_section\"><div class=\"wpb_column vc_column_container vc_col-sm-12\"><div class=\"vc_column-inner\"><div class=\"wpb_wrapper\"><div id=\"la_divider69e0b14b0378c\" class=\"js-el la-divider la-unit-responsive\" data-la_component=\"UnitResponsive\"  data-el_target='#la_divider69e0b14b0378c'  data-el_media_sizes='{&quot;padding-top&quot;:&quot;lg:30px;&quot;}' ><\/div>\n<div id=\"la_heading_69e0b14b039dd\" class=\"la-headings text-center spacer-position-bottom\"><h4 class=\"js-el heading-tag la-unit-responsive\" style=\"\" >\u0437\u0430\u043a\u043b\u0435\u043f\u043a\u0438<\/h4><div class=\"la-separator\" style=\"height:3px\"><span class=\"la-line js-el la-unit-responsive\" style=\"border-style:solid;border-width:3px 0 0;border-color:#a3172c\" ><\/span><\/div><\/div>\n<div id=\"la_divider69e0b14b03b1a\" class=\"js-el la-divider la-unit-responsive\" data-la_component=\"UnitResponsive\"  data-el_target='#la_divider69e0b14b03b1a'  data-el_media_sizes='{&quot;padding-top&quot;:&quot;lg:30px;&quot;}' ><\/div>\n<\/div><\/div><\/div><\/div><div class=\"vc_row wpb_row vc_row-fluid la_fp_slide la_fp_child_section\"><div class=\"wpb_column vc_column_container vc_col-sm-4\"><div class=\"vc_column-inner\"><div class=\"wpb_wrapper\"><div id=\"la_banner_box_69e0b14b05859\" class=\"wpb_content_element la-banner-box banner-type-centered\" data-animation-class=\"\">\n    <div class=\"box-inner\">\n        <div class=\"banner--image\"><img loading=\"lazy\" decoding=\"async\" width=\"1024\" height=\"600\" src=\"https:\/\/ahmmetalaksesuar.com\/wp-content\/uploads\/2022\/08\/2-00.jpg\" class=\"attachment-full size-full\" alt=\"\" srcset=\"https:\/\/ahmmetalaksesuar.com\/wp-content\/uploads\/2022\/08\/2-00.jpg 1024w, https:\/\/ahmmetalaksesuar.com\/wp-content\/uploads\/2022\/08\/2-00-768x450.jpg 768w\" sizes=\"auto, (max-width: 1024px) 100vw, 1024px\" \/><span class=\"item--overlay\"><\/span><\/div>\n        <div class=\"banner--info\"><div class=\"js-el subheading-tag la-unit-responsive\" style=\"\" ><div class=\"btn-wrapper btn-align-center\">\n    <a class=\"btn btn-color-white btn-align-center btn-size-sm btn-style-flat btn-shape-square btn-brw-0 font-weight-400\" href=\"\/ru\/urunlerimiz\/rivetler\/0-rivet\/\" title=\"\"><span>0 \u0417\u0430\u043a\u043b\u0435\u043f\u043a\u0430 <\/span><\/a><\/div>\n<p>&nbsp;<\/p>\n<div id=\"gtx-trans\" style=\"position: absolute; left: 129px; top: -17px;\">\n<div class=\"gtx-trans-icon\"><\/div>\n<\/div>\n<p><\/div><\/div>\n                    <a class=\"banner--link-overlay\" href=\"\/ru\/urunlerimiz\/rivetler\/0-rivet\/\" title=\"\"><\/a>\n            <\/div>\n<\/div>\n<\/div><\/div><\/div><div class=\"wpb_column vc_column_container vc_col-sm-4\"><div class=\"vc_column-inner\"><div class=\"wpb_wrapper\"><div id=\"la_banner_box_69e0b14b0600f\" class=\"wpb_content_element la-banner-box banner-type-centered\" data-animation-class=\"\">\n    <div class=\"box-inner\">\n        <div class=\"banner--image\"><img loading=\"lazy\" decoding=\"async\" width=\"1024\" height=\"600\" src=\"https:\/\/ahmmetalaksesuar.com\/wp-content\/uploads\/2022\/08\/1-00-1.jpg\" class=\"attachment-full size-full\" alt=\"\" srcset=\"https:\/\/ahmmetalaksesuar.com\/wp-content\/uploads\/2022\/08\/1-00-1.jpg 1024w, https:\/\/ahmmetalaksesuar.com\/wp-content\/uploads\/2022\/08\/1-00-1-768x450.jpg 768w\" sizes=\"auto, (max-width: 1024px) 100vw, 1024px\" \/><span class=\"item--overlay\"><\/span><\/div>\n        <div class=\"banner--info\"><div class=\"js-el subheading-tag la-unit-responsive\" style=\"\" ><div class=\"btn-wrapper btn-align-center\">\n    <a class=\"btn btn-color-white btn-align-center btn-size-sm btn-style-flat btn-shape-square btn-brw-0 font-weight-400\" href=\"\/ru\/urunlerimiz\/rivetler\/00-rivet\/\" title=\"\"><span>00 \u0437\u0430\u043a\u043b\u0435\u043f\u043a\u0430<\/span><\/a><\/div>\n<p>&nbsp;<\/p>\n<div id=\"gtx-trans\" style=\"position: absolute; left: 129px; top: -17px;\">\n<div class=\"gtx-trans-icon\"><\/div>\n<\/div>\n<p><\/div><\/div>\n                    <a class=\"banner--link-overlay\" href=\"\/ru\/urunlerimiz\/rivetler\/00-rivet\/\" title=\"\"><\/a>\n            <\/div>\n<\/div>\n<\/div><\/div><\/div><div class=\"wpb_column vc_column_container vc_col-sm-4\"><div class=\"vc_column-inner\"><div class=\"wpb_wrapper\"><div id=\"la_banner_box_69e0b14b06704\" class=\"wpb_content_element la-banner-box banner-type-centered\" data-animation-class=\"\">\n    <div class=\"box-inner\">\n        <div class=\"banner--image\"><img loading=\"lazy\" decoding=\"async\" width=\"1024\" height=\"600\" src=\"https:\/\/ahmmetalaksesuar.com\/wp-content\/uploads\/2022\/08\/3-33.jpg\" class=\"attachment-full size-full\" alt=\"\" srcset=\"https:\/\/ahmmetalaksesuar.com\/wp-content\/uploads\/2022\/08\/3-33.jpg 1024w, https:\/\/ahmmetalaksesuar.com\/wp-content\/uploads\/2022\/08\/3-33-768x450.jpg 768w\" sizes=\"auto, (max-width: 1024px) 100vw, 1024px\" \/><span class=\"item--overlay\"><\/span><\/div>\n        <div class=\"banner--info\"><div class=\"js-el subheading-tag la-unit-responsive\" style=\"\" ><div class=\"btn-wrapper btn-align-center\">\n    <a class=\"btn btn-color-white btn-align-center btn-size-sm btn-style-flat btn-shape-square btn-brw-0 font-weight-400\" href=\"\/ru\/urunlerimiz\/rivetler\/33-rivet\/\" title=\"\"><span>33 \u0437\u0430\u043a\u043b\u0435\u043f\u043a\u0438 <\/span><\/a><\/div>\n<p>&nbsp;<\/p>\n<div id=\"gtx-trans\" style=\"position: absolute; left: 129px; top: -17px;\">\n<div class=\"gtx-trans-icon\"><\/div>\n<\/div>\n<p><\/div><\/div>\n                    <a class=\"banner--link-overlay\" href=\"\/ru\/urunlerimiz\/rivetler\/33-rivet\/\" title=\"\"><\/a>\n            <\/div>\n<\/div>\n<\/div><\/div><\/div><\/div><div class=\"vc_row wpb_row vc_row-fluid la_fp_slide la_fp_child_section\"><div class=\"wpb_column vc_column_container vc_col-sm-4\"><div class=\"vc_column-inner\"><div class=\"wpb_wrapper\"><div id=\"la_banner_box_69e0b14b0700f\" class=\"wpb_content_element la-banner-box banner-type-centered\" data-animation-class=\"\">\n    <div class=\"box-inner\">\n        <div class=\"banner--image\"><img loading=\"lazy\" decoding=\"async\" width=\"1024\" height=\"600\" src=\"https:\/\/ahmmetalaksesuar.com\/wp-content\/uploads\/2022\/08\/4-335.jpg\" class=\"attachment-full size-full\" alt=\"\" srcset=\"https:\/\/ahmmetalaksesuar.com\/wp-content\/uploads\/2022\/08\/4-335.jpg 1024w, https:\/\/ahmmetalaksesuar.com\/wp-content\/uploads\/2022\/08\/4-335-768x450.jpg 768w\" sizes=\"auto, (max-width: 1024px) 100vw, 1024px\" \/><span class=\"item--overlay\"><\/span><\/div>\n        <div class=\"banner--info\"><div class=\"js-el subheading-tag la-unit-responsive\" style=\"\" ><div class=\"btn-wrapper btn-align-center\">\n    <a class=\"btn btn-color-white btn-align-center btn-size-sm btn-style-flat btn-shape-square btn-brw-0 font-weight-400\" href=\"\/ru\/urunlerimiz\/rivetler\/33-5-rivet\/\" title=\"\"><span>33.5 \u0417\u0430\u043a\u043b\u0435\u043f\u043a\u0430<\/span><\/a><\/div>\n<p>&nbsp;<\/p>\n<div id=\"gtx-trans\" style=\"position: absolute; left: 129px; top: -17px;\">\n<div class=\"gtx-trans-icon\"><\/div>\n<\/div>\n<p><\/div><\/div>\n                    <a class=\"banner--link-overlay\" href=\"\/ru\/urunlerimiz\/rivetler\/33-5-rivet\/\" title=\"\"><\/a>\n            <\/div>\n<\/div>\n<\/div><\/div><\/div><div class=\"wpb_column vc_column_container vc_col-sm-4\"><div class=\"vc_column-inner\"><div class=\"wpb_wrapper\"><div id=\"la_banner_box_69e0b14b07707\" class=\"wpb_content_element la-banner-box banner-type-centered\" data-animation-class=\"\">\n    <div class=\"box-inner\">\n        <div class=\"banner--image\"><img loading=\"lazy\" decoding=\"async\" width=\"1024\" height=\"600\" src=\"https:\/\/ahmmetalaksesuar.com\/wp-content\/uploads\/2022\/08\/5-54.jpg\" class=\"attachment-full size-full\" alt=\"\" srcset=\"https:\/\/ahmmetalaksesuar.com\/wp-content\/uploads\/2022\/08\/5-54.jpg 1024w, https:\/\/ahmmetalaksesuar.com\/wp-content\/uploads\/2022\/08\/5-54-768x450.jpg 768w\" sizes=\"auto, (max-width: 1024px) 100vw, 1024px\" \/><span class=\"item--overlay\"><\/span><\/div>\n        <div class=\"banner--info\"><div class=\"js-el subheading-tag la-unit-responsive\" style=\"\" ><div class=\"btn-wrapper btn-align-center\">\n    <a class=\"btn btn-color-white btn-align-center btn-size-sm btn-style-flat btn-shape-square btn-brw-0 font-weight-400\" href=\"\/ru\/urunlerimiz\/rivetler\/54-rivet\/\" title=\"\"><span>54 \u0437\u0430\u043a\u043b\u0435\u043f\u043a\u0430<\/span><\/a><\/div>\n<p>&nbsp;<\/p>\n<div id=\"gtx-trans\" style=\"position: absolute; left: 129px; top: -17px;\">\n<div class=\"gtx-trans-icon\"><\/div>\n<\/div>\n<p><\/div><\/div>\n                    <a class=\"banner--link-overlay\" href=\"\/ru\/urunlerimiz\/rivetler\/54-rivet\/\" title=\"\"><\/a>\n            <\/div>\n<\/div>\n<\/div><\/div><\/div><div class=\"wpb_column vc_column_container vc_col-sm-4\"><div class=\"vc_column-inner\"><div class=\"wpb_wrapper\"><div id=\"la_banner_box_69e0b14b07de6\" class=\"wpb_content_element la-banner-box banner-type-centered\" data-animation-class=\"\">\n    <div class=\"box-inner\">\n        <div class=\"banner--image\"><img loading=\"lazy\" decoding=\"async\" width=\"1024\" height=\"600\" src=\"https:\/\/ahmmetalaksesuar.com\/wp-content\/uploads\/2022\/08\/6-61.jpg\" class=\"attachment-full size-full\" alt=\"\" srcset=\"https:\/\/ahmmetalaksesuar.com\/wp-content\/uploads\/2022\/08\/6-61.jpg 1024w, https:\/\/ahmmetalaksesuar.com\/wp-content\/uploads\/2022\/08\/6-61-768x450.jpg 768w\" sizes=\"auto, (max-width: 1024px) 100vw, 1024px\" \/><span class=\"item--overlay\"><\/span><\/div>\n        <div class=\"banner--info\"><div class=\"js-el subheading-tag la-unit-responsive\" style=\"\" ><div class=\"btn-wrapper btn-align-center\">\n    <a class=\"btn btn-color-white btn-align-center btn-size-sm btn-style-flat btn-shape-square btn-brw-0 font-weight-400\" href=\"\/ru\/urunlerimiz\/rivetler\/61-rivet\/\" title=\"\"><span>61 \u0437\u0430\u043a\u043b\u0435\u043f\u043a\u0430 <\/span><\/a><\/div>\n<p>&nbsp;<\/p>\n<div id=\"gtx-trans\" style=\"position: absolute; left: 129px; top: -17px;\">\n<div class=\"gtx-trans-icon\"><\/div>\n<\/div>\n<p><\/div><\/div>\n                    <a class=\"banner--link-overlay\" href=\"\/ru\/urunlerimiz\/rivetler\/61-rivet\/\" title=\"\"><\/a>\n            <\/div>\n<\/div>\n<\/div><\/div><\/div><\/div><div class=\"vc_row wpb_row vc_row-fluid la_fp_slide la_fp_child_section\"><div class=\"wpb_column vc_column_container vc_col-sm-4\"><div class=\"vc_column-inner\"><div class=\"wpb_wrapper\"><div id=\"la_banner_box_69e0b14b086b1\" class=\"wpb_content_element la-banner-box banner-type-centered\" data-animation-class=\"\">\n    <div class=\"box-inner\">\n        <div class=\"banner--image\"><img loading=\"lazy\" decoding=\"async\" width=\"1024\" height=\"600\" src=\"https:\/\/ahmmetalaksesuar.com\/wp-content\/uploads\/2022\/08\/7-123.jpg\" class=\"attachment-full size-full\" alt=\"\" srcset=\"https:\/\/ahmmetalaksesuar.com\/wp-content\/uploads\/2022\/08\/7-123.jpg 1024w, https:\/\/ahmmetalaksesuar.com\/wp-content\/uploads\/2022\/08\/7-123-768x450.jpg 768w\" sizes=\"auto, (max-width: 1024px) 100vw, 1024px\" \/><span class=\"item--overlay\"><\/span><\/div>\n        <div class=\"banner--info\"><div class=\"js-el subheading-tag la-unit-responsive\" style=\"\" ><div class=\"btn-wrapper btn-align-center\">\n    <a class=\"btn btn-color-white btn-align-center btn-size-sm btn-style-flat btn-shape-square btn-brw-0 font-weight-400\" href=\"\/ru\/urunlerimiz\/rivetler\/123-rivet\/\" title=\"\"><span>123 \u0417\u0430\u043a\u043b\u0435\u043f\u043a\u0430 <\/span><\/a><\/div>\n<p>&nbsp;<\/p>\n<div id=\"gtx-trans\" style=\"position: absolute; left: 129px; top: -17px;\">\n<div class=\"gtx-trans-icon\"><\/div>\n<\/div>\n<p><\/div><\/div>\n                    <a class=\"banner--link-overlay\" href=\"\/ru\/urunlerimiz\/rivetler\/123-rivet\/\" title=\"\"><\/a>\n            <\/div>\n<\/div>\n<\/div><\/div><\/div><div class=\"wpb_column vc_column_container vc_col-sm-4\"><div class=\"vc_column-inner\"><div class=\"wpb_wrapper\"><div id=\"la_banner_box_69e0b14b08d95\" class=\"wpb_content_element la-banner-box banner-type-centered\" data-animation-class=\"\">\n    <div class=\"box-inner\">\n        <div class=\"banner--image\"><img loading=\"lazy\" decoding=\"async\" width=\"1024\" height=\"600\" src=\"https:\/\/ahmmetalaksesuar.com\/wp-content\/uploads\/2022\/08\/8-75.jpg\" class=\"attachment-full size-full\" alt=\"\" srcset=\"https:\/\/ahmmetalaksesuar.com\/wp-content\/uploads\/2022\/08\/8-75.jpg 1024w, https:\/\/ahmmetalaksesuar.com\/wp-content\/uploads\/2022\/08\/8-75-768x450.jpg 768w\" sizes=\"auto, (max-width: 1024px) 100vw, 1024px\" \/><span class=\"item--overlay\"><\/span><\/div>\n        <div class=\"banner--info\"><div class=\"js-el subheading-tag la-unit-responsive\" style=\"\" ><div class=\"btn-wrapper btn-align-center\">\n    <a class=\"btn btn-color-white btn-align-center btn-size-sm btn-style-flat btn-shape-square btn-brw-0 font-weight-400\" href=\"\/ru\/urunlerimiz\/rivetler\/75-rivet\/\" title=\"\"><span>75 \u0437\u0430\u043a\u043b\u0435\u043f\u043e\u043a <\/span><\/a><\/div>\n<p>&nbsp;<\/p>\n<div id=\"gtx-trans\" style=\"position: absolute; left: 129px; top: -17px;\">\n<div class=\"gtx-trans-icon\"><\/div>\n<\/div>\n<p><\/div><\/div>\n                    <a class=\"banner--link-overlay\" href=\"\/ru\/urunlerimiz\/rivetler\/75-rivet\/\" title=\"\"><\/a>\n            <\/div>\n<\/div>\n<\/div><\/div><\/div><div class=\"wpb_column vc_column_container vc_col-sm-4\"><div class=\"vc_column-inner\"><div class=\"wpb_wrapper\"><\/div><\/div><\/div><\/div>","protected":false},"excerpt":{"rendered":"Rivetler 0 Rivet &nbsp; 00 Rivet &nbsp; 33 Rivet &nbsp; 33.5 Rivet &nbsp; 54 Rivet &nbsp; 61 Rivet &nbsp; 123 Rivet &nbsp; 75 Rivet &nbsp;","protected":false},"author":1,"featured_media":0,"parent":2901,"menu_order":0,"comment_status":"closed","ping_status":"closed","template":"","meta":{"footnotes":""},"class_list":["post-4660","page","type-page","status-publish","hentry"],"yoast_head":"<!-- This site is optimized with the Yoast SEO plugin v27.4 - https:\/\/yoast.com\/product\/yoast-seo-wordpress\/ -->\n<title>Rivetler - Ahm Metal Aksesuar<\/title>\n<meta name=\"description\" content=\"Rivetler kafa ve bacak olmak \u00fczere iki par\u00e7adan olu\u015fan ayakkab\u0131, \u00e7anta, kemer ve tekstil sekt\u00f6r\u00fcnde par\u00e7alar\u0131n birle\u015ftirilmesinde kullan\u0131lan\" \/>\n<meta name=\"robots\" content=\"index, follow, max-snippet:-1, max-image-preview:large, max-video-preview:-1\" \/>\n<link rel=\"canonical\" href=\"https:\/\/ahmmetalaksesuar.com\/ru\/urunlerimiz\/rivetler\/\" \/>\n<meta property=\"og:locale\" content=\"ru_RU\" \/>\n<meta property=\"og:type\" content=\"article\" \/>\n<meta property=\"og:title\" content=\"Rivetler - Ahm Metal Aksesuar\" \/>\n<meta property=\"og:description\" content=\"Rivetler kafa ve bacak olmak \u00fczere iki par\u00e7adan olu\u015fan ayakkab\u0131, \u00e7anta, kemer ve tekstil sekt\u00f6r\u00fcnde par\u00e7alar\u0131n birle\u015ftirilmesinde kullan\u0131lan\" \/>\n<meta property=\"og:url\" content=\"https:\/\/ahmmetalaksesuar.com\/ru\/urunlerimiz\/rivetler\/\" \/>\n<meta property=\"og:site_name\" content=\"Ahm Metal Aksesuar\" \/>\n<meta property=\"article:modified_time\" content=\"2022-09-06T15:15:25+00:00\" \/>\n<meta name=\"twitter:card\" content=\"summary_large_image\" \/>\n<meta name=\"twitter:label1\" content=\"\u041f\u0440\u0438\u043c\u0435\u0440\u043d\u043e\u0435 \u0432\u0440\u0435\u043c\u044f \u0434\u043b\u044f \u0447\u0442\u0435\u043d\u0438\u044f\" \/>\n\t<meta name=\"twitter:data1\" content=\"1 \u043c\u0438\u043d\u0443\u0442\u0430\" \/>\n<script type=\"application\/ld+json\" class=\"yoast-schema-graph\">{\"@context\":\"https:\\\/\\\/schema.org\",\"@graph\":[{\"@type\":\"WebPage\",\"@id\":\"https:\\\/\\\/ahmmetalaksesuar.com\\\/urunlerimiz\\\/rivetler\\\/\",\"url\":\"https:\\\/\\\/ahmmetalaksesuar.com\\\/urunlerimiz\\\/rivetler\\\/\",\"name\":\"Rivetler - Ahm Metal Aksesuar\",\"isPartOf\":{\"@id\":\"https:\\\/\\\/ahmmetalaksesuar.com\\\/#website\"},\"datePublished\":\"2022-08-29T10:04:42+00:00\",\"dateModified\":\"2022-09-06T15:15:25+00:00\",\"description\":\"Rivetler kafa ve bacak olmak \u00fczere iki par\u00e7adan olu\u015fan ayakkab\u0131, \u00e7anta, kemer ve tekstil sekt\u00f6r\u00fcnde par\u00e7alar\u0131n birle\u015ftirilmesinde kullan\u0131lan\",\"breadcrumb\":{\"@id\":\"https:\\\/\\\/ahmmetalaksesuar.com\\\/urunlerimiz\\\/rivetler\\\/#breadcrumb\"},\"inLanguage\":\"ru-RU\",\"potentialAction\":[{\"@type\":\"ReadAction\",\"target\":[\"https:\\\/\\\/ahmmetalaksesuar.com\\\/urunlerimiz\\\/rivetler\\\/\"]}]},{\"@type\":\"BreadcrumbList\",\"@id\":\"https:\\\/\\\/ahmmetalaksesuar.com\\\/urunlerimiz\\\/rivetler\\\/#breadcrumb\",\"itemListElement\":[{\"@type\":\"ListItem\",\"position\":1,\"name\":\"Anasayfa\",\"item\":\"https:\\\/\\\/ahmmetalaksesuar.com\\\/\"},{\"@type\":\"ListItem\",\"position\":2,\"name\":\"\u00dcr\u00fcnlerimiz\",\"item\":\"https:\\\/\\\/ahmmetalaksesuar.com\\\/urunlerimiz\\\/\"},{\"@type\":\"ListItem\",\"position\":3,\"name\":\"Rivetler\"}]},{\"@type\":\"WebSite\",\"@id\":\"https:\\\/\\\/ahmmetalaksesuar.com\\\/#website\",\"url\":\"https:\\\/\\\/ahmmetalaksesuar.com\\\/\",\"name\":\"Ahm Metal Aksesuar\",\"description\":\"\",\"publisher\":{\"@id\":\"https:\\\/\\\/ahmmetalaksesuar.com\\\/#organization\"},\"potentialAction\":[{\"@type\":\"SearchAction\",\"target\":{\"@type\":\"EntryPoint\",\"urlTemplate\":\"https:\\\/\\\/ahmmetalaksesuar.com\\\/?s={search_term_string}\"},\"query-input\":{\"@type\":\"PropertyValueSpecification\",\"valueRequired\":true,\"valueName\":\"search_term_string\"}}],\"inLanguage\":\"ru-RU\"},{\"@type\":\"Organization\",\"@id\":\"https:\\\/\\\/ahmmetalaksesuar.com\\\/#organization\",\"name\":\"Ahm Metal Aksesuar\",\"url\":\"https:\\\/\\\/ahmmetalaksesuar.com\\\/\",\"logo\":{\"@type\":\"ImageObject\",\"inLanguage\":\"ru-RU\",\"@id\":\"https:\\\/\\\/ahmmetalaksesuar.com\\\/#\\\/schema\\\/logo\\\/image\\\/\",\"url\":\"https:\\\/\\\/ahmmetalaksesuar.com\\\/wp-content\\\/uploads\\\/2022\\\/08\\\/logo.png\",\"contentUrl\":\"https:\\\/\\\/ahmmetalaksesuar.com\\\/wp-content\\\/uploads\\\/2022\\\/08\\\/logo.png\",\"width\":209,\"height\":110,\"caption\":\"Ahm Metal Aksesuar\"},\"image\":{\"@id\":\"https:\\\/\\\/ahmmetalaksesuar.com\\\/#\\\/schema\\\/logo\\\/image\\\/\"}}]}<\/script>\n<!-- \/ Yoast SEO plugin. -->","yoast_head_json":{"title":"Rivetler - Ahm Metal Aksesuar","description":"Rivetler kafa ve bacak olmak \u00fczere iki par\u00e7adan olu\u015fan ayakkab\u0131, \u00e7anta, kemer ve tekstil sekt\u00f6r\u00fcnde par\u00e7alar\u0131n birle\u015ftirilmesinde kullan\u0131lan","robots":{"index":"index","follow":"follow","max-snippet":"max-snippet:-1","max-image-preview":"max-image-preview:large","max-video-preview":"max-video-preview:-1"},"canonical":"https:\/\/ahmmetalaksesuar.com\/ru\/urunlerimiz\/rivetler\/","og_locale":"ru_RU","og_type":"article","og_title":"Rivetler - Ahm Metal Aksesuar","og_description":"Rivetler kafa ve bacak olmak \u00fczere iki par\u00e7adan olu\u015fan ayakkab\u0131, \u00e7anta, kemer ve tekstil sekt\u00f6r\u00fcnde par\u00e7alar\u0131n birle\u015ftirilmesinde kullan\u0131lan","og_url":"https:\/\/ahmmetalaksesuar.com\/ru\/urunlerimiz\/rivetler\/","og_site_name":"Ahm Metal Aksesuar","article_modified_time":"2022-09-06T15:15:25+00:00","twitter_card":"summary_large_image","twitter_misc":{"\u041f\u0440\u0438\u043c\u0435\u0440\u043d\u043e\u0435 \u0432\u0440\u0435\u043c\u044f \u0434\u043b\u044f \u0447\u0442\u0435\u043d\u0438\u044f":"1 \u043c\u0438\u043d\u0443\u0442\u0430"},"schema":{"@context":"https:\/\/schema.org","@graph":[{"@type":"WebPage","@id":"https:\/\/ahmmetalaksesuar.com\/urunlerimiz\/rivetler\/","url":"https:\/\/ahmmetalaksesuar.com\/urunlerimiz\/rivetler\/","name":"Rivetler - Ahm Metal Aksesuar","isPartOf":{"@id":"https:\/\/ahmmetalaksesuar.com\/#website"},"datePublished":"2022-08-29T10:04:42+00:00","dateModified":"2022-09-06T15:15:25+00:00","description":"Rivetler kafa ve bacak olmak \u00fczere iki par\u00e7adan olu\u015fan ayakkab\u0131, \u00e7anta, kemer ve tekstil sekt\u00f6r\u00fcnde par\u00e7alar\u0131n birle\u015ftirilmesinde kullan\u0131lan","breadcrumb":{"@id":"https:\/\/ahmmetalaksesuar.com\/urunlerimiz\/rivetler\/#breadcrumb"},"inLanguage":"ru-RU","potentialAction":[{"@type":"ReadAction","target":["https:\/\/ahmmetalaksesuar.com\/urunlerimiz\/rivetler\/"]}]},{"@type":"BreadcrumbList","@id":"https:\/\/ahmmetalaksesuar.com\/urunlerimiz\/rivetler\/#breadcrumb","itemListElement":[{"@type":"ListItem","position":1,"name":"Anasayfa","item":"https:\/\/ahmmetalaksesuar.com\/"},{"@type":"ListItem","position":2,"name":"\u00dcr\u00fcnlerimiz","item":"https:\/\/ahmmetalaksesuar.com\/urunlerimiz\/"},{"@type":"ListItem","position":3,"name":"Rivetler"}]},{"@type":"WebSite","@id":"https:\/\/ahmmetalaksesuar.com\/#website","url":"https:\/\/ahmmetalaksesuar.com\/","name":"Ahm Metal Aksesuar","description":"","publisher":{"@id":"https:\/\/ahmmetalaksesuar.com\/#organization"},"potentialAction":[{"@type":"SearchAction","target":{"@type":"EntryPoint","urlTemplate":"https:\/\/ahmmetalaksesuar.com\/?s={search_term_string}"},"query-input":{"@type":"PropertyValueSpecification","valueRequired":true,"valueName":"search_term_string"}}],"inLanguage":"ru-RU"},{"@type":"Organization","@id":"https:\/\/ahmmetalaksesuar.com\/#organization","name":"Ahm Metal Aksesuar","url":"https:\/\/ahmmetalaksesuar.com\/","logo":{"@type":"ImageObject","inLanguage":"ru-RU","@id":"https:\/\/ahmmetalaksesuar.com\/#\/schema\/logo\/image\/","url":"https:\/\/ahmmetalaksesuar.com\/wp-content\/uploads\/2022\/08\/logo.png","contentUrl":"https:\/\/ahmmetalaksesuar.com\/wp-content\/uploads\/2022\/08\/logo.png","width":209,"height":110,"caption":"Ahm Metal Aksesuar"},"image":{"@id":"https:\/\/ahmmetalaksesuar.com\/#\/schema\/logo\/image\/"}}]}},"_links":{"self":[{"href":"https:\/\/ahmmetalaksesuar.com\/ru\/wp-json\/wp\/v2\/pages\/4660","targetHints":{"allow":["GET"]}}],"collection":[{"href":"https:\/\/ahmmetalaksesuar.com\/ru\/wp-json\/wp\/v2\/pages"}],"about":[{"href":"https:\/\/ahmmetalaksesuar.com\/ru\/wp-json\/wp\/v2\/types\/page"}],"author":[{"embeddable":true,"href":"https:\/\/ahmmetalaksesuar.com\/ru\/wp-json\/wp\/v2\/users\/1"}],"replies":[{"embeddable":true,"href":"https:\/\/ahmmetalaksesuar.com\/ru\/wp-json\/wp\/v2\/comments?post=4660"}],"version-history":[{"count":18,"href":"https:\/\/ahmmetalaksesuar.com\/ru\/wp-json\/wp\/v2\/pages\/4660\/revisions"}],"predecessor-version":[{"id":5610,"href":"https:\/\/ahmmetalaksesuar.com\/ru\/wp-json\/wp\/v2\/pages\/4660\/revisions\/5610"}],"up":[{"embeddable":true,"href":"https:\/\/ahmmetalaksesuar.com\/ru\/wp-json\/wp\/v2\/pages\/2901"}],"wp:attachment":[{"href":"https:\/\/ahmmetalaksesuar.com\/ru\/wp-json\/wp\/v2\/media?parent=4660"}],"curies":[{"name":"wp","href":"https:\/\/api.w.org\/{rel}","templated":true}]}}