{"id":3340,"date":"2020-06-30T12:57:42","date_gmt":"2020-06-30T09:57:42","guid":{"rendered":"https:\/\/ahmmetalaksesuar.com\/?page_id=3340"},"modified":"2022-09-02T18:39:50","modified_gmt":"2022-09-02T15:39:50","slug":"kurumsal","status":"publish","type":"page","link":"https:\/\/ahmmetalaksesuar.com\/ru\/kurumsal\/","title":{"rendered":"\u0438\u043d\u0441\u0442\u0438\u0442\u0443\u0446\u0438\u043e\u043d\u0430\u043b\u044c\u043d\u044b\u0439"},"content":{"rendered":"<div class=\"vc_row wpb_row vc_row-fluid la_fp_slide la_fp_child_section\"><div class=\"wpb_column vc_column_container vc_col-sm-12\"><div class=\"vc_column-inner\"><div class=\"wpb_wrapper\"><div id=\"la_heading_69e0b4f45ad6d\" class=\"la-headings text-left\"><h4 class=\"js-el heading-tag la-unit-responsive\" style=\"\" >\u043e \u043d\u0430\u0441<\/h4><\/div>\n<div class=\"vc_separator wpb_content_element vc_separator_align_center vc_sep_width_100 vc_sep_pos_align_center vc_separator_no_text vc_sep_color_grey\" ><span class=\"vc_sep_holder vc_sep_holder_l\"><span  class=\"vc_sep_line\"><\/span><\/span><span class=\"vc_sep_holder vc_sep_holder_r\"><span  class=\"vc_sep_line\"><\/span><\/span>\n<\/div><div id=\"la_divider69e0b4f45b365\" class=\"js-el la-divider la-unit-responsive\" data-la_component=\"UnitResponsive\"  data-el_target='#la_divider69e0b4f45b365'  data-el_media_sizes='{&quot;padding-top&quot;:&quot;lg:10px;&quot;}' ><\/div>\n\n\t<div class=\"wpb_text_column wpb_content_element\" >\n\t\t<div class=\"wpb_wrapper\">\n\t\t\t<div class=\"h5\"><span class=\"light\">\u041a\u043e\u043c\u043f\u0430\u043d\u0438\u044f AHM METAL ACCESSORIES \u0431\u044b\u043b\u0430 \u043e\u0441\u043d\u043e\u0432\u0430\u043d\u0430 \u0432 2005 \u0433\u043e\u0434\u0443 \u0432 \u0421\u0442\u0430\u043c\u0431\u0443\u043b\u0435. \u041d\u0430\u0448\u0430 \u043a\u043e\u043c\u043f\u0430\u043d\u0438\u044f, \u0440\u0430\u0441\u043f\u043e\u043b\u043e\u0436\u0435\u043d\u043d\u0430\u044f \u0432 \u0130kitelli OSB, \u043f\u0440\u0435\u0434\u043e\u0441\u0442\u0430\u0432\u043b\u044f\u0435\u0442 \u0441\u0432\u043e\u0438\u043c \u043a\u043b\u0438\u0435\u043d\u0442\u0430\u043c \u0440\u0430\u0437\u043b\u0438\u0447\u043d\u044b\u0435 \u043c\u0435\u0442\u0430\u043b\u043b\u0438\u0447\u0435\u0441\u043a\u0438\u0435 \u0430\u043a\u0441\u0435\u0441\u0441\u0443\u0430\u0440\u044b, \u0442\u0430\u043a\u0438\u0435 \u043a\u0430\u043a \u043b\u044e\u0432\u0435\u0440\u0441\u044b, \u043a\u0440\u044e\u0447\u043a\u0438, \u0437\u0430\u043a\u043b\u0435\u043f\u043a\u0438, \u043a\u043d\u043e\u043f\u043a\u0438, \u0437\u0430\u043a\u043b\u0435\u043f\u043a\u0438, \u0432 \u043e\u0431\u0443\u0432\u043d\u043e\u043c, \u0442\u0435\u043a\u0441\u0442\u0438\u043b\u044c\u043d\u043e\u043c, \u0433\u043e\u0442\u043e\u0432\u043e\u043c \u043a \u0443\u043f\u043e\u0442\u0440\u0435\u0431\u043b\u0435\u043d\u0438\u044e, \u043a\u0430\u043d\u0446\u0435\u043b\u044f\u0440\u0441\u043a\u043e\u043c, \u044d\u043b\u0435\u043a\u0442\u0440\u0438\u0447\u0435\u0441\u043a\u043e\u043c, \u0441\u0443\u043c\u043e\u0447\u043d\u043e\u043c \u0438 \u0440\u0435\u043c\u0435\u043d\u043d\u043e\u043c \u0441\u0435\u043a\u0442\u043e\u0440\u0430\u0445.<\/span><\/div>\n<div class=\"h5\"><\/div>\n<div class=\"h5\"><span class=\"light\">\u041d\u0430\u0448\u0430 \u043a\u043e\u043c\u043f\u0430\u043d\u0438\u044f, \u043a\u043e\u0442\u043e\u0440\u0430\u044f \u043f\u0440\u043e\u0438\u0437\u0432\u043e\u0434\u0438\u0442 \u0432\u0441\u0435 \u043f\u0440\u043e\u0438\u0437\u0432\u043e\u0434\u0441\u0442\u0432\u0435\u043d\u043d\u044b\u0435 \u0444\u043e\u0440\u043c\u044b \u0432 \u0441\u0432\u043e\u0435\u0439 \u0441\u043e\u0431\u0441\u0442\u0432\u0435\u043d\u043d\u043e\u0439 \u0441\u0442\u0440\u0443\u043a\u0442\u0443\u0440\u0435, \u0441\u0442\u0440\u0435\u043c\u0438\u0442\u0441\u044f \u043f\u0440\u043e\u0438\u0437\u0432\u043e\u0434\u0438\u0442\u044c \u043a\u0430\u0447\u0435\u0441\u0442\u0432\u0435\u043d\u043d\u0443\u044e \u043f\u0440\u043e\u0434\u0443\u043a\u0446\u0438\u044e \u0441 \u0432\u0430\u0440\u0438\u0430\u043d\u0442\u0430\u043c\u0438 \u0434\u0438\u0437\u0430\u0439\u043d\u0430, \u043f\u043e\u0434\u0445\u043e\u0434\u044f\u0449\u0438\u043c\u0438 \u0434\u043b\u044f \u0432\u043a\u0443\u0441\u0430 \u043a\u043b\u0438\u0435\u043d\u0442\u0430, \u0438 \u043f\u0440\u0435\u0434\u043e\u0441\u0442\u0430\u0432\u043b\u044f\u0442\u044c \u043d\u0430\u0448\u0438\u043c \u043a\u043b\u0438\u0435\u043d\u0442\u0430\u043c \u043b\u0443\u0447\u0448\u0438\u0439 \u0441\u0435\u0440\u0432\u0438\u0441 \u0441 \u043f\u043e\u043c\u043e\u0449\u044c\u044e \u043d\u0430\u0448\u0438\u0445 \u0444\u043e\u0440\u043c \u0434\u043b\u044f \u043a\u0440\u0435\u043f\u043b\u0435\u043d\u0438\u044f \u0441 \u043f\u0440\u043e\u0443\u0448\u0438\u043d\u043e\u0439. \u041d\u0430\u0448\u0438\u043c \u0433\u043b\u0430\u0432\u043d\u044b\u043c \u043f\u0440\u0438\u043d\u0446\u0438\u043f\u043e\u043c \u044f\u0432\u043b\u044f\u0435\u0442\u0441\u044f \u043f\u0440\u0435\u0434\u043b\u043e\u0436\u0435\u043d\u0438\u0435 \u0440\u0430\u0437\u0443\u043c\u043d\u044b\u0445 \u0446\u0435\u043d\u043e\u0432\u044b\u0445 \u0432\u0430\u0440\u0438\u0430\u043d\u0442\u043e\u0432.<\/span><\/div>\n\n\t\t<\/div>\n\t<\/div>\n<div id=\"la_divider69e0b4f45b732\" class=\"js-el la-divider la-unit-responsive\" data-la_component=\"UnitResponsive\"  data-el_target='#la_divider69e0b4f45b732'  data-el_media_sizes='{&quot;padding-top&quot;:&quot;lg:60px;&quot;}' ><\/div>\n<\/div><\/div><\/div><\/div><div id=\"row_1\" data-vc-full-width=\"true\" data-vc-full-width-init=\"false\" data-vc-stretch-content=\"true\" class=\"vc_row wpb_row vc_row-fluid vc_row-o-equal-height vc_row-o-content-middle vc_row-flex la_fp_slide la_fp_child_section\"><div class=\"wpb_column vc_column_container vc_col-sm-6 vc_col-has-fill\"><div class=\"vc_column-inner vc_custom_1661765346139\"><div class=\"wpb_wrapper\"><div id=\"la_divider69e0b4f45bcc7\" class=\"js-el la-divider la-unit-responsive\" data-la_component=\"UnitResponsive\"  data-el_target='#la_divider69e0b4f45bcc7'  data-el_media_sizes='{&quot;padding-top&quot;:&quot;xlg:600px;lg:500px;&quot;}' ><\/div>\n<\/div><\/div><\/div><div class=\"last-column wpb_column vc_column_container vc_col-sm-6\"><div class=\"vc_column-inner\"><div class=\"wpb_wrapper\"><div id=\"la_divider69e0b4f45bfde\" class=\"js-el la-divider la-unit-responsive\" data-la_component=\"UnitResponsive\"  data-el_target='#la_divider69e0b4f45bfde'  data-el_media_sizes='{&quot;padding-top&quot;:&quot;lg:50px;&quot;}' ><\/div>\n<div id=\"la_heading_69e0b4f45c1dd\" class=\"la-headings text-left\"><h2 class=\"js-el heading-tag la-unit-responsive\" style=\"\"  data-la_component=\"UnitResponsive\"  data-el_target='#la_heading_69e0b4f45c1dd .heading-tag'  data-el_media_sizes='{&quot;font-size&quot;:&quot;lg:25px;&quot;,&quot;line-height&quot;:&quot;&quot;}' >\u041d\u0430\u0448\u0438 \u0446\u0435\u043b\u0438<\/h2><div class=\"js-el subheading-tag la-unit-responsive padding-top-10\" style=\"color:#000000\"  data-la_component=\"UnitResponsive\"  data-el_target='#la_heading_69e0b4f45c1dd .subheading-tag'  data-el_media_sizes='{&quot;font-size&quot;:&quot;lg:20px;&quot;,&quot;line-height&quot;:&quot;lg:35px;&quot;}' ><p><span class=\"light\">\u041d\u0430\u0448\u0435\u0439 \u0433\u043b\u0430\u0432\u043d\u043e\u0439 \u0446\u0435\u043b\u044c\u044e \u044f\u0432\u043b\u044f\u0435\u0442\u0441\u044f \u0443\u0434\u043e\u0432\u043b\u0435\u0442\u0432\u043e\u0440\u0435\u043d\u0438\u0435 \u043f\u043e\u0442\u0440\u0435\u0431\u043d\u043e\u0441\u0442\u0435\u0439 \u0438 \u043e\u0436\u0438\u0434\u0430\u043d\u0438\u0439 \u043d\u0430\u0448\u0438\u0445 \u043a\u043b\u0438\u0435\u043d\u0442\u043e\u0432 \u0431\u043e\u043b\u0435\u0435 \u043a\u0430\u0447\u0435\u0441\u0442\u0432\u0435\u043d\u043d\u044b\u043c \u043e\u0431\u0441\u043b\u0443\u0436\u0438\u0432\u0430\u043d\u0438\u0435\u043c, \u0447\u0435\u043c \u043e\u043d\u0438 \u043e\u0436\u0438\u0434\u0430\u044e\u0442. \u041c\u044b \u0432\u0435\u0440\u0438\u043c \u0432 \u043a\u043e\u043c\u0430\u043d\u0434\u043d\u044b\u0439 \u0434\u0443\u0445.\u041c\u044b \u043f\u0440\u043e\u0444\u0435\u0441\u0441\u0438\u043e\u043d\u0430\u043b\u044c\u043d\u043e \u0443\u043f\u0440\u0430\u0432\u043b\u044f\u0435\u043c\u0430\u044f \u0441\u0435\u043c\u0435\u0439\u043d\u0430\u044f \u043a\u043e\u043c\u043f\u0430\u043d\u0438\u044f, \u0438 \u043c\u044b \u0441\u0447\u0438\u0442\u0430\u0435\u043c, \u0447\u0442\u043e \u044d\u0442\u043e \u043e\u0434\u043d\u043e \u0438\u0437 \u0431\u043e\u043b\u044c\u0448\u0438\u0445 \u0434\u043e\u0441\u0442\u0438\u0436\u0435\u043d\u0438\u0439 \u043d\u0430\u0448\u0435\u0439 \u043a\u043e\u043c\u043f\u0430\u043d\u0438\u0438.<br \/>\n<\/span><\/p>\n<div id=\"gtx-trans\" style=\"position: absolute; left: 89px; top: 29px;\">\n<div class=\"gtx-trans-icon\"><\/div>\n<\/div>\n<\/div><\/div>\n<div id=\"la_divider69e0b4f45c366\" class=\"js-el la-divider la-unit-responsive\" data-la_component=\"UnitResponsive\"  data-el_target='#la_divider69e0b4f45c366'  data-el_media_sizes='{&quot;padding-top&quot;:&quot;lg:50px;&quot;}' ><\/div>\n<\/div><\/div><\/div><\/div><div class=\"vc_row-full-width vc_clearfix\"><\/div><div id=\"row_2\" data-vc-full-width=\"true\" data-vc-full-width-init=\"false\" data-vc-stretch-content=\"true\" class=\"vc_row wpb_row vc_row-fluid vc_row-o-equal-height vc_row-o-content-middle vc_row-flex la_fp_slide la_fp_child_section\"><div class=\"vc_col-sm-push-6 wpb_column vc_column_container vc_col-sm-6 vc_col-has-fill\"><div class=\"vc_column-inner vc_custom_1661765358261\"><div class=\"wpb_wrapper\"><div id=\"la_divider69e0b4f45c864\" class=\"js-el la-divider la-unit-responsive\" data-la_component=\"UnitResponsive\"  data-el_target='#la_divider69e0b4f45c864'  data-el_media_sizes='{&quot;padding-top&quot;:&quot;xlg:600px;lg:500px;&quot;}' ><\/div>\n<\/div><\/div><\/div><div class=\"vc_col-sm-pull-6 last-column wpb_column vc_column_container vc_col-sm-6\"><div class=\"vc_column-inner\"><div class=\"wpb_wrapper\"><div id=\"la_divider69e0b4f45cb5c\" class=\"js-el la-divider la-unit-responsive\" data-la_component=\"UnitResponsive\"  data-el_target='#la_divider69e0b4f45cb5c'  data-el_media_sizes='{&quot;padding-top&quot;:&quot;lg:50px;&quot;}' ><\/div>\n<div id=\"la_heading_69e0b4f45cd5e\" class=\"la-headings text-left\"><h2 class=\"js-el heading-tag la-unit-responsive\" style=\"\"  data-la_component=\"UnitResponsive\"  data-el_target='#la_heading_69e0b4f45cd5e .heading-tag'  data-el_media_sizes='{&quot;font-size&quot;:&quot;lg:25px;&quot;,&quot;line-height&quot;:&quot;&quot;}' >\u041d\u0430\u0448\u0430 \u043c\u0438\u0441\u0441\u0438\u044f<\/h2><div class=\"js-el subheading-tag la-unit-responsive padding-top-10\" style=\"color:#000000\"  data-la_component=\"UnitResponsive\"  data-el_target='#la_heading_69e0b4f45cd5e .subheading-tag'  data-el_media_sizes='{&quot;font-size&quot;:&quot;lg:20px;&quot;,&quot;line-height&quot;:&quot;lg:35px;&quot;}' ><p><span class=\"light\">\u0414\u043b\u044f \u043d\u0430\u0448\u0438\u0445 \u043a\u043b\u0438\u0435\u043d\u0442\u043e\u0432, \u0441\u043e \u0432\u0441\u0435\u043c\u0438 \u043d\u0430\u0448\u0438\u043c\u0438 \u043f\u0440\u043e\u0434\u0443\u043a\u0442\u0430\u043c\u0438, \u043a\u0430\u0447\u0435\u0441\u0442\u0432\u043e \u043a\u043e\u0442\u043e\u0440\u044b\u0445 \u043f\u0440\u0438\u043d\u044f\u0442\u043e; \u041f\u0440\u0435\u0434\u043b\u0430\u0433\u0430\u0442\u044c \u043f\u0440\u043e\u0434\u0443\u043a\u0442 \u0441\u0430\u043c\u043e\u0433\u043e \u0432\u044b\u0441\u043e\u043a\u043e\u0433\u043e \u043a\u0430\u0447\u0435\u0441\u0442\u0432\u0430 \u0441 \u0438\u043d\u043d\u043e\u0432\u0430\u0446\u0438\u043e\u043d\u043d\u044b\u043c\u0438 \u0438 \u043d\u0430\u0434\u0435\u0436\u043d\u044b\u043c\u0438 \u043f\u043e\u0434\u0445\u043e\u0434\u0430\u043c\u0438 \u0432 \u044d\u0442\u043e\u043c \u0441\u0435\u043a\u0442\u043e\u0440\u0435. \u041e\u0441\u043e\u0437\u043d\u0430\u0432\u0430\u044f \u043d\u0435\u043e\u0431\u0445\u043e\u0434\u0438\u043c\u043e\u0441\u0442\u044c \u043a\u043e\u043d\u043a\u0443\u0440\u0435\u043d\u0446\u0438\u0438 \u0432 \u0441\u0432\u043e\u0435\u043c \u0441\u0435\u043a\u0442\u043e\u0440\u0435 \u0438 \u043a\u0430\u0447\u0435\u0441\u0442\u0432\u0430 \u043e\u0431\u0441\u043b\u0443\u0436\u0438\u0432\u0430\u043d\u0438\u044f, \u043e\u043d\u0430 \u0441\u0447\u0438\u0442\u0430\u0435\u0442, \u0447\u0442\u043e \u043a\u043e\u043d\u043a\u0443\u0440\u0435\u043d\u0446\u0438\u044f \u0431\u0443\u0434\u0435\u0442 \u0441\u043f\u043e\u0441\u043e\u0431\u0441\u0442\u0432\u043e\u0432\u0430\u0442\u044c \u044d\u043a\u043e\u043d\u043e\u043c\u0438\u043a\u0435 \u0441\u0442\u0440\u0430\u043d\u044b \u0438 \u0440\u0430\u0437\u0432\u0438\u0442\u0438\u044e \u0447\u0435\u043b\u043e\u0432\u0435\u0447\u0435\u0441\u0442\u0432\u0430.<\/span><\/p>\n<p>&nbsp;<\/p>\n<div id=\"gtx-trans\" style=\"position: absolute; left: 89px; top: 29px;\">\n<div class=\"gtx-trans-icon\"><\/div>\n<\/div>\n<\/div><\/div>\n<div id=\"la_divider69e0b4f45ceea\" class=\"js-el la-divider la-unit-responsive\" data-la_component=\"UnitResponsive\"  data-el_target='#la_divider69e0b4f45ceea'  data-el_media_sizes='{&quot;padding-top&quot;:&quot;lg:50px;&quot;}' ><\/div>\n<\/div><\/div><\/div><\/div><div class=\"vc_row-full-width vc_clearfix\"><\/div>","protected":false},"excerpt":{"rendered":"Hakk\u0131m\u0131zda AHM METAL AKSESUAR 2005 y\u0131l\u0131nda \u0130stanbul'da kuruldu. \u0130kitelli O.S.B adresindeki firmam\u0131z ayakkab\u0131, tekstil, haz\u0131r giyim, k\u0131rtasiye, elektrik, \u00e7anta, kemer sekt\u00f6r\u00fcndeki m\u00fc\u015fterilerine ku\u015fg\u00f6z\u00fc, kanca, rivet, \u00e7\u0131t\u00e7\u0131t, per\u00e7in gibi \u00e7e\u015fitli metal aksesuar hizmetleri sunmakt\u0131r. B\u00fct\u00fcn imalat kal\u0131plar\u0131n\u0131 kendi b\u00fcnyesinde yapan firmam\u0131z m\u00fc\u015fteri be\u011fenisine uygun tasar\u0131m se\u00e7enekleriyle kaliteli \u00fcretim yapmak ve ku\u015fg\u00f6z\u00fc \u00e7akma kal\u0131plar\u0131m\u0131zla m\u00fc\u015fterilerimize daha iyi hizmet vermeyi hedeflemektir. Uygun fiyat&hellip;","protected":false},"author":1,"featured_media":0,"parent":0,"menu_order":0,"comment_status":"closed","ping_status":"closed","template":"","meta":{"footnotes":""},"class_list":["post-3340","page","type-page","status-publish","hentry"],"yoast_head":"<!-- This site is optimized with the Yoast SEO plugin v27.4 - https:\/\/yoast.com\/product\/yoast-seo-wordpress\/ -->\n<title>Kurumsal - Ahm Metal Aksesuar<\/title>\n<meta name=\"description\" content=\"AHM METAL AKSESUAR 2005 y\u0131l\u0131nda \u0130stanbul\u2019da kuruldu. \u0130kitelli O.S.B adresindeki firmam\u0131z ayakkab\u0131, tekstil, haz\u0131r giyim, k\u0131rtasiye, elektrik\" \/>\n<meta name=\"robots\" content=\"index, follow, max-snippet:-1, max-image-preview:large, max-video-preview:-1\" \/>\n<link rel=\"canonical\" href=\"https:\/\/ahmmetalaksesuar.com\/ru\/kurumsal\/\" \/>\n<meta property=\"og:locale\" content=\"ru_RU\" \/>\n<meta property=\"og:type\" content=\"article\" \/>\n<meta property=\"og:title\" content=\"Kurumsal - Ahm Metal Aksesuar\" \/>\n<meta property=\"og:description\" content=\"AHM METAL AKSESUAR 2005 y\u0131l\u0131nda \u0130stanbul\u2019da kuruldu. \u0130kitelli O.S.B adresindeki firmam\u0131z ayakkab\u0131, tekstil, haz\u0131r giyim, k\u0131rtasiye, elektrik\" \/>\n<meta property=\"og:url\" content=\"https:\/\/ahmmetalaksesuar.com\/ru\/kurumsal\/\" \/>\n<meta property=\"og:site_name\" content=\"Ahm Metal Aksesuar\" \/>\n<meta property=\"article:modified_time\" content=\"2022-09-02T15:39:50+00:00\" \/>\n<meta name=\"twitter:card\" content=\"summary_large_image\" \/>\n<meta name=\"twitter:label1\" content=\"\u041f\u0440\u0438\u043c\u0435\u0440\u043d\u043e\u0435 \u0432\u0440\u0435\u043c\u044f \u0434\u043b\u044f \u0447\u0442\u0435\u043d\u0438\u044f\" \/>\n\t<meta name=\"twitter:data1\" content=\"2 \u043c\u0438\u043d\u0443\u0442\u044b\" \/>\n<script type=\"application\/ld+json\" class=\"yoast-schema-graph\">{\"@context\":\"https:\\\/\\\/schema.org\",\"@graph\":[{\"@type\":\"WebPage\",\"@id\":\"https:\\\/\\\/ahmmetalaksesuar.com\\\/kurumsal\\\/\",\"url\":\"https:\\\/\\\/ahmmetalaksesuar.com\\\/kurumsal\\\/\",\"name\":\"Kurumsal - Ahm Metal Aksesuar\",\"isPartOf\":{\"@id\":\"https:\\\/\\\/ahmmetalaksesuar.com\\\/#website\"},\"datePublished\":\"2020-06-30T09:57:42+00:00\",\"dateModified\":\"2022-09-02T15:39:50+00:00\",\"description\":\"AHM METAL AKSESUAR 2005 y\u0131l\u0131nda \u0130stanbul\u2019da kuruldu. \u0130kitelli O.S.B adresindeki firmam\u0131z ayakkab\u0131, tekstil, haz\u0131r giyim, k\u0131rtasiye, elektrik\",\"breadcrumb\":{\"@id\":\"https:\\\/\\\/ahmmetalaksesuar.com\\\/kurumsal\\\/#breadcrumb\"},\"inLanguage\":\"ru-RU\",\"potentialAction\":[{\"@type\":\"ReadAction\",\"target\":[\"https:\\\/\\\/ahmmetalaksesuar.com\\\/kurumsal\\\/\"]}]},{\"@type\":\"BreadcrumbList\",\"@id\":\"https:\\\/\\\/ahmmetalaksesuar.com\\\/kurumsal\\\/#breadcrumb\",\"itemListElement\":[{\"@type\":\"ListItem\",\"position\":1,\"name\":\"Anasayfa\",\"item\":\"https:\\\/\\\/ahmmetalaksesuar.com\\\/\"},{\"@type\":\"ListItem\",\"position\":2,\"name\":\"Kurumsal\"}]},{\"@type\":\"WebSite\",\"@id\":\"https:\\\/\\\/ahmmetalaksesuar.com\\\/#website\",\"url\":\"https:\\\/\\\/ahmmetalaksesuar.com\\\/\",\"name\":\"Ahm Metal Aksesuar\",\"description\":\"\",\"publisher\":{\"@id\":\"https:\\\/\\\/ahmmetalaksesuar.com\\\/#organization\"},\"potentialAction\":[{\"@type\":\"SearchAction\",\"target\":{\"@type\":\"EntryPoint\",\"urlTemplate\":\"https:\\\/\\\/ahmmetalaksesuar.com\\\/?s={search_term_string}\"},\"query-input\":{\"@type\":\"PropertyValueSpecification\",\"valueRequired\":true,\"valueName\":\"search_term_string\"}}],\"inLanguage\":\"ru-RU\"},{\"@type\":\"Organization\",\"@id\":\"https:\\\/\\\/ahmmetalaksesuar.com\\\/#organization\",\"name\":\"Ahm Metal Aksesuar\",\"url\":\"https:\\\/\\\/ahmmetalaksesuar.com\\\/\",\"logo\":{\"@type\":\"ImageObject\",\"inLanguage\":\"ru-RU\",\"@id\":\"https:\\\/\\\/ahmmetalaksesuar.com\\\/#\\\/schema\\\/logo\\\/image\\\/\",\"url\":\"https:\\\/\\\/ahmmetalaksesuar.com\\\/wp-content\\\/uploads\\\/2022\\\/08\\\/logo.png\",\"contentUrl\":\"https:\\\/\\\/ahmmetalaksesuar.com\\\/wp-content\\\/uploads\\\/2022\\\/08\\\/logo.png\",\"width\":209,\"height\":110,\"caption\":\"Ahm Metal Aksesuar\"},\"image\":{\"@id\":\"https:\\\/\\\/ahmmetalaksesuar.com\\\/#\\\/schema\\\/logo\\\/image\\\/\"}}]}<\/script>\n<!-- \/ Yoast SEO plugin. -->","yoast_head_json":{"title":"Kurumsal - Ahm Metal Aksesuar","description":"AHM METAL AKSESUAR 2005 y\u0131l\u0131nda \u0130stanbul\u2019da kuruldu. \u0130kitelli O.S.B adresindeki firmam\u0131z ayakkab\u0131, tekstil, haz\u0131r giyim, k\u0131rtasiye, elektrik","robots":{"index":"index","follow":"follow","max-snippet":"max-snippet:-1","max-image-preview":"max-image-preview:large","max-video-preview":"max-video-preview:-1"},"canonical":"https:\/\/ahmmetalaksesuar.com\/ru\/kurumsal\/","og_locale":"ru_RU","og_type":"article","og_title":"Kurumsal - Ahm Metal Aksesuar","og_description":"AHM METAL AKSESUAR 2005 y\u0131l\u0131nda \u0130stanbul\u2019da kuruldu. \u0130kitelli O.S.B adresindeki firmam\u0131z ayakkab\u0131, tekstil, haz\u0131r giyim, k\u0131rtasiye, elektrik","og_url":"https:\/\/ahmmetalaksesuar.com\/ru\/kurumsal\/","og_site_name":"Ahm Metal Aksesuar","article_modified_time":"2022-09-02T15:39:50+00:00","twitter_card":"summary_large_image","twitter_misc":{"\u041f\u0440\u0438\u043c\u0435\u0440\u043d\u043e\u0435 \u0432\u0440\u0435\u043c\u044f \u0434\u043b\u044f \u0447\u0442\u0435\u043d\u0438\u044f":"2 \u043c\u0438\u043d\u0443\u0442\u044b"},"schema":{"@context":"https:\/\/schema.org","@graph":[{"@type":"WebPage","@id":"https:\/\/ahmmetalaksesuar.com\/kurumsal\/","url":"https:\/\/ahmmetalaksesuar.com\/kurumsal\/","name":"Kurumsal - Ahm Metal Aksesuar","isPartOf":{"@id":"https:\/\/ahmmetalaksesuar.com\/#website"},"datePublished":"2020-06-30T09:57:42+00:00","dateModified":"2022-09-02T15:39:50+00:00","description":"AHM METAL AKSESUAR 2005 y\u0131l\u0131nda \u0130stanbul\u2019da kuruldu. \u0130kitelli O.S.B adresindeki firmam\u0131z ayakkab\u0131, tekstil, haz\u0131r giyim, k\u0131rtasiye, elektrik","breadcrumb":{"@id":"https:\/\/ahmmetalaksesuar.com\/kurumsal\/#breadcrumb"},"inLanguage":"ru-RU","potentialAction":[{"@type":"ReadAction","target":["https:\/\/ahmmetalaksesuar.com\/kurumsal\/"]}]},{"@type":"BreadcrumbList","@id":"https:\/\/ahmmetalaksesuar.com\/kurumsal\/#breadcrumb","itemListElement":[{"@type":"ListItem","position":1,"name":"Anasayfa","item":"https:\/\/ahmmetalaksesuar.com\/"},{"@type":"ListItem","position":2,"name":"Kurumsal"}]},{"@type":"WebSite","@id":"https:\/\/ahmmetalaksesuar.com\/#website","url":"https:\/\/ahmmetalaksesuar.com\/","name":"Ahm Metal Aksesuar","description":"","publisher":{"@id":"https:\/\/ahmmetalaksesuar.com\/#organization"},"potentialAction":[{"@type":"SearchAction","target":{"@type":"EntryPoint","urlTemplate":"https:\/\/ahmmetalaksesuar.com\/?s={search_term_string}"},"query-input":{"@type":"PropertyValueSpecification","valueRequired":true,"valueName":"search_term_string"}}],"inLanguage":"ru-RU"},{"@type":"Organization","@id":"https:\/\/ahmmetalaksesuar.com\/#organization","name":"Ahm Metal Aksesuar","url":"https:\/\/ahmmetalaksesuar.com\/","logo":{"@type":"ImageObject","inLanguage":"ru-RU","@id":"https:\/\/ahmmetalaksesuar.com\/#\/schema\/logo\/image\/","url":"https:\/\/ahmmetalaksesuar.com\/wp-content\/uploads\/2022\/08\/logo.png","contentUrl":"https:\/\/ahmmetalaksesuar.com\/wp-content\/uploads\/2022\/08\/logo.png","width":209,"height":110,"caption":"Ahm Metal Aksesuar"},"image":{"@id":"https:\/\/ahmmetalaksesuar.com\/#\/schema\/logo\/image\/"}}]}},"_links":{"self":[{"href":"https:\/\/ahmmetalaksesuar.com\/ru\/wp-json\/wp\/v2\/pages\/3340","targetHints":{"allow":["GET"]}}],"collection":[{"href":"https:\/\/ahmmetalaksesuar.com\/ru\/wp-json\/wp\/v2\/pages"}],"about":[{"href":"https:\/\/ahmmetalaksesuar.com\/ru\/wp-json\/wp\/v2\/types\/page"}],"author":[{"embeddable":true,"href":"https:\/\/ahmmetalaksesuar.com\/ru\/wp-json\/wp\/v2\/users\/1"}],"replies":[{"embeddable":true,"href":"https:\/\/ahmmetalaksesuar.com\/ru\/wp-json\/wp\/v2\/comments?post=3340"}],"version-history":[{"count":37,"href":"https:\/\/ahmmetalaksesuar.com\/ru\/wp-json\/wp\/v2\/pages\/3340\/revisions"}],"predecessor-version":[{"id":5462,"href":"https:\/\/ahmmetalaksesuar.com\/ru\/wp-json\/wp\/v2\/pages\/3340\/revisions\/5462"}],"wp:attachment":[{"href":"https:\/\/ahmmetalaksesuar.com\/ru\/wp-json\/wp\/v2\/media?parent=3340"}],"curies":[{"name":"wp","href":"https:\/\/api.w.org\/{rel}","templated":true}]}}