{"id":1124,"date":"2017-09-26T05:56:47","date_gmt":"2017-09-25T22:56:47","guid":{"rendered":"http:\/\/pisces.la-studioweb.com\/?page_id=1124"},"modified":"2022-09-06T15:55:29","modified_gmt":"2022-09-06T12:55:29","slug":"iletisim","status":"publish","type":"page","link":"https:\/\/ahmmetalaksesuar.com\/ru\/iletisim\/","title":{"rendered":"\u041a\u043e\u043c\u043c\u0443\u043d\u0438\u043a\u0430\u0446\u0438\u044f"},"content":{"rendered":"<div data-vc-full-width=\"true\" data-vc-full-width-init=\"false\" data-vc-stretch-content=\"true\" class=\"vc_row wpb_row vc_row-fluid vc_row-o-equal-height vc_row-flex la_fp_slide la_fp_child_section\"><div class=\"wpb_column vc_column_container vc_col-sm-6\"><div class=\"vc_column-inner vc_custom_1506379783527\"><div class=\"wpb_wrapper\"><div id=\"la_divider69e0b4f342a6f\" class=\"js-el la-divider la-unit-responsive\" data-la_component=\"UnitResponsive\"  data-el_target='#la_divider69e0b4f342a6f'  data-el_media_sizes='{&quot;padding-top&quot;:&quot;lg:75px;&quot;}' ><\/div>\n\n\t<div class=\"wpb_raw_code wpb_content_element wpb_raw_html\" >\n\t\t<div class=\"wpb_wrapper\">\n\t\t\t<iframe loading=\"lazy\" src=\"https:\/\/www.google.com\/maps\/embed?pb=!1m18!1m12!1m3!1d3007.34530247813!2d28.806464215416256!3d41.083301479293205!2m3!1f0!2f0!3f0!3m2!1i1024!2i768!4f13.1!3m3!1m2!1s0x0%3A0x3f530384d262ff4f!2zNDHCsDA0JzU5LjkiTiAyOMKwNDgnMzEuMiJF!5e0!3m2!1str!2sus!4v1662468859386!5m2!1str!2sus\"  width=\"100%\" height=\"1100px\" frameborder=\"0\" style=\"border:0;border-radius: 0px 300px 300px 0px;box-shadow: 0px 9px 25px #ccc;\" allowfullscreen=\"\" aria-hidden=\"false\" tabindex=\"0\"><\/iframe>\n\n\t\t<\/div>\n\t<\/div>\n<\/div><\/div><\/div><div class=\"column-wrapper--maxwidth--570 wpb_column vc_column_container vc_col-sm-6\"><div class=\"vc_column-inner vc_custom_1506379800896\"><div class=\"wpb_wrapper\"><div id=\"la_divider69e0b4f3431db\" class=\"js-el la-divider la-unit-responsive\" data-la_component=\"UnitResponsive\"  data-el_target='#la_divider69e0b4f3431db'  data-el_media_sizes='{&quot;padding-top&quot;:&quot;lg:65px;&quot;}' ><\/div>\n<div id=\"la_heading_69e0b4f3434ba\" class=\"la-headings text-left\"><h2 class=\"js-el heading-tag la-unit-responsive\" style=\"\"  data-la_component=\"UnitResponsive\"  data-el_target='#la_heading_69e0b4f3434ba .heading-tag'  data-el_media_sizes='{&quot;font-size&quot;:&quot;lg:72px;&quot;,&quot;line-height&quot;:&quot;&quot;}' >Bize Ula\u015f<\/h2><\/div>\n<div id=\"la_divider69e0b4f3436ac\" class=\"js-el la-divider la-unit-responsive\" data-la_component=\"UnitResponsive\"  data-el_target='#la_divider69e0b4f3436ac'  data-el_media_sizes='{&quot;padding-top&quot;:&quot;lg:35px;&quot;}' ><\/div>\n<div class=\"vc_row wpb_row vc_inner vc_row-fluid\"><div class=\"wpb_column vc_column_container vc_col-sm-6\"><div class=\"vc_column-inner vc_custom_1497225305278\"><div class=\"wpb_wrapper\"><span data-la_component=\"loadCSSFile\" class=\"js-el hidden\" data-files=\"[&quot;https:\\\/\\\/ahmmetalaksesuar.com\\\/wp-content\\\/plugins\\\/lastudio-core\\\/assets\\\/css\\\/font-la-icon-outline.min.css&quot;]\"><\/span><div id=\"la_icon_boxes_69e0b4f3441a2\" class=\"la-sc-icon-boxes wpb_content_element icon-type-normal icon-pos-top icon-style-simple text-center\">\n    <div class=\"icon-boxes-inner\"><div class=\"box-icon-top\"><div class=\"box-icon-inner type-icon\"><div class=\"wrap-icon\"><div class=\"box-icon box-icon-style-simple\"><span><i class=\"la-icon ui-2_phone\"><\/i><\/span><\/div><\/div><\/div><\/div><div class=\"box-contents\"><div class=\"js-el la-unit-responsive box-description text-uppercase\" style=\"color:#343538\"  data-la_component=\"UnitResponsive\"  data-el_target='#la_icon_boxes_69e0b4f3441a2 .box-description'  data-el_media_sizes='{&quot;font-size&quot;:&quot;lg:11px;&quot;,&quot;line-height&quot;:&quot;&quot;}' ><h6><span class=\"light\">+90 212 549 26 94 -97<\/span><\/h6>\n<\/div><\/div><\/div>\n<\/div>\n<span data-la_component=\"InsertCustomCSS\" class=\"js-el hidden\">#la_icon_boxes_69e0b4f3441a2.la-sc-icon-boxes .wrap-icon .box-icon span{line-height:30px;font-size:30px;width:30px;height:30px;color:#343538}#la_icon_boxes_69e0b4f3441a2.icon-type-normal:hover .wrap-icon .box-icon span{color:#343538}<\/span>\n<\/div><\/div><\/div><div class=\"wpb_column vc_column_container vc_col-sm-6\"><div class=\"vc_column-inner vc_custom_1497225312601\"><div class=\"wpb_wrapper\"><span data-la_component=\"loadCSSFile\" class=\"js-el hidden\" data-files=\"[&quot;https:\\\/\\\/ahmmetalaksesuar.com\\\/wp-content\\\/plugins\\\/lastudio-core\\\/assets\\\/css\\\/font-la-icon-outline.min.css&quot;]\"><\/span><div id=\"la_icon_boxes_69e0b4f34475d\" class=\"la-sc-icon-boxes wpb_content_element icon-type-normal icon-pos-top icon-style-simple text-center\">\n    <div class=\"icon-boxes-inner\"><div class=\"box-icon-top\"><div class=\"box-icon-inner type-icon\"><div class=\"wrap-icon\"><div class=\"box-icon box-icon-style-simple\"><span><i class=\"la-icon ui-3_phone-call\"><\/i><\/span><\/div><\/div><\/div><\/div><div class=\"box-contents\"><div class=\"js-el la-unit-responsive box-description text-uppercase\" style=\"color:#343538\"  data-la_component=\"UnitResponsive\"  data-el_target='#la_icon_boxes_69e0b4f34475d .box-description'  data-el_media_sizes='{&quot;font-size&quot;:&quot;lg:11px;&quot;,&quot;line-height&quot;:&quot;&quot;}' ><h6><span class=\"light\">+90 537 978 73 43<\/span><\/h6>\n<\/div><\/div><\/div>\n<\/div>\n<span data-la_component=\"InsertCustomCSS\" class=\"js-el hidden\">#la_icon_boxes_69e0b4f34475d.la-sc-icon-boxes .wrap-icon .box-icon span{line-height:30px;font-size:30px;width:30px;height:30px;color:#343538}#la_icon_boxes_69e0b4f34475d.icon-type-normal:hover .wrap-icon .box-icon span{color:#343538}<\/span>\n<\/div><\/div><\/div><\/div><div class=\"vc_row wpb_row vc_inner vc_row-fluid\"><div class=\"wpb_column vc_column_container vc_col-sm-12\"><div class=\"vc_column-inner vc_custom_1497225305278\"><div class=\"wpb_wrapper\"><span data-la_component=\"loadCSSFile\" class=\"js-el hidden\" data-files=\"[&quot;https:\\\/\\\/ahmmetalaksesuar.com\\\/wp-content\\\/plugins\\\/lastudio-core\\\/assets\\\/css\\\/font-la-icon-outline.min.css&quot;]\"><\/span><div id=\"la_icon_boxes_69e0b4f344ee6\" class=\"la-sc-icon-boxes wpb_content_element icon-type-normal icon-pos-top icon-style-simple text-center\">\n    <div class=\"icon-boxes-inner\"><div class=\"box-icon-top\"><div class=\"box-icon-inner type-icon\"><div class=\"wrap-icon\"><div class=\"box-icon box-icon-style-simple\"><span><i class=\"la-icon location_pin\"><\/i><\/span><\/div><\/div><\/div><\/div><div class=\"box-contents\"><div class=\"js-el la-unit-responsive box-description\" style=\"color:#343538\"  data-la_component=\"UnitResponsive\"  data-el_target='#la_icon_boxes_69e0b4f344ee6 .box-description'  data-el_media_sizes='{&quot;font-size&quot;:&quot;lg:11px;&quot;,&quot;line-height&quot;:&quot;&quot;}' ><h6><span class=\"light\">\u0130kitelli Organize Sanayi B\u00f6lgesi Galvano Teknik San. Sit. G-Blok No:21<\/span><\/h6>\n<h6><span class=\"light\">\u0130kitelli &#8211; \u0130stanbul <\/span><\/h6>\n<\/div><\/div><\/div>\n<\/div>\n<span data-la_component=\"InsertCustomCSS\" class=\"js-el hidden\">#la_icon_boxes_69e0b4f344ee6.la-sc-icon-boxes .wrap-icon .box-icon span{line-height:30px;font-size:30px;width:30px;height:30px;color:#343538}#la_icon_boxes_69e0b4f344ee6.icon-type-normal:hover .wrap-icon .box-icon span{color:#343538}<\/span>\n<\/div><\/div><\/div><\/div>\n            <div \n                class=\"elfsight-widget-form-builder elfsight-widget\" \n                data-elfsight-form-builder-options=\"%7B%22ei%22%3A%22%22%2C%22fields%22%3A%5B%7B%22type%22%3A%22text%22%2C%22placeholder%22%3A%22%5Cu0130sim%22%2C%22description%22%3A%22%22%2C%22label%22%3A%22%22%2C%22required%22%3Afalse%2C%22columnWidth%22%3A50%2C%22id%22%3A%22%5B%5D%22%7D%2C%7B%22type%22%3A%22email%22%2C%22label%22%3A%22%22%2C%22description%22%3A%22%22%2C%22placeholder%22%3A%22Mail%22%2C%22required%22%3Atrue%2C%22columnWidth%22%3A50%2C%22id%22%3A%22%5B%5D%22%7D%2C%7B%22type%22%3A%22phone%22%2C%22label%22%3A%22%22%2C%22placeholder%22%3A%22Telefon%22%2C%22description%22%3A%22%22%2C%22required%22%3Afalse%2C%22columnWidth%22%3A50%2C%22id%22%3A%22%5B%5D%22%7D%2C%7B%22type%22%3A%22text%22%2C%22placeholder%22%3A%22Firma%20Ad%5Cu0131%22%2C%22description%22%3A%22%22%2C%22label%22%3A%22%22%2C%22required%22%3Afalse%2C%22columnWidth%22%3A50%2C%22id%22%3A%22%5B%5D%22%7D%2C%7B%22type%22%3A%22textarea%22%2C%22label%22%3A%22%22%2C%22description%22%3A%22%22%2C%22placeholder%22%3A%22Mesaj%5Cu0131n%5Cu0131z%22%2C%22required%22%3Atrue%2C%22columnWidth%22%3A100%2C%22id%22%3A%22%5B%5D%22%7D%5D%2C%22headerActive%22%3Afalse%2C%22headerTitle%22%3A%22Sipari%5Cu015f%20Formu%22%2C%22headerText%22%3A%22Hemen%20sipari%5Cu015f%20formunuzu%20iletin%20m%5Cu00fc%5Cu015fteri%20hizmetlerimiz%20sizleri%20aras%5Cu0131n.%22%2C%22headerPictureUrl%22%3A%22message%22%2C%22footerText%22%3A%22%22%2C%22actionAfterSubmit%22%3A%22message%22%2C%22successMessage%22%3A%22Mesaj%5Cu0131n%5Cu0131z%20iletildi%20m%5Cu00fc%5Cu015fteri%20hizmetleri%20sizlere%20geri%20d%5Cu00f6n%5Cu00fc%5Cu015f%20sa%5Cu011flayacakt%5Cu0131r.%20%5Cu0130yi%20g%5Cu00fcnler%20dileriz.%22%2C%22successContinueText%22%3A%22OK%22%2C%22redirectUrl%22%3A%22https%3A%5C%2F%5C%2Fexample.com%22%2C%22submitText%22%3A%22G%5Cu00f6nder%22%2C%22stepsMessagesDivider%22%3Anull%2C%22stepsMessagesTitle%22%3Anull%2C%22stepsText%22%3A%22step%20%251%20of%20%252%22%2C%22stepBackText%22%3A%22Back%22%2C%22stepNextText%22%3A%22Next%22%2C%22errorMessageAllRequired%22%3A%22L%5Cu00fctfen%20gerekli%20t%5Cu00fcm%20alanlar%5Cu0131%20doldurun%22%2C%22errorMessageAllIncorrect%22%3A%22L%5Cu00fctfen%20t%5Cu00fcm%20alanlar%5Cu0131%20do%5Cu011fru%20doldurunuz%22%2C%22errorMessageSetMailTo%22%3A%22L%5Cu00fctfen%20mesajlar%5Cu0131n%20g%5Cu00f6nderilece%5Cu011fi%20e-postay%5Cu0131%20ayarlay%5Cu0131n%22%2C%22errorMessageRequiredCaptcha%22%3A%22L%5Cu00fctfen%20captcha%27y%5Cu0131%20girin%22%2C%22errorMessageFileSizeLimit%22%3A%22Dosya%20boyutu%20s%5Cu0131n%5Cu0131r%5Cu0131%20a%5Cu015f%5Cu0131ld%5Cu0131%22%2C%22errorMessageFileNotAllowed%22%3A%22Dosya%20uzant%5Cu0131s%5Cu0131na%20izin%20verilmiyor%22%2C%22errorMessageUnknown%22%3A%22Bilinmeyen%20hata%22%2C%22errorMessageRequired%22%3A%22gerekli%20alan%22%2C%22errorMessageInvalid%22%3A%22Ge%5Cu00e7ersiz%22%2C%22errorMessageInvalidEmail%22%3A%22Ge%5Cu00e7ersiz%20email%22%2C%22errorMessageInvalidPhone%22%3A%22Ge%5Cu00e7ersiz%20telefon%22%2C%22errorMessageInvalidUrl%22%3A%22Ge%5Cu00e7ersiz%20web%20site%22%2C%22calendarWeekdaysShorthand%22%3A%22Pzt%5CnSal%5Cu0131%5Cn%5Cu00c7ar%5Cu015famba%5CnPer%5Cu015fembe%5CnCuma%5CnCumartesi%5CnPazar%22%2C%22calendarMonthsLonghand%22%3A%22Ocak%5Cn%5Cu015eubat%5CnMart%5CnNisan%20%5CnMay%5Cu0131s%5CnHaziran%5CnTemmuz%20%5CnA%5Cu011fustos%5CnEyl%5Cu00fcl%5CnEkim%5CnKas%5Cu0131m%5CnAral%5Cu0131k%22%2C%22showProgress%22%3Atrue%2C%22recaptchaType%22%3A%22invisible%22%2C%22integrationsGoogleToken%22%3A%22%22%2C%22integrationsGoogleSheetId%22%3A%22%22%2C%22layout%22%3A%22default%22%2C%22floatingIcon%22%3A%22message%22%2C%22floatingText%22%3A%22%22%2C%22floatingPosition%22%3A%22right%22%2C%22width%22%3A%22580%22%2C%22style%22%3A%22classic%22%2C%22mainColor%22%3A%22rgb%28163%2C%2023%2C%2044%29%22%2C%22apiUrl%22%3A%22https%3A%5C%2F%5C%2Fahmmetalaksesuar.com%5C%2Fru%5C%2Fwp-json%5C%2Felfsight-form-builder%5C%2Fapi%22%2C%22recaptchaKeyCheckbox%22%3A%226LfXGHgUAAAAAHNIE_EH7kEI1l4xvf_ynIlg5bfo%22%2C%22recaptchaKeyInvisible%22%3A%226Ld1CXgUAAAAAFTHmixC1Eo-NP7_3ddB1YOj9AfX%22%2C%22widgetId%22%3A%2211%22%7D\" \n                data-elfsight-form-builder-version=\"1.5.0\"\n                data-elfsight-widget-id=\"elfsight-form-builder-11\">\n            <\/div>\n            <div id=\"la_divider69e0b4f3453fe\" class=\"js-el la-divider la-unit-responsive\" data-la_component=\"UnitResponsive\"  data-el_target='#la_divider69e0b4f3453fe'  data-el_media_sizes='{&quot;padding-top&quot;:&quot;lg:65px;&quot;}' ><\/div>\n<\/div><\/div><\/div><\/div><div class=\"vc_row-full-width vc_clearfix\"><\/div>\n","protected":false},"excerpt":{"rendered":"Bize Ula\u015f +90 212 549 26 94 -97 #la_icon_boxes_69e0b4f347054.la-sc-icon-boxes .wrap-icon .box-icon span{line-height:30px;font-size:30px;width:30px;height:30px;color:#343538}#la_icon_boxes_69e0b4f347054.icon-type-normal:hover .wrap-icon .box-icon span{color:#343538} +90 537 978 73 43 #la_icon_boxes_69e0b4f34769f.la-sc-icon-boxes .wrap-icon .box-icon span{line-height:30px;font-size:30px;width:30px;height:30px;color:#343538}#la_icon_boxes_69e0b4f34769f.icon-type-normal:hover .wrap-icon .box-icon span{color:#343538} \u0130kitelli Organize Sanayi B\u00f6lgesi Galvano Teknik San. Sit. G-Blok No:21 \u0130kitelli - \u0130stanbul #la_icon_boxes_69e0b4f347d73.la-sc-icon-boxes .wrap-icon .box-icon span{line-height:30px;font-size:30px;width:30px;height:30px;color:#343538}#la_icon_boxes_69e0b4f347d73.icon-type-normal:hover .wrap-icon .box-icon span{color:#343538}","protected":false},"author":1,"featured_media":0,"parent":0,"menu_order":0,"comment_status":"closed","ping_status":"closed","template":"","meta":{"footnotes":""},"class_list":["post-1124","page","type-page","status-publish","hentry"],"yoast_head":"<!-- This site is optimized with the Yoast SEO plugin v27.4 - https:\/\/yoast.com\/product\/yoast-seo-wordpress\/ -->\n<title>\u0130leti\u015fim - Ahm Metal Aksesuar<\/title>\n<meta name=\"description\" content=\"AHM Metal Aksesuar ile ileti\u015fim i\u00e7in +90 212 549 26 94 -97, info@ahmmetalaksesuar.com adresinden ula\u015fabilirsiniz.\" \/>\n<meta name=\"robots\" content=\"index, follow, max-snippet:-1, max-image-preview:large, max-video-preview:-1\" \/>\n<link rel=\"canonical\" href=\"https:\/\/ahmmetalaksesuar.com\/ru\/iletisim\/\" \/>\n<meta property=\"og:locale\" content=\"ru_RU\" \/>\n<meta property=\"og:type\" content=\"article\" \/>\n<meta property=\"og:title\" content=\"\u0130leti\u015fim - Ahm Metal Aksesuar\" \/>\n<meta property=\"og:description\" content=\"AHM Metal Aksesuar ile ileti\u015fim i\u00e7in +90 212 549 26 94 -97, info@ahmmetalaksesuar.com adresinden ula\u015fabilirsiniz.\" \/>\n<meta property=\"og:url\" content=\"https:\/\/ahmmetalaksesuar.com\/ru\/iletisim\/\" \/>\n<meta property=\"og:site_name\" content=\"Ahm Metal Aksesuar\" \/>\n<meta property=\"article:modified_time\" content=\"2022-09-06T12:55:29+00:00\" \/>\n<meta name=\"twitter:card\" content=\"summary_large_image\" \/>\n<meta name=\"twitter:label1\" content=\"\u041f\u0440\u0438\u043c\u0435\u0440\u043d\u043e\u0435 \u0432\u0440\u0435\u043c\u044f \u0434\u043b\u044f \u0447\u0442\u0435\u043d\u0438\u044f\" \/>\n\t<meta name=\"twitter:data1\" content=\"1 \u043c\u0438\u043d\u0443\u0442\u0430\" \/>\n<script type=\"application\/ld+json\" class=\"yoast-schema-graph\">{\"@context\":\"https:\\\/\\\/schema.org\",\"@graph\":[{\"@type\":\"WebPage\",\"@id\":\"https:\\\/\\\/ahmmetalaksesuar.com\\\/iletisim\\\/\",\"url\":\"https:\\\/\\\/ahmmetalaksesuar.com\\\/iletisim\\\/\",\"name\":\"\u0130leti\u015fim - Ahm Metal Aksesuar\",\"isPartOf\":{\"@id\":\"https:\\\/\\\/ahmmetalaksesuar.com\\\/#website\"},\"datePublished\":\"2017-09-25T22:56:47+00:00\",\"dateModified\":\"2022-09-06T12:55:29+00:00\",\"description\":\"AHM Metal Aksesuar ile ileti\u015fim i\u00e7in +90 212 549 26 94 -97, info@ahmmetalaksesuar.com adresinden ula\u015fabilirsiniz.\",\"breadcrumb\":{\"@id\":\"https:\\\/\\\/ahmmetalaksesuar.com\\\/iletisim\\\/#breadcrumb\"},\"inLanguage\":\"ru-RU\",\"potentialAction\":[{\"@type\":\"ReadAction\",\"target\":[\"https:\\\/\\\/ahmmetalaksesuar.com\\\/iletisim\\\/\"]}]},{\"@type\":\"BreadcrumbList\",\"@id\":\"https:\\\/\\\/ahmmetalaksesuar.com\\\/iletisim\\\/#breadcrumb\",\"itemListElement\":[{\"@type\":\"ListItem\",\"position\":1,\"name\":\"Anasayfa\",\"item\":\"https:\\\/\\\/ahmmetalaksesuar.com\\\/\"},{\"@type\":\"ListItem\",\"position\":2,\"name\":\"\u0130leti\u015fim\"}]},{\"@type\":\"WebSite\",\"@id\":\"https:\\\/\\\/ahmmetalaksesuar.com\\\/#website\",\"url\":\"https:\\\/\\\/ahmmetalaksesuar.com\\\/\",\"name\":\"Ahm Metal Aksesuar\",\"description\":\"\",\"publisher\":{\"@id\":\"https:\\\/\\\/ahmmetalaksesuar.com\\\/#organization\"},\"potentialAction\":[{\"@type\":\"SearchAction\",\"target\":{\"@type\":\"EntryPoint\",\"urlTemplate\":\"https:\\\/\\\/ahmmetalaksesuar.com\\\/?s={search_term_string}\"},\"query-input\":{\"@type\":\"PropertyValueSpecification\",\"valueRequired\":true,\"valueName\":\"search_term_string\"}}],\"inLanguage\":\"ru-RU\"},{\"@type\":\"Organization\",\"@id\":\"https:\\\/\\\/ahmmetalaksesuar.com\\\/#organization\",\"name\":\"Ahm Metal Aksesuar\",\"url\":\"https:\\\/\\\/ahmmetalaksesuar.com\\\/\",\"logo\":{\"@type\":\"ImageObject\",\"inLanguage\":\"ru-RU\",\"@id\":\"https:\\\/\\\/ahmmetalaksesuar.com\\\/#\\\/schema\\\/logo\\\/image\\\/\",\"url\":\"https:\\\/\\\/ahmmetalaksesuar.com\\\/wp-content\\\/uploads\\\/2022\\\/08\\\/logo.png\",\"contentUrl\":\"https:\\\/\\\/ahmmetalaksesuar.com\\\/wp-content\\\/uploads\\\/2022\\\/08\\\/logo.png\",\"width\":209,\"height\":110,\"caption\":\"Ahm Metal Aksesuar\"},\"image\":{\"@id\":\"https:\\\/\\\/ahmmetalaksesuar.com\\\/#\\\/schema\\\/logo\\\/image\\\/\"}}]}<\/script>\n<!-- \/ Yoast SEO plugin. -->","yoast_head_json":{"title":"\u0130leti\u015fim - Ahm Metal Aksesuar","description":"AHM Metal Aksesuar ile ileti\u015fim i\u00e7in +90 212 549 26 94 -97, info@ahmmetalaksesuar.com adresinden ula\u015fabilirsiniz.","robots":{"index":"index","follow":"follow","max-snippet":"max-snippet:-1","max-image-preview":"max-image-preview:large","max-video-preview":"max-video-preview:-1"},"canonical":"https:\/\/ahmmetalaksesuar.com\/ru\/iletisim\/","og_locale":"ru_RU","og_type":"article","og_title":"\u0130leti\u015fim - Ahm Metal Aksesuar","og_description":"AHM Metal Aksesuar ile ileti\u015fim i\u00e7in +90 212 549 26 94 -97, info@ahmmetalaksesuar.com adresinden ula\u015fabilirsiniz.","og_url":"https:\/\/ahmmetalaksesuar.com\/ru\/iletisim\/","og_site_name":"Ahm Metal Aksesuar","article_modified_time":"2022-09-06T12:55:29+00:00","twitter_card":"summary_large_image","twitter_misc":{"\u041f\u0440\u0438\u043c\u0435\u0440\u043d\u043e\u0435 \u0432\u0440\u0435\u043c\u044f \u0434\u043b\u044f \u0447\u0442\u0435\u043d\u0438\u044f":"1 \u043c\u0438\u043d\u0443\u0442\u0430"},"schema":{"@context":"https:\/\/schema.org","@graph":[{"@type":"WebPage","@id":"https:\/\/ahmmetalaksesuar.com\/iletisim\/","url":"https:\/\/ahmmetalaksesuar.com\/iletisim\/","name":"\u0130leti\u015fim - Ahm Metal Aksesuar","isPartOf":{"@id":"https:\/\/ahmmetalaksesuar.com\/#website"},"datePublished":"2017-09-25T22:56:47+00:00","dateModified":"2022-09-06T12:55:29+00:00","description":"AHM Metal Aksesuar ile ileti\u015fim i\u00e7in +90 212 549 26 94 -97, info@ahmmetalaksesuar.com adresinden ula\u015fabilirsiniz.","breadcrumb":{"@id":"https:\/\/ahmmetalaksesuar.com\/iletisim\/#breadcrumb"},"inLanguage":"ru-RU","potentialAction":[{"@type":"ReadAction","target":["https:\/\/ahmmetalaksesuar.com\/iletisim\/"]}]},{"@type":"BreadcrumbList","@id":"https:\/\/ahmmetalaksesuar.com\/iletisim\/#breadcrumb","itemListElement":[{"@type":"ListItem","position":1,"name":"Anasayfa","item":"https:\/\/ahmmetalaksesuar.com\/"},{"@type":"ListItem","position":2,"name":"\u0130leti\u015fim"}]},{"@type":"WebSite","@id":"https:\/\/ahmmetalaksesuar.com\/#website","url":"https:\/\/ahmmetalaksesuar.com\/","name":"Ahm Metal Aksesuar","description":"","publisher":{"@id":"https:\/\/ahmmetalaksesuar.com\/#organization"},"potentialAction":[{"@type":"SearchAction","target":{"@type":"EntryPoint","urlTemplate":"https:\/\/ahmmetalaksesuar.com\/?s={search_term_string}"},"query-input":{"@type":"PropertyValueSpecification","valueRequired":true,"valueName":"search_term_string"}}],"inLanguage":"ru-RU"},{"@type":"Organization","@id":"https:\/\/ahmmetalaksesuar.com\/#organization","name":"Ahm Metal Aksesuar","url":"https:\/\/ahmmetalaksesuar.com\/","logo":{"@type":"ImageObject","inLanguage":"ru-RU","@id":"https:\/\/ahmmetalaksesuar.com\/#\/schema\/logo\/image\/","url":"https:\/\/ahmmetalaksesuar.com\/wp-content\/uploads\/2022\/08\/logo.png","contentUrl":"https:\/\/ahmmetalaksesuar.com\/wp-content\/uploads\/2022\/08\/logo.png","width":209,"height":110,"caption":"Ahm Metal Aksesuar"},"image":{"@id":"https:\/\/ahmmetalaksesuar.com\/#\/schema\/logo\/image\/"}}]}},"_links":{"self":[{"href":"https:\/\/ahmmetalaksesuar.com\/ru\/wp-json\/wp\/v2\/pages\/1124","targetHints":{"allow":["GET"]}}],"collection":[{"href":"https:\/\/ahmmetalaksesuar.com\/ru\/wp-json\/wp\/v2\/pages"}],"about":[{"href":"https:\/\/ahmmetalaksesuar.com\/ru\/wp-json\/wp\/v2\/types\/page"}],"author":[{"embeddable":true,"href":"https:\/\/ahmmetalaksesuar.com\/ru\/wp-json\/wp\/v2\/users\/1"}],"replies":[{"embeddable":true,"href":"https:\/\/ahmmetalaksesuar.com\/ru\/wp-json\/wp\/v2\/comments?post=1124"}],"version-history":[{"count":18,"href":"https:\/\/ahmmetalaksesuar.com\/ru\/wp-json\/wp\/v2\/pages\/1124\/revisions"}],"predecessor-version":[{"id":5501,"href":"https:\/\/ahmmetalaksesuar.com\/ru\/wp-json\/wp\/v2\/pages\/1124\/revisions\/5501"}],"wp:attachment":[{"href":"https:\/\/ahmmetalaksesuar.com\/ru\/wp-json\/wp\/v2\/media?parent=1124"}],"curies":[{"name":"wp","href":"https:\/\/api.w.org\/{rel}","templated":true}]}}