{"id":5433,"date":"2022-09-01T12:11:26","date_gmt":"2022-09-01T09:11:26","guid":{"rendered":"https:\/\/ahmmetalaksesuar.com\/?page_id=5433"},"modified":"2022-09-02T18:58:26","modified_gmt":"2022-09-02T15:58:26","slug":"teklif-al","status":"publish","type":"page","link":"https:\/\/ahmmetalaksesuar.com\/en\/teklif-al\/","title":{"rendered":"Get Offer"},"content":{"rendered":"<div class=\"vc_row wpb_row vc_row-fluid la_fp_slide la_fp_child_section\"><div class=\"wpb_column vc_column_container vc_col-sm-12\"><div class=\"vc_column-inner\"><div class=\"wpb_wrapper\"><div id=\"la_divider69e0b19acbf5d\" class=\"js-el la-divider la-unit-responsive\" data-la_component=\"UnitResponsive\"  data-el_target='#la_divider69e0b19acbf5d'  data-el_media_sizes='{&quot;padding-top&quot;:&quot;lg:70px;&quot;}' ><\/div>\n<\/div><\/div><\/div><\/div><div class=\"vc_row wpb_row vc_row-fluid la_fp_slide la_fp_child_section\"><div class=\"wpb_column vc_column_container vc_col-sm-12\"><div class=\"vc_column-inner\"><div class=\"wpb_wrapper\"><div id=\"la_heading_69e0b19acc5fc\" class=\"la-headings text-center\"><div class=\"js-el subheading-tag la-unit-responsive\" style=\"\" ><h6>Fill in your contact information in the form, our customer service will get back to you within 24 hours.<\/h6>\n<h6><span class=\"light\"><\/span><\/h6>\n<\/div><\/div>\n<div id=\"la_divider69e0b19acc910\" class=\"js-el la-divider la-unit-responsive\" data-la_component=\"UnitResponsive\"  data-el_target='#la_divider69e0b19acc910'  data-el_media_sizes='{&quot;padding-top&quot;:&quot;lg:40px;&quot;}' ><\/div>\n\n            <div \n                class=\"elfsight-widget-form-builder elfsight-widget\" \n                data-elfsight-form-builder-options=\"%7B%22ei%22%3A%22%22%2C%22fields%22%3A%5B%7B%22type%22%3A%22text%22%2C%22placeholder%22%3A%22%5Cu0130sim%22%2C%22description%22%3A%22%22%2C%22label%22%3A%22%22%2C%22required%22%3Afalse%2C%22columnWidth%22%3A50%2C%22id%22%3A%22%5B%5D%22%7D%2C%7B%22type%22%3A%22email%22%2C%22label%22%3A%22%22%2C%22description%22%3A%22%22%2C%22placeholder%22%3A%22Mail%22%2C%22required%22%3Atrue%2C%22columnWidth%22%3A50%2C%22id%22%3A%22%5B%5D%22%7D%2C%7B%22type%22%3A%22phone%22%2C%22label%22%3A%22%22%2C%22placeholder%22%3A%22Telefon%22%2C%22description%22%3A%22%22%2C%22required%22%3Afalse%2C%22columnWidth%22%3A50%2C%22id%22%3A%22%5B%5D%22%7D%2C%7B%22type%22%3A%22text%22%2C%22placeholder%22%3A%22Firma%20Ad%5Cu0131%22%2C%22description%22%3A%22%22%2C%22label%22%3A%22%22%2C%22required%22%3Afalse%2C%22columnWidth%22%3A50%2C%22id%22%3A%22%5B%5D%22%7D%2C%7B%22type%22%3A%22textarea%22%2C%22label%22%3A%22%22%2C%22description%22%3A%22%22%2C%22placeholder%22%3A%22Mesaj%5Cu0131n%5Cu0131z%22%2C%22required%22%3Atrue%2C%22columnWidth%22%3A100%2C%22id%22%3A%22%5B%5D%22%7D%5D%2C%22headerActive%22%3Afalse%2C%22headerTitle%22%3A%22Sipari%5Cu015f%20Formu%22%2C%22headerText%22%3A%22Hemen%20sipari%5Cu015f%20formunuzu%20iletin%20m%5Cu00fc%5Cu015fteri%20hizmetlerimiz%20sizleri%20aras%5Cu0131n.%22%2C%22headerPictureUrl%22%3A%22message%22%2C%22footerText%22%3A%22%22%2C%22actionAfterSubmit%22%3A%22message%22%2C%22successMessage%22%3A%22Mesaj%5Cu0131n%5Cu0131z%20iletildi%20m%5Cu00fc%5Cu015fteri%20hizmetleri%20sizlere%20geri%20d%5Cu00f6n%5Cu00fc%5Cu015f%20sa%5Cu011flayacakt%5Cu0131r.%20%5Cu0130yi%20g%5Cu00fcnler%20dileriz.%22%2C%22successContinueText%22%3A%22OK%22%2C%22redirectUrl%22%3A%22https%3A%5C%2F%5C%2Fexample.com%22%2C%22submitText%22%3A%22G%5Cu00f6nder%22%2C%22stepsMessagesDivider%22%3Anull%2C%22stepsMessagesTitle%22%3Anull%2C%22stepsText%22%3A%22step%20%251%20of%20%252%22%2C%22stepBackText%22%3A%22Back%22%2C%22stepNextText%22%3A%22Next%22%2C%22errorMessageAllRequired%22%3A%22L%5Cu00fctfen%20gerekli%20t%5Cu00fcm%20alanlar%5Cu0131%20doldurun%22%2C%22errorMessageAllIncorrect%22%3A%22L%5Cu00fctfen%20t%5Cu00fcm%20alanlar%5Cu0131%20do%5Cu011fru%20doldurunuz%22%2C%22errorMessageSetMailTo%22%3A%22L%5Cu00fctfen%20mesajlar%5Cu0131n%20g%5Cu00f6nderilece%5Cu011fi%20e-postay%5Cu0131%20ayarlay%5Cu0131n%22%2C%22errorMessageRequiredCaptcha%22%3A%22L%5Cu00fctfen%20captcha%27y%5Cu0131%20girin%22%2C%22errorMessageFileSizeLimit%22%3A%22Dosya%20boyutu%20s%5Cu0131n%5Cu0131r%5Cu0131%20a%5Cu015f%5Cu0131ld%5Cu0131%22%2C%22errorMessageFileNotAllowed%22%3A%22Dosya%20uzant%5Cu0131s%5Cu0131na%20izin%20verilmiyor%22%2C%22errorMessageUnknown%22%3A%22Bilinmeyen%20hata%22%2C%22errorMessageRequired%22%3A%22gerekli%20alan%22%2C%22errorMessageInvalid%22%3A%22Ge%5Cu00e7ersiz%22%2C%22errorMessageInvalidEmail%22%3A%22Ge%5Cu00e7ersiz%20email%22%2C%22errorMessageInvalidPhone%22%3A%22Ge%5Cu00e7ersiz%20telefon%22%2C%22errorMessageInvalidUrl%22%3A%22Ge%5Cu00e7ersiz%20web%20site%22%2C%22calendarWeekdaysShorthand%22%3A%22Pzt%5CnSal%5Cu0131%5Cn%5Cu00c7ar%5Cu015famba%5CnPer%5Cu015fembe%5CnCuma%5CnCumartesi%5CnPazar%22%2C%22calendarMonthsLonghand%22%3A%22Ocak%5Cn%5Cu015eubat%5CnMart%5CnNisan%20%5CnMay%5Cu0131s%5CnHaziran%5CnTemmuz%20%5CnA%5Cu011fustos%5CnEyl%5Cu00fcl%5CnEkim%5CnKas%5Cu0131m%5CnAral%5Cu0131k%22%2C%22showProgress%22%3Atrue%2C%22recaptchaType%22%3A%22invisible%22%2C%22integrationsGoogleToken%22%3A%22%22%2C%22integrationsGoogleSheetId%22%3A%22%22%2C%22layout%22%3A%22default%22%2C%22floatingIcon%22%3A%22message%22%2C%22floatingText%22%3A%22%22%2C%22floatingPosition%22%3A%22right%22%2C%22width%22%3A%22580%22%2C%22style%22%3A%22classic%22%2C%22mainColor%22%3A%22rgb%28163%2C%2023%2C%2044%29%22%2C%22apiUrl%22%3A%22https%3A%5C%2F%5C%2Fahmmetalaksesuar.com%5C%2Fen%5C%2Fwp-json%5C%2Felfsight-form-builder%5C%2Fapi%22%2C%22recaptchaKeyCheckbox%22%3A%226LfXGHgUAAAAAHNIE_EH7kEI1l4xvf_ynIlg5bfo%22%2C%22recaptchaKeyInvisible%22%3A%226Ld1CXgUAAAAAFTHmixC1Eo-NP7_3ddB1YOj9AfX%22%2C%22widgetId%22%3A%2213%22%7D\" \n                data-elfsight-form-builder-version=\"1.5.0\"\n                data-elfsight-widget-id=\"elfsight-form-builder-13\">\n            <\/div>\n            <\/div><\/div><\/div><\/div>","protected":false},"excerpt":{"rendered":"Fill in your contact information in the form, our customer service will get back to you within 24 hours.","protected":false},"author":1,"featured_media":0,"parent":0,"menu_order":0,"comment_status":"closed","ping_status":"closed","template":"","meta":{"footnotes":""},"class_list":["post-5433","page","type-page","status-publish","hentry"],"yoast_head":"<!-- This site is optimized with the Yoast SEO plugin v27.4 - https:\/\/yoast.com\/product\/yoast-seo-wordpress\/ -->\n<title>Teklif Al - Ahm Metal Aksesuar<\/title>\n<meta name=\"description\" content=\"Ayakkab\u0131 \u00c7anta, tekstil, kemer ve metal aksesuar kal\u0131plar\u0131 imalat\u0131, d\u00f6k\u00fcm ve montaj i\u015flerini b\u00fcnyemizde imal etmekteyiz.\" \/>\n<meta name=\"robots\" content=\"index, follow, max-snippet:-1, max-image-preview:large, max-video-preview:-1\" \/>\n<link rel=\"canonical\" href=\"https:\/\/ahmmetalaksesuar.com\/en\/teklif-al\/\" \/>\n<meta property=\"og:locale\" content=\"en_US\" \/>\n<meta property=\"og:type\" content=\"article\" \/>\n<meta property=\"og:title\" content=\"Teklif Al - Ahm Metal Aksesuar\" \/>\n<meta property=\"og:description\" content=\"Ayakkab\u0131 \u00c7anta, tekstil, kemer ve metal aksesuar kal\u0131plar\u0131 imalat\u0131, d\u00f6k\u00fcm ve montaj i\u015flerini b\u00fcnyemizde imal etmekteyiz.\" \/>\n<meta property=\"og:url\" content=\"https:\/\/ahmmetalaksesuar.com\/en\/teklif-al\/\" \/>\n<meta property=\"og:site_name\" content=\"Ahm Metal Aksesuar\" \/>\n<meta property=\"article:modified_time\" content=\"2022-09-02T15:58:26+00:00\" \/>\n<meta name=\"twitter:card\" content=\"summary_large_image\" \/>\n<meta name=\"twitter:label1\" content=\"Est. reading time\" \/>\n\t<meta name=\"twitter:data1\" content=\"1 minute\" \/>\n<script type=\"application\/ld+json\" class=\"yoast-schema-graph\">{\"@context\":\"https:\\\/\\\/schema.org\",\"@graph\":[{\"@type\":\"WebPage\",\"@id\":\"https:\\\/\\\/ahmmetalaksesuar.com\\\/teklif-al\\\/\",\"url\":\"https:\\\/\\\/ahmmetalaksesuar.com\\\/teklif-al\\\/\",\"name\":\"Teklif Al - Ahm Metal Aksesuar\",\"isPartOf\":{\"@id\":\"https:\\\/\\\/ahmmetalaksesuar.com\\\/#website\"},\"datePublished\":\"2022-09-01T09:11:26+00:00\",\"dateModified\":\"2022-09-02T15:58:26+00:00\",\"description\":\"Ayakkab\u0131 \u00c7anta, tekstil, kemer ve metal aksesuar kal\u0131plar\u0131 imalat\u0131, d\u00f6k\u00fcm ve montaj i\u015flerini b\u00fcnyemizde imal etmekteyiz.\",\"breadcrumb\":{\"@id\":\"https:\\\/\\\/ahmmetalaksesuar.com\\\/teklif-al\\\/#breadcrumb\"},\"inLanguage\":\"en-US\",\"potentialAction\":[{\"@type\":\"ReadAction\",\"target\":[\"https:\\\/\\\/ahmmetalaksesuar.com\\\/teklif-al\\\/\"]}]},{\"@type\":\"BreadcrumbList\",\"@id\":\"https:\\\/\\\/ahmmetalaksesuar.com\\\/teklif-al\\\/#breadcrumb\",\"itemListElement\":[{\"@type\":\"ListItem\",\"position\":1,\"name\":\"Anasayfa\",\"item\":\"https:\\\/\\\/ahmmetalaksesuar.com\\\/\"},{\"@type\":\"ListItem\",\"position\":2,\"name\":\"Teklif Al\"}]},{\"@type\":\"WebSite\",\"@id\":\"https:\\\/\\\/ahmmetalaksesuar.com\\\/#website\",\"url\":\"https:\\\/\\\/ahmmetalaksesuar.com\\\/\",\"name\":\"Ahm Metal Aksesuar\",\"description\":\"\",\"publisher\":{\"@id\":\"https:\\\/\\\/ahmmetalaksesuar.com\\\/#organization\"},\"potentialAction\":[{\"@type\":\"SearchAction\",\"target\":{\"@type\":\"EntryPoint\",\"urlTemplate\":\"https:\\\/\\\/ahmmetalaksesuar.com\\\/?s={search_term_string}\"},\"query-input\":{\"@type\":\"PropertyValueSpecification\",\"valueRequired\":true,\"valueName\":\"search_term_string\"}}],\"inLanguage\":\"en-US\"},{\"@type\":\"Organization\",\"@id\":\"https:\\\/\\\/ahmmetalaksesuar.com\\\/#organization\",\"name\":\"Ahm Metal Aksesuar\",\"url\":\"https:\\\/\\\/ahmmetalaksesuar.com\\\/\",\"logo\":{\"@type\":\"ImageObject\",\"inLanguage\":\"en-US\",\"@id\":\"https:\\\/\\\/ahmmetalaksesuar.com\\\/#\\\/schema\\\/logo\\\/image\\\/\",\"url\":\"https:\\\/\\\/ahmmetalaksesuar.com\\\/wp-content\\\/uploads\\\/2022\\\/08\\\/logo.png\",\"contentUrl\":\"https:\\\/\\\/ahmmetalaksesuar.com\\\/wp-content\\\/uploads\\\/2022\\\/08\\\/logo.png\",\"width\":209,\"height\":110,\"caption\":\"Ahm Metal Aksesuar\"},\"image\":{\"@id\":\"https:\\\/\\\/ahmmetalaksesuar.com\\\/#\\\/schema\\\/logo\\\/image\\\/\"}}]}<\/script>\n<!-- \/ Yoast SEO plugin. -->","yoast_head_json":{"title":"Teklif Al - Ahm Metal Aksesuar","description":"Ayakkab\u0131 \u00c7anta, tekstil, kemer ve metal aksesuar kal\u0131plar\u0131 imalat\u0131, d\u00f6k\u00fcm ve montaj i\u015flerini b\u00fcnyemizde imal etmekteyiz.","robots":{"index":"index","follow":"follow","max-snippet":"max-snippet:-1","max-image-preview":"max-image-preview:large","max-video-preview":"max-video-preview:-1"},"canonical":"https:\/\/ahmmetalaksesuar.com\/en\/teklif-al\/","og_locale":"en_US","og_type":"article","og_title":"Teklif Al - Ahm Metal Aksesuar","og_description":"Ayakkab\u0131 \u00c7anta, tekstil, kemer ve metal aksesuar kal\u0131plar\u0131 imalat\u0131, d\u00f6k\u00fcm ve montaj i\u015flerini b\u00fcnyemizde imal etmekteyiz.","og_url":"https:\/\/ahmmetalaksesuar.com\/en\/teklif-al\/","og_site_name":"Ahm Metal Aksesuar","article_modified_time":"2022-09-02T15:58:26+00:00","twitter_card":"summary_large_image","twitter_misc":{"Est. reading time":"1 minute"},"schema":{"@context":"https:\/\/schema.org","@graph":[{"@type":"WebPage","@id":"https:\/\/ahmmetalaksesuar.com\/teklif-al\/","url":"https:\/\/ahmmetalaksesuar.com\/teklif-al\/","name":"Teklif Al - Ahm Metal Aksesuar","isPartOf":{"@id":"https:\/\/ahmmetalaksesuar.com\/#website"},"datePublished":"2022-09-01T09:11:26+00:00","dateModified":"2022-09-02T15:58:26+00:00","description":"Ayakkab\u0131 \u00c7anta, tekstil, kemer ve metal aksesuar kal\u0131plar\u0131 imalat\u0131, d\u00f6k\u00fcm ve montaj i\u015flerini b\u00fcnyemizde imal etmekteyiz.","breadcrumb":{"@id":"https:\/\/ahmmetalaksesuar.com\/teklif-al\/#breadcrumb"},"inLanguage":"en-US","potentialAction":[{"@type":"ReadAction","target":["https:\/\/ahmmetalaksesuar.com\/teklif-al\/"]}]},{"@type":"BreadcrumbList","@id":"https:\/\/ahmmetalaksesuar.com\/teklif-al\/#breadcrumb","itemListElement":[{"@type":"ListItem","position":1,"name":"Anasayfa","item":"https:\/\/ahmmetalaksesuar.com\/"},{"@type":"ListItem","position":2,"name":"Teklif Al"}]},{"@type":"WebSite","@id":"https:\/\/ahmmetalaksesuar.com\/#website","url":"https:\/\/ahmmetalaksesuar.com\/","name":"Ahm Metal Aksesuar","description":"","publisher":{"@id":"https:\/\/ahmmetalaksesuar.com\/#organization"},"potentialAction":[{"@type":"SearchAction","target":{"@type":"EntryPoint","urlTemplate":"https:\/\/ahmmetalaksesuar.com\/?s={search_term_string}"},"query-input":{"@type":"PropertyValueSpecification","valueRequired":true,"valueName":"search_term_string"}}],"inLanguage":"en-US"},{"@type":"Organization","@id":"https:\/\/ahmmetalaksesuar.com\/#organization","name":"Ahm Metal Aksesuar","url":"https:\/\/ahmmetalaksesuar.com\/","logo":{"@type":"ImageObject","inLanguage":"en-US","@id":"https:\/\/ahmmetalaksesuar.com\/#\/schema\/logo\/image\/","url":"https:\/\/ahmmetalaksesuar.com\/wp-content\/uploads\/2022\/08\/logo.png","contentUrl":"https:\/\/ahmmetalaksesuar.com\/wp-content\/uploads\/2022\/08\/logo.png","width":209,"height":110,"caption":"Ahm Metal Aksesuar"},"image":{"@id":"https:\/\/ahmmetalaksesuar.com\/#\/schema\/logo\/image\/"}}]}},"_links":{"self":[{"href":"https:\/\/ahmmetalaksesuar.com\/en\/wp-json\/wp\/v2\/pages\/5433","targetHints":{"allow":["GET"]}}],"collection":[{"href":"https:\/\/ahmmetalaksesuar.com\/en\/wp-json\/wp\/v2\/pages"}],"about":[{"href":"https:\/\/ahmmetalaksesuar.com\/en\/wp-json\/wp\/v2\/types\/page"}],"author":[{"embeddable":true,"href":"https:\/\/ahmmetalaksesuar.com\/en\/wp-json\/wp\/v2\/users\/1"}],"replies":[{"embeddable":true,"href":"https:\/\/ahmmetalaksesuar.com\/en\/wp-json\/wp\/v2\/comments?post=5433"}],"version-history":[{"count":2,"href":"https:\/\/ahmmetalaksesuar.com\/en\/wp-json\/wp\/v2\/pages\/5433\/revisions"}],"predecessor-version":[{"id":5489,"href":"https:\/\/ahmmetalaksesuar.com\/en\/wp-json\/wp\/v2\/pages\/5433\/revisions\/5489"}],"wp:attachment":[{"href":"https:\/\/ahmmetalaksesuar.com\/en\/wp-json\/wp\/v2\/media?parent=5433"}],"curies":[{"name":"wp","href":"https:\/\/api.w.org\/{rel}","templated":true}]}}