{"id":5418,"date":"2022-09-01T11:55:17","date_gmt":"2022-09-01T08:55:17","guid":{"rendered":"https:\/\/ahmmetalaksesuar.com\/?page_id=5418"},"modified":"2022-09-06T18:06:49","modified_gmt":"2022-09-06T15:06:49","slug":"fabrika","status":"publish","type":"page","link":"https:\/\/ahmmetalaksesuar.com\/en\/fabrika\/","title":{"rendered":"Factory"},"content":{"rendered":"<div class=\"vc_row wpb_row vc_row-fluid la_fp_slide la_fp_child_section\"><div class=\"wpb_column vc_column_container vc_col-sm-12\"><div class=\"vc_column-inner\"><div class=\"wpb_wrapper\"><div id=\"la_heading_69e3435595e88\" class=\"la-headings text-left\"><h4 class=\"js-el heading-tag la-unit-responsive\" style=\"\" >Factory<\/h4><\/div>\n<div class=\"vc_separator wpb_content_element vc_separator_align_center vc_sep_width_100 vc_sep_pos_align_center vc_separator_no_text vc_sep_color_grey\" ><span class=\"vc_sep_holder vc_sep_holder_l\"><span  class=\"vc_sep_line\"><\/span><\/span><span class=\"vc_sep_holder vc_sep_holder_r\"><span  class=\"vc_sep_line\"><\/span><\/span>\n<\/div><div id=\"la_divider69e343559644d\" class=\"js-el la-divider la-unit-responsive\" data-la_component=\"UnitResponsive\"  data-el_target='#la_divider69e343559644d'  data-el_media_sizes='{&quot;padding-top&quot;:&quot;lg:10px;&quot;}' ><\/div>\n\n\t<div class=\"wpb_text_column wpb_content_element\" >\n\t\t<div class=\"wpb_wrapper\">\n\t\t\t<div class=\"h5\"><span class=\"light\">AHM METAL ACCESSORIES was established in 2005 in Istanbul. Our company, located at \u0130kitelli OSB, provides various metal accessory services such as eyelets, hooks, rivets, snap fasteners, rivets to its customers in the shoe, textile, ready-to-wear, stationery, electricity, bag and belt sectors.<\/span><\/div>\n<div class=\"h5\"><\/div>\n<div class=\"h5\"><span class=\"light\">Our company, which makes all the production molds in its own structure, aims to make quality production with design options suitable for customer taste and to provide better service to our customers with our eyelet fastening molds. It is our leading principle to offer reasonable price options.<\/span><\/div>\n\n\t\t<\/div>\n\t<\/div>\n<div id=\"la_divider69e3435596f88\" class=\"js-el la-divider la-unit-responsive\" data-la_component=\"UnitResponsive\"  data-el_target='#la_divider69e3435596f88'  data-el_media_sizes='{&quot;padding-top&quot;:&quot;lg:60px;&quot;}' ><\/div>\n<\/div><\/div><\/div><\/div><div class=\"vc_row wpb_row vc_row-fluid la_fp_slide la_fp_child_section\"><div class=\"wpb_column vc_column_container vc_col-sm-6\"><div class=\"vc_column-inner\"><div class=\"wpb_wrapper\">\n\t<div class=\"wpb_video_widget wpb_content_element vc_clearfix   vc_video-aspect-ratio-169 vc_video-el-width-100 vc_video-align-center\" >\n\t\t<div class=\"wpb_wrapper\">\n\t\t\t\n\t\t\t<div class=\"wpb_video_wrapper\"><iframe loading=\"lazy\" title=\"AHM Metal Accessory\" width=\"1170\" height=\"658\" src=\"https:\/\/www.youtube.com\/embed\/sYGOj6O0F9U?feature=oembed\" frameborder=\"0\" allow=\"accelerometer; autoplay; clipboard-write; encrypted-media; gyroscope; picture-in-picture\" allowfullscreen><\/iframe><\/div>\n\t\t<\/div>\n\t<\/div>\n<\/div><\/div><\/div><div class=\"wpb_column vc_column_container vc_col-sm-6\"><div class=\"vc_column-inner\"><div class=\"wpb_wrapper\">\n\t<div class=\"wpb_video_widget wpb_content_element vc_clearfix   vc_video-aspect-ratio-169 vc_video-el-width-100 vc_video-align-center\" >\n\t\t<div class=\"wpb_wrapper\">\n\t\t\t\n\t\t\t<div class=\"wpb_video_wrapper\"><iframe loading=\"lazy\" title=\"WhatsApp Video 2022 08 29 at 12 32 28\" width=\"1170\" height=\"658\" src=\"https:\/\/www.youtube.com\/embed\/Qdgn2snz1V8?feature=oembed\" frameborder=\"0\" allow=\"accelerometer; autoplay; clipboard-write; encrypted-media; gyroscope; picture-in-picture\" allowfullscreen><\/iframe><\/div>\n\t\t<\/div>\n\t<\/div>\n<\/div><\/div><\/div><\/div><div class=\"vc_row wpb_row vc_row-fluid la_fp_slide la_fp_child_section\"><div class=\"wpb_column vc_column_container vc_col-sm-6\"><div class=\"vc_column-inner\"><div class=\"wpb_wrapper\">\n\t<div class=\"wpb_video_widget wpb_content_element vc_clearfix   vc_video-aspect-ratio-169 vc_video-el-width-100 vc_video-align-center\" >\n\t\t<div class=\"wpb_wrapper\">\n\t\t\t\n\t\t\t<div class=\"wpb_video_wrapper\"><iframe loading=\"lazy\" title=\"WhatsApp Video 2022 08 29 at 12 32 40\" width=\"1170\" height=\"658\" src=\"https:\/\/www.youtube.com\/embed\/H5cEOv-g89k?feature=oembed\" frameborder=\"0\" allow=\"accelerometer; autoplay; clipboard-write; encrypted-media; gyroscope; picture-in-picture\" allowfullscreen><\/iframe><\/div>\n\t\t<\/div>\n\t<\/div>\n<\/div><\/div><\/div><div class=\"wpb_column vc_column_container vc_col-sm-6\"><div class=\"vc_column-inner\"><div class=\"wpb_wrapper\">\n\t<div class=\"wpb_video_widget wpb_content_element vc_clearfix   vc_video-aspect-ratio-169 vc_video-el-width-100 vc_video-align-center\" >\n\t\t<div class=\"wpb_wrapper\">\n\t\t\t\n\t\t\t<div class=\"wpb_video_wrapper\"><iframe loading=\"lazy\" title=\"WhatsApp Video 2022 08 29 at 12 32 53\" width=\"1170\" height=\"658\" src=\"https:\/\/www.youtube.com\/embed\/jw62qejJQfU?feature=oembed\" frameborder=\"0\" allow=\"accelerometer; autoplay; clipboard-write; encrypted-media; gyroscope; picture-in-picture\" allowfullscreen><\/iframe><\/div>\n\t\t<\/div>\n\t<\/div>\n<\/div><\/div><\/div><\/div><div class=\"vc_row wpb_row vc_row-fluid la_fp_slide la_fp_child_section\"><div class=\"wpb_column vc_column_container vc_col-sm-6\"><div class=\"vc_column-inner\"><div class=\"wpb_wrapper\">\n\t<div class=\"wpb_video_widget wpb_content_element vc_clearfix   vc_video-aspect-ratio-169 vc_video-el-width-100 vc_video-align-center\" >\n\t\t<div class=\"wpb_wrapper\">\n\t\t\t\n\t\t\t<div class=\"wpb_video_wrapper\"><iframe loading=\"lazy\" title=\"WhatsApp Video 2022 08 29 at 12 33 13\" width=\"1170\" height=\"658\" src=\"https:\/\/www.youtube.com\/embed\/NdvArTfrkxo?feature=oembed\" frameborder=\"0\" allow=\"accelerometer; autoplay; clipboard-write; encrypted-media; gyroscope; picture-in-picture\" allowfullscreen><\/iframe><\/div>\n\t\t<\/div>\n\t<\/div>\n<\/div><\/div><\/div><div class=\"wpb_column vc_column_container vc_col-sm-6\"><div class=\"vc_column-inner\"><div class=\"wpb_wrapper\">\n\t<div class=\"wpb_video_widget wpb_content_element vc_clearfix   vc_video-aspect-ratio-169 vc_video-el-width-100 vc_video-align-center\" >\n\t\t<div class=\"wpb_wrapper\">\n\t\t\t\n\t\t\t<div class=\"wpb_video_wrapper\"><iframe loading=\"lazy\" title=\"WhatsApp Video 2022 08 29 at 12 33 33\" width=\"1170\" height=\"658\" src=\"https:\/\/www.youtube.com\/embed\/fLVI3d3Xa1I?feature=oembed\" frameborder=\"0\" allow=\"accelerometer; autoplay; clipboard-write; encrypted-media; gyroscope; picture-in-picture\" allowfullscreen><\/iframe><\/div>\n\t\t<\/div>\n\t<\/div>\n<\/div><\/div><\/div><\/div><div class=\"vc_row wpb_row vc_row-fluid la_fp_slide la_fp_child_section\"><div class=\"wpb_column vc_column_container vc_col-sm-6\"><div class=\"vc_column-inner\"><div class=\"wpb_wrapper\">\n\t<div class=\"wpb_video_widget wpb_content_element vc_clearfix   vc_video-aspect-ratio-169 vc_video-el-width-100 vc_video-align-center\" >\n\t\t<div class=\"wpb_wrapper\">\n\t\t\t\n\t\t\t<div class=\"wpb_video_wrapper\"><iframe loading=\"lazy\" title=\"WhatsApp Video 2022 08 29 at 12 33 45\" width=\"1170\" height=\"658\" src=\"https:\/\/www.youtube.com\/embed\/OUz2p2Of5ac?feature=oembed\" frameborder=\"0\" allow=\"accelerometer; autoplay; clipboard-write; encrypted-media; gyroscope; picture-in-picture\" allowfullscreen><\/iframe><\/div>\n\t\t<\/div>\n\t<\/div>\n<\/div><\/div><\/div><div class=\"wpb_column vc_column_container vc_col-sm-6\"><div class=\"vc_column-inner\"><div class=\"wpb_wrapper\">\n\t<div class=\"wpb_video_widget wpb_content_element vc_clearfix   vc_video-aspect-ratio-169 vc_video-el-width-100 vc_video-align-center\" >\n\t\t<div class=\"wpb_wrapper\">\n\t\t\t\n\t\t\t<div class=\"wpb_video_wrapper\"><iframe loading=\"lazy\" title=\"WhatsApp Video 2022 08 29 at 12 32 22\" width=\"1170\" height=\"658\" src=\"https:\/\/www.youtube.com\/embed\/fC4bWaf6tbc?feature=oembed\" frameborder=\"0\" allow=\"accelerometer; autoplay; clipboard-write; encrypted-media; gyroscope; picture-in-picture\" allowfullscreen><\/iframe><\/div>\n\t\t<\/div>\n\t<\/div>\n<\/div><\/div><\/div><\/div>","protected":false},"excerpt":{"rendered":"Fabrika AHM METAL AKSESUAR 2005 y\u0131l\u0131nda \u0130stanbul'da kuruldu. \u0130kitelli O.S.B adresindeki firmam\u0131z ayakkab\u0131, tekstil, haz\u0131r giyim, k\u0131rtasiye, elektrik, \u00e7anta, kemer sekt\u00f6r\u00fcndeki m\u00fc\u015fterilerine ku\u015fg\u00f6z\u00fc, kanca, rivet, \u00e7\u0131t\u00e7\u0131t, per\u00e7in gibi \u00e7e\u015fitli metal aksesuar hizmetleri sunmakt\u0131r. B\u00fct\u00fcn imalat kal\u0131plar\u0131n\u0131 kendi b\u00fcnyesinde yapan firmam\u0131z m\u00fc\u015fteri be\u011fenisine uygun tasar\u0131m se\u00e7enekleriyle kaliteli \u00fcretim yapmak ve ku\u015fg\u00f6z\u00fc \u00e7akma kal\u0131plar\u0131m\u0131zla m\u00fc\u015fterilerimize daha iyi hizmet vermeyi hedeflemektir. Uygun fiyat&hellip;","protected":false},"author":1,"featured_media":0,"parent":0,"menu_order":0,"comment_status":"closed","ping_status":"closed","template":"","meta":{"footnotes":""},"class_list":["post-5418","page","type-page","status-publish","hentry"],"yoast_head":"<!-- This site is optimized with the Yoast SEO plugin v27.4 - https:\/\/yoast.com\/product\/yoast-seo-wordpress\/ -->\n<title>Fabrika - Ahm Metal Aksesuar<\/title>\n<meta name=\"description\" content=\"AHM METAL AKSESUAR 2005 y\u0131l\u0131nda \u0130stanbul&#039;da kuruldu. \u0130kitelli O.S.B adresindeki firmam\u0131z ayakkab\u0131, tekstil, haz\u0131r giyim, k\u0131rtasiye,\" \/>\n<meta name=\"robots\" content=\"index, follow, max-snippet:-1, max-image-preview:large, max-video-preview:-1\" \/>\n<link rel=\"canonical\" href=\"https:\/\/ahmmetalaksesuar.com\/en\/fabrika\/\" \/>\n<meta property=\"og:locale\" content=\"en_US\" \/>\n<meta property=\"og:type\" content=\"article\" \/>\n<meta property=\"og:title\" content=\"Fabrika - Ahm Metal Aksesuar\" \/>\n<meta property=\"og:description\" content=\"AHM METAL AKSESUAR 2005 y\u0131l\u0131nda \u0130stanbul&#039;da kuruldu. \u0130kitelli O.S.B adresindeki firmam\u0131z ayakkab\u0131, tekstil, haz\u0131r giyim, k\u0131rtasiye,\" \/>\n<meta property=\"og:url\" content=\"https:\/\/ahmmetalaksesuar.com\/en\/fabrika\/\" \/>\n<meta property=\"og:site_name\" content=\"Ahm Metal Aksesuar\" \/>\n<meta property=\"article:modified_time\" content=\"2022-09-06T15:06:49+00:00\" \/>\n<meta name=\"twitter:card\" content=\"summary_large_image\" \/>\n<meta name=\"twitter:label1\" content=\"Est. reading time\" \/>\n\t<meta name=\"twitter:data1\" content=\"1 minute\" \/>\n<script type=\"application\/ld+json\" class=\"yoast-schema-graph\">{\"@context\":\"https:\\\/\\\/schema.org\",\"@graph\":[{\"@type\":\"WebPage\",\"@id\":\"https:\\\/\\\/ahmmetalaksesuar.com\\\/fabrika\\\/\",\"url\":\"https:\\\/\\\/ahmmetalaksesuar.com\\\/fabrika\\\/\",\"name\":\"Fabrika - Ahm Metal Aksesuar\",\"isPartOf\":{\"@id\":\"https:\\\/\\\/ahmmetalaksesuar.com\\\/#website\"},\"datePublished\":\"2022-09-01T08:55:17+00:00\",\"dateModified\":\"2022-09-06T15:06:49+00:00\",\"description\":\"AHM METAL AKSESUAR 2005 y\u0131l\u0131nda \u0130stanbul'da kuruldu. \u0130kitelli O.S.B adresindeki firmam\u0131z ayakkab\u0131, tekstil, haz\u0131r giyim, k\u0131rtasiye,\",\"breadcrumb\":{\"@id\":\"https:\\\/\\\/ahmmetalaksesuar.com\\\/fabrika\\\/#breadcrumb\"},\"inLanguage\":\"en-US\",\"potentialAction\":[{\"@type\":\"ReadAction\",\"target\":[\"https:\\\/\\\/ahmmetalaksesuar.com\\\/fabrika\\\/\"]}]},{\"@type\":\"BreadcrumbList\",\"@id\":\"https:\\\/\\\/ahmmetalaksesuar.com\\\/fabrika\\\/#breadcrumb\",\"itemListElement\":[{\"@type\":\"ListItem\",\"position\":1,\"name\":\"Anasayfa\",\"item\":\"https:\\\/\\\/ahmmetalaksesuar.com\\\/\"},{\"@type\":\"ListItem\",\"position\":2,\"name\":\"Fabrika\"}]},{\"@type\":\"WebSite\",\"@id\":\"https:\\\/\\\/ahmmetalaksesuar.com\\\/#website\",\"url\":\"https:\\\/\\\/ahmmetalaksesuar.com\\\/\",\"name\":\"Ahm Metal Aksesuar\",\"description\":\"\",\"publisher\":{\"@id\":\"https:\\\/\\\/ahmmetalaksesuar.com\\\/#organization\"},\"potentialAction\":[{\"@type\":\"SearchAction\",\"target\":{\"@type\":\"EntryPoint\",\"urlTemplate\":\"https:\\\/\\\/ahmmetalaksesuar.com\\\/?s={search_term_string}\"},\"query-input\":{\"@type\":\"PropertyValueSpecification\",\"valueRequired\":true,\"valueName\":\"search_term_string\"}}],\"inLanguage\":\"en-US\"},{\"@type\":\"Organization\",\"@id\":\"https:\\\/\\\/ahmmetalaksesuar.com\\\/#organization\",\"name\":\"Ahm Metal Aksesuar\",\"url\":\"https:\\\/\\\/ahmmetalaksesuar.com\\\/\",\"logo\":{\"@type\":\"ImageObject\",\"inLanguage\":\"en-US\",\"@id\":\"https:\\\/\\\/ahmmetalaksesuar.com\\\/#\\\/schema\\\/logo\\\/image\\\/\",\"url\":\"https:\\\/\\\/ahmmetalaksesuar.com\\\/wp-content\\\/uploads\\\/2022\\\/08\\\/logo.png\",\"contentUrl\":\"https:\\\/\\\/ahmmetalaksesuar.com\\\/wp-content\\\/uploads\\\/2022\\\/08\\\/logo.png\",\"width\":209,\"height\":110,\"caption\":\"Ahm Metal Aksesuar\"},\"image\":{\"@id\":\"https:\\\/\\\/ahmmetalaksesuar.com\\\/#\\\/schema\\\/logo\\\/image\\\/\"}}]}<\/script>\n<!-- \/ Yoast SEO plugin. -->","yoast_head_json":{"title":"Fabrika - Ahm Metal Aksesuar","description":"AHM METAL AKSESUAR 2005 y\u0131l\u0131nda \u0130stanbul'da kuruldu. \u0130kitelli O.S.B adresindeki firmam\u0131z ayakkab\u0131, tekstil, haz\u0131r giyim, k\u0131rtasiye,","robots":{"index":"index","follow":"follow","max-snippet":"max-snippet:-1","max-image-preview":"max-image-preview:large","max-video-preview":"max-video-preview:-1"},"canonical":"https:\/\/ahmmetalaksesuar.com\/en\/fabrika\/","og_locale":"en_US","og_type":"article","og_title":"Fabrika - Ahm Metal Aksesuar","og_description":"AHM METAL AKSESUAR 2005 y\u0131l\u0131nda \u0130stanbul'da kuruldu. \u0130kitelli O.S.B adresindeki firmam\u0131z ayakkab\u0131, tekstil, haz\u0131r giyim, k\u0131rtasiye,","og_url":"https:\/\/ahmmetalaksesuar.com\/en\/fabrika\/","og_site_name":"Ahm Metal Aksesuar","article_modified_time":"2022-09-06T15:06:49+00:00","twitter_card":"summary_large_image","twitter_misc":{"Est. reading time":"1 minute"},"schema":{"@context":"https:\/\/schema.org","@graph":[{"@type":"WebPage","@id":"https:\/\/ahmmetalaksesuar.com\/fabrika\/","url":"https:\/\/ahmmetalaksesuar.com\/fabrika\/","name":"Fabrika - Ahm Metal Aksesuar","isPartOf":{"@id":"https:\/\/ahmmetalaksesuar.com\/#website"},"datePublished":"2022-09-01T08:55:17+00:00","dateModified":"2022-09-06T15:06:49+00:00","description":"AHM METAL AKSESUAR 2005 y\u0131l\u0131nda \u0130stanbul'da kuruldu. \u0130kitelli O.S.B adresindeki firmam\u0131z ayakkab\u0131, tekstil, haz\u0131r giyim, k\u0131rtasiye,","breadcrumb":{"@id":"https:\/\/ahmmetalaksesuar.com\/fabrika\/#breadcrumb"},"inLanguage":"en-US","potentialAction":[{"@type":"ReadAction","target":["https:\/\/ahmmetalaksesuar.com\/fabrika\/"]}]},{"@type":"BreadcrumbList","@id":"https:\/\/ahmmetalaksesuar.com\/fabrika\/#breadcrumb","itemListElement":[{"@type":"ListItem","position":1,"name":"Anasayfa","item":"https:\/\/ahmmetalaksesuar.com\/"},{"@type":"ListItem","position":2,"name":"Fabrika"}]},{"@type":"WebSite","@id":"https:\/\/ahmmetalaksesuar.com\/#website","url":"https:\/\/ahmmetalaksesuar.com\/","name":"Ahm Metal Aksesuar","description":"","publisher":{"@id":"https:\/\/ahmmetalaksesuar.com\/#organization"},"potentialAction":[{"@type":"SearchAction","target":{"@type":"EntryPoint","urlTemplate":"https:\/\/ahmmetalaksesuar.com\/?s={search_term_string}"},"query-input":{"@type":"PropertyValueSpecification","valueRequired":true,"valueName":"search_term_string"}}],"inLanguage":"en-US"},{"@type":"Organization","@id":"https:\/\/ahmmetalaksesuar.com\/#organization","name":"Ahm Metal Aksesuar","url":"https:\/\/ahmmetalaksesuar.com\/","logo":{"@type":"ImageObject","inLanguage":"en-US","@id":"https:\/\/ahmmetalaksesuar.com\/#\/schema\/logo\/image\/","url":"https:\/\/ahmmetalaksesuar.com\/wp-content\/uploads\/2022\/08\/logo.png","contentUrl":"https:\/\/ahmmetalaksesuar.com\/wp-content\/uploads\/2022\/08\/logo.png","width":209,"height":110,"caption":"Ahm Metal Aksesuar"},"image":{"@id":"https:\/\/ahmmetalaksesuar.com\/#\/schema\/logo\/image\/"}}]}},"_links":{"self":[{"href":"https:\/\/ahmmetalaksesuar.com\/en\/wp-json\/wp\/v2\/pages\/5418","targetHints":{"allow":["GET"]}}],"collection":[{"href":"https:\/\/ahmmetalaksesuar.com\/en\/wp-json\/wp\/v2\/pages"}],"about":[{"href":"https:\/\/ahmmetalaksesuar.com\/en\/wp-json\/wp\/v2\/types\/page"}],"author":[{"embeddable":true,"href":"https:\/\/ahmmetalaksesuar.com\/en\/wp-json\/wp\/v2\/users\/1"}],"replies":[{"embeddable":true,"href":"https:\/\/ahmmetalaksesuar.com\/en\/wp-json\/wp\/v2\/comments?post=5418"}],"version-history":[{"count":4,"href":"https:\/\/ahmmetalaksesuar.com\/en\/wp-json\/wp\/v2\/pages\/5418\/revisions"}],"predecessor-version":[{"id":5607,"href":"https:\/\/ahmmetalaksesuar.com\/en\/wp-json\/wp\/v2\/pages\/5418\/revisions\/5607"}],"wp:attachment":[{"href":"https:\/\/ahmmetalaksesuar.com\/en\/wp-json\/wp\/v2\/media?parent=5418"}],"curies":[{"name":"wp","href":"https:\/\/api.w.org\/{rel}","templated":true}]}}