{"id":4756,"date":"2022-08-29T14:51:56","date_gmt":"2022-08-29T11:51:56","guid":{"rendered":"https:\/\/ahmmetalaksesuar.com\/?page_id=4756"},"modified":"2022-09-21T13:37:36","modified_gmt":"2022-09-21T10:37:36","slug":"40x80-yarim-delik-boru-pim-ve-pulu","status":"publish","type":"page","link":"https:\/\/ahmmetalaksesuar.com\/en\/urunlerimiz\/pimler\/40x80-yarim-delik-boru-pim-ve-pulu\/","title":{"rendered":"40&#215;80 Yar\u0131m Delik Boru Pim ve Pulu"},"content":{"rendered":"<div class=\"vc_row wpb_row vc_row-fluid la_fp_slide la_fp_child_section\"><div class=\"wpb_column vc_column_container vc_col-sm-12\"><div class=\"vc_column-inner\"><div class=\"wpb_wrapper\"><div id=\"la_divider69e3433836ef0\" class=\"js-el la-divider la-unit-responsive\" data-la_component=\"UnitResponsive\"  data-el_target='#la_divider69e3433836ef0'  data-el_media_sizes='{&quot;padding-top&quot;:&quot;lg:50px;&quot;}' ><\/div>\n<\/div><\/div><\/div><\/div><div id=\"row_intro_demo_17\" data-vc-full-width=\"true\" data-vc-full-width-init=\"false\" data-vc-stretch-content=\"true\" class=\"vc_row wpb_row vc_row-fluid la_fp_slide la_fp_child_section\"><div class=\"first-column wpb_column vc_column_container vc_col-sm-7 vc_col-md-6\"><div class=\"vc_column-inner\"><div class=\"wpb_wrapper\"><div id=\"la_heading_69e34338375e2\" class=\"la-headings text-left\"><h2 class=\"js-el heading-tag la-unit-responsive\" style=\"\" >40x80 Yar\u0131m Delik Boru Pim ve Pulu<\/h2><\/div>\n<div id=\"la_heading_69e34338383ad\" class=\"la-headings text-left\"><div class=\"js-el subheading-tag la-unit-responsive\" style=\"\" ><div class=\"h6\"><span class=\"light\" style=\"line-height: 30px;\"><br \/>\nPimlerin bir k\u0131sm\u0131 polyester d\u00fc\u011fmelerin ve zamak \u00e7\u0131t\u00e7\u0131t kafalar\u0131n\u0131n montaj\u0131 i\u00e7in kullan\u0131lmaktad\u0131r. Bunlar pirin\u00e7 malzemeden \u00fcretilmektedir. Sac malzemeden \u00fcretilen di\u011fer pim \u00e7e\u015fitleri de kemer e \u00e7anta sekt\u00f6r\u00fcnden s\u00fcs olarak, ayakkab\u0131 sekt\u00f6r\u00fcnden bot kancalar\u0131n\u0131n per\u00e7inlenmesinde ve ayr\u0131ca k\u0131rtasiye sekt\u00f6r\u00fcnden ofis klas\u00f6rlerininin ve sekreterlerin mekanizmaya per\u00e7inleme amac\u0131yla kullan\u0131lmaktad\u0131r.<br \/>\n<\/span><\/div>\n<\/div><\/div>\n<div id=\"la_divider69e3433838539\" class=\"js-el la-divider la-unit-responsive\" data-la_component=\"UnitResponsive\"  data-el_target='#la_divider69e3433838539'  data-el_media_sizes='{&quot;padding-top&quot;:&quot;lg:30px;&quot;}' ><\/div>\n<div class=\"btn-wrapper btn-align-left\">\n    <a class=\"btn btn-color-primary btn-align-left btn-size-md btn-style-flat btn-shape-square btn-brw-1 margin-right-20\" href=\"https:\/\/ahmmetalaksesuar.com\/iletisim\/\" title=\"\u0130leti\u015fim\"><span>\u0130leti\u015fim<\/span><\/a><\/div><div id=\"la_divider69e34338388e7\" class=\"js-el la-divider la-unit-responsive\" data-la_component=\"UnitResponsive\"  data-el_target='#la_divider69e34338388e7'  data-el_media_sizes='{&quot;padding-top&quot;:&quot;lg:30px;&quot;}' ><\/div>\n<\/div><\/div><\/div><div class=\"wpb_column vc_column_container vc_col-sm-5 vc_col-md-6\"><div class=\"vc_column-inner\"><div class=\"wpb_wrapper\">\n            <div \n                class=\"elfsight-widget-form-builder elfsight-widget\" \n                data-elfsight-form-builder-options=\"%7B%22ei%22%3A%22%22%2C%22fields%22%3A%5B%7B%22type%22%3A%22text%22%2C%22placeholder%22%3A%22%5Cu0130sim%22%2C%22description%22%3A%22%22%2C%22label%22%3A%22%22%2C%22required%22%3Afalse%2C%22columnWidth%22%3A50%2C%22id%22%3A%22%5B%5D%22%7D%2C%7B%22type%22%3A%22email%22%2C%22label%22%3A%22%22%2C%22description%22%3A%22%22%2C%22placeholder%22%3A%22Mail%22%2C%22required%22%3Atrue%2C%22columnWidth%22%3A50%2C%22id%22%3A%22%5B%5D%22%7D%2C%7B%22type%22%3A%22phone%22%2C%22label%22%3A%22%22%2C%22placeholder%22%3A%22Telefon%22%2C%22description%22%3A%22%22%2C%22required%22%3Afalse%2C%22columnWidth%22%3A50%2C%22id%22%3A%22%5B%5D%22%7D%2C%7B%22type%22%3A%22text%22%2C%22placeholder%22%3A%22Firma%20Ad%5Cu0131%22%2C%22description%22%3A%22%22%2C%22label%22%3A%22%22%2C%22required%22%3Afalse%2C%22columnWidth%22%3A50%2C%22id%22%3A%22%5B%5D%22%7D%2C%7B%22type%22%3A%22textarea%22%2C%22label%22%3A%22%22%2C%22description%22%3A%22%22%2C%22placeholder%22%3A%22Mesaj%5Cu0131n%5Cu0131z%22%2C%22required%22%3Atrue%2C%22columnWidth%22%3A100%2C%22id%22%3A%22%5B%5D%22%7D%5D%2C%22headerActive%22%3Atrue%2C%22headerTitle%22%3A%22Sipari%5Cu015f%20Formu%22%2C%22headerText%22%3A%22Hemen%20sipari%5Cu015f%20formunuzu%20iletin%20m%5Cu00fc%5Cu015fteri%20hizmetlerimiz%20sizleri%20aras%5Cu0131n.%22%2C%22headerPictureUrl%22%3A%22message%22%2C%22footerText%22%3A%22%22%2C%22actionAfterSubmit%22%3A%22message%22%2C%22successMessage%22%3A%22Mesaj%5Cu0131n%5Cu0131z%20iletildi%20m%5Cu00fc%5Cu015fteri%20hizmetleri%20sizlere%20geri%20d%5Cu00f6n%5Cu00fc%5Cu015f%20sa%5Cu011flayacakt%5Cu0131r.%20%5Cu0130yi%20g%5Cu00fcnler%20dileriz.%22%2C%22successContinueText%22%3A%22OK%22%2C%22redirectUrl%22%3A%22https%3A%5C%2F%5C%2Fexample.com%22%2C%22submitText%22%3A%22G%5Cu00f6nder%22%2C%22stepsMessagesDivider%22%3Anull%2C%22stepsMessagesTitle%22%3Anull%2C%22stepsText%22%3A%22step%20%251%20of%20%252%22%2C%22stepBackText%22%3A%22Back%22%2C%22stepNextText%22%3A%22Next%22%2C%22errorMessageAllRequired%22%3A%22L%5Cu00fctfen%20gerekli%20t%5Cu00fcm%20alanlar%5Cu0131%20doldurun%22%2C%22errorMessageAllIncorrect%22%3A%22L%5Cu00fctfen%20t%5Cu00fcm%20alanlar%5Cu0131%20do%5Cu011fru%20doldurunuz%22%2C%22errorMessageSetMailTo%22%3A%22L%5Cu00fctfen%20mesajlar%5Cu0131n%20g%5Cu00f6nderilece%5Cu011fi%20e-postay%5Cu0131%20ayarlay%5Cu0131n%22%2C%22errorMessageRequiredCaptcha%22%3A%22L%5Cu00fctfen%20captcha%27y%5Cu0131%20girin%22%2C%22errorMessageFileSizeLimit%22%3A%22Dosya%20boyutu%20s%5Cu0131n%5Cu0131r%5Cu0131%20a%5Cu015f%5Cu0131ld%5Cu0131%22%2C%22errorMessageFileNotAllowed%22%3A%22Dosya%20uzant%5Cu0131s%5Cu0131na%20izin%20verilmiyor%22%2C%22errorMessageUnknown%22%3A%22Bilinmeyen%20hata%22%2C%22errorMessageRequired%22%3A%22gerekli%20alan%22%2C%22errorMessageInvalid%22%3A%22Ge%5Cu00e7ersiz%22%2C%22errorMessageInvalidEmail%22%3A%22Ge%5Cu00e7ersiz%20email%22%2C%22errorMessageInvalidPhone%22%3A%22Ge%5Cu00e7ersiz%20telefon%22%2C%22errorMessageInvalidUrl%22%3A%22Ge%5Cu00e7ersiz%20web%20site%22%2C%22calendarWeekdaysShorthand%22%3A%22Pzt%5CnSal%5Cu0131%5Cn%5Cu00c7ar%5Cu015famba%5CnPer%5Cu015fembe%5CnCuma%5CnCumartesi%5CnPazar%22%2C%22calendarMonthsLonghand%22%3A%22Ocak%5Cn%5Cu015eubat%5CnMart%5CnNisan%20%5CnMay%5Cu0131s%5CnHaziran%5CnTemmuz%20%5CnA%5Cu011fustos%5CnEyl%5Cu00fcl%5CnEkim%5CnKas%5Cu0131m%5CnAral%5Cu0131k%22%2C%22showProgress%22%3Atrue%2C%22recaptchaType%22%3A%22invisible%22%2C%22integrationsGoogleToken%22%3A%22%22%2C%22integrationsGoogleSheetId%22%3A%22%22%2C%22layout%22%3A%22default%22%2C%22floatingIcon%22%3A%22message%22%2C%22floatingText%22%3A%22%22%2C%22floatingPosition%22%3A%22right%22%2C%22width%22%3A%22580%22%2C%22style%22%3A%22classic%22%2C%22mainColor%22%3A%22rgb%28163%2C%2023%2C%2044%29%22%2C%22apiUrl%22%3A%22https%3A%5C%2F%5C%2Fahmmetalaksesuar.com%5C%2Fen%5C%2Fwp-json%5C%2Felfsight-form-builder%5C%2Fapi%22%2C%22recaptchaKeyCheckbox%22%3A%226LfXGHgUAAAAAHNIE_EH7kEI1l4xvf_ynIlg5bfo%22%2C%22recaptchaKeyInvisible%22%3A%226Ld1CXgUAAAAAFTHmixC1Eo-NP7_3ddB1YOj9AfX%22%2C%22widgetId%22%3A%2210%22%7D\" \n                data-elfsight-form-builder-version=\"1.5.0\"\n                data-elfsight-widget-id=\"elfsight-form-builder-10\">\n            <\/div>\n            <\/div><\/div><\/div><\/div><div class=\"vc_row-full-width vc_clearfix\"><\/div><div class=\"vc_row wpb_row vc_row-fluid la_fp_slide la_fp_child_section\"><div class=\"wpb_column vc_column_container vc_col-sm-4\"><div class=\"vc_column-inner\"><div class=\"wpb_wrapper\">\n\t<div  class=\"wpb_single_image wpb_content_element vc_align_center\">\n\t\t\n\t\t<figure class=\"wpb_wrapper vc_figure\">\n\t\t\t<a data-rel=\"prettyPhoto[rel-4756-3040105128]\" href=\"https:\/\/ahmmetalaksesuar.com\/wp-content\/uploads\/2022\/08\/12-40x80-yarim-delik-boru-pim-ve-pulu.jpg\" target=\"_self\" class=\"vc_single_image-wrapper   vc_box_border_grey prettyphoto\"><img loading=\"lazy\" decoding=\"async\" width=\"1024\" height=\"600\" src=\"https:\/\/ahmmetalaksesuar.com\/wp-content\/uploads\/2022\/08\/12-40x80-yarim-delik-boru-pim-ve-pulu.jpg\" class=\"vc_single_image-img attachment-medium\" alt=\"\" srcset=\"https:\/\/ahmmetalaksesuar.com\/wp-content\/uploads\/2022\/08\/12-40x80-yarim-delik-boru-pim-ve-pulu.jpg 1024w, https:\/\/ahmmetalaksesuar.com\/wp-content\/uploads\/2022\/08\/12-40x80-yarim-delik-boru-pim-ve-pulu-768x450.jpg 768w\" sizes=\"auto, (max-width: 1024px) 100vw, 1024px\" \/><\/a>\n\t\t<\/figure>\n\t<\/div>\n<\/div><\/div><\/div><div class=\"wpb_column vc_column_container vc_col-sm-4\"><div class=\"vc_column-inner\"><div class=\"wpb_wrapper\">\n\t<div  class=\"wpb_single_image wpb_content_element vc_align_center\">\n\t\t\n\t\t<figure class=\"wpb_wrapper vc_figure\">\n\t\t\t<a data-rel=\"prettyPhoto[rel-4756-4240868970]\" href=\"https:\/\/ahmmetalaksesuar.com\/wp-content\/uploads\/2022\/09\/3.jpg\" target=\"_self\" class=\"vc_single_image-wrapper   vc_box_border_grey prettyphoto\"><img loading=\"lazy\" decoding=\"async\" width=\"1018\" height=\"808\" src=\"https:\/\/ahmmetalaksesuar.com\/wp-content\/uploads\/2022\/09\/3.jpg\" class=\"vc_single_image-img attachment-medium\" alt=\"\" srcset=\"https:\/\/ahmmetalaksesuar.com\/wp-content\/uploads\/2022\/09\/3.jpg 1018w, https:\/\/ahmmetalaksesuar.com\/wp-content\/uploads\/2022\/09\/3-768x610.jpg 768w\" sizes=\"auto, (max-width: 1018px) 100vw, 1018px\" \/><\/a>\n\t\t<\/figure>\n\t<\/div>\n<\/div><\/div><\/div><div class=\"wpb_column vc_column_container vc_col-sm-4\"><div class=\"vc_column-inner\"><div class=\"wpb_wrapper\">\n\t<div class=\"wpb_text_column wpb_content_element \" >\n\t\t<div class=\"wpb_wrapper\">\n\t\t\t<div class=\"h2\"><strong><span style=\"color: #ff0000;\">d:<\/span><\/strong><\/div>\n<div class=\"h2\"><strong><span style=\"color: #0000ff;\">h:<\/span><\/strong><\/div>\n<div class=\"h2\"><span style=\"color: #000000;\"><strong>D:<\/strong><\/span><\/div>\n\n\t\t<\/div>\n\t<\/div>\n<\/div><\/div><\/div><\/div>\n","protected":false},"excerpt":{"rendered":"40x80 Yar\u0131m Delik Boru Pim ve Pulu Pimlerin bir k\u0131sm\u0131 polyester d\u00fc\u011fmelerin ve zamak \u00e7\u0131t\u00e7\u0131t kafalar\u0131n\u0131n montaj\u0131 i\u00e7in kullan\u0131lmaktad\u0131r. Bunlar pirin\u00e7 malzemeden \u00fcretilmektedir. Sac malzemeden \u00fcretilen di\u011fer pim \u00e7e\u015fitleri de kemer e \u00e7anta sekt\u00f6r\u00fcnden s\u00fcs olarak, ayakkab\u0131 sekt\u00f6r\u00fcnden bot kancalar\u0131n\u0131n per\u00e7inlenmesinde ve ayr\u0131ca k\u0131rtasiye sekt\u00f6r\u00fcnden ofis klas\u00f6rlerininin ve sekreterlerin mekanizmaya per\u00e7inleme amac\u0131yla kullan\u0131lmaktad\u0131r. \u0130leti\u015fim d: h: D:","protected":false},"author":1,"featured_media":0,"parent":4661,"menu_order":0,"comment_status":"closed","ping_status":"closed","template":"","meta":{"footnotes":""},"class_list":["post-4756","page","type-page","status-publish","hentry"],"yoast_head":"<!-- This site is optimized with the Yoast SEO plugin v27.4 - https:\/\/yoast.com\/product\/yoast-seo-wordpress\/ -->\n<title>40x80 Yar\u0131m Delik Boru Pim ve Pulu - Ahm Metal Aksesuar<\/title>\n<meta name=\"description\" content=\"Pimlerin bir k\u0131sm\u0131 polyester d\u00fc\u011fmelerin ve zamak \u00e7\u0131t\u00e7\u0131t kafalar\u0131n\u0131n montaj\u0131 i\u00e7in kullan\u0131lmaktad\u0131r. Bunlar pirin\u00e7 malzemeden \u00fcretilmektedir.\" \/>\n<meta name=\"robots\" content=\"index, follow, max-snippet:-1, max-image-preview:large, max-video-preview:-1\" \/>\n<link rel=\"canonical\" href=\"https:\/\/ahmmetalaksesuar.com\/en\/urunlerimiz\/pimler\/40x80-yarim-delik-boru-pim-ve-pulu\/\" \/>\n<meta property=\"og:locale\" content=\"en_US\" \/>\n<meta property=\"og:type\" content=\"article\" \/>\n<meta property=\"og:title\" content=\"40x80 Yar\u0131m Delik Boru Pim ve Pulu - Ahm Metal Aksesuar\" \/>\n<meta property=\"og:description\" content=\"Pimlerin bir k\u0131sm\u0131 polyester d\u00fc\u011fmelerin ve zamak \u00e7\u0131t\u00e7\u0131t kafalar\u0131n\u0131n montaj\u0131 i\u00e7in kullan\u0131lmaktad\u0131r. Bunlar pirin\u00e7 malzemeden \u00fcretilmektedir.\" \/>\n<meta property=\"og:url\" content=\"https:\/\/ahmmetalaksesuar.com\/en\/urunlerimiz\/pimler\/40x80-yarim-delik-boru-pim-ve-pulu\/\" \/>\n<meta property=\"og:site_name\" content=\"Ahm Metal Aksesuar\" \/>\n<meta property=\"article:modified_time\" content=\"2022-09-21T10:37:36+00:00\" \/>\n<meta name=\"twitter:card\" content=\"summary_large_image\" \/>\n<meta name=\"twitter:label1\" content=\"Est. reading time\" \/>\n\t<meta name=\"twitter:data1\" content=\"1 minute\" \/>\n<script type=\"application\/ld+json\" class=\"yoast-schema-graph\">{\"@context\":\"https:\\\/\\\/schema.org\",\"@graph\":[{\"@type\":\"WebPage\",\"@id\":\"https:\\\/\\\/ahmmetalaksesuar.com\\\/urunlerimiz\\\/pimler\\\/40x80-yarim-delik-boru-pim-ve-pulu\\\/\",\"url\":\"https:\\\/\\\/ahmmetalaksesuar.com\\\/urunlerimiz\\\/pimler\\\/40x80-yarim-delik-boru-pim-ve-pulu\\\/\",\"name\":\"40x80 Yar\u0131m Delik Boru Pim ve Pulu - Ahm Metal Aksesuar\",\"isPartOf\":{\"@id\":\"https:\\\/\\\/ahmmetalaksesuar.com\\\/#website\"},\"datePublished\":\"2022-08-29T11:51:56+00:00\",\"dateModified\":\"2022-09-21T10:37:36+00:00\",\"description\":\"Pimlerin bir k\u0131sm\u0131 polyester d\u00fc\u011fmelerin ve zamak \u00e7\u0131t\u00e7\u0131t kafalar\u0131n\u0131n montaj\u0131 i\u00e7in kullan\u0131lmaktad\u0131r. Bunlar pirin\u00e7 malzemeden \u00fcretilmektedir.\",\"breadcrumb\":{\"@id\":\"https:\\\/\\\/ahmmetalaksesuar.com\\\/urunlerimiz\\\/pimler\\\/40x80-yarim-delik-boru-pim-ve-pulu\\\/#breadcrumb\"},\"inLanguage\":\"en-US\",\"potentialAction\":[{\"@type\":\"ReadAction\",\"target\":[\"https:\\\/\\\/ahmmetalaksesuar.com\\\/urunlerimiz\\\/pimler\\\/40x80-yarim-delik-boru-pim-ve-pulu\\\/\"]}]},{\"@type\":\"BreadcrumbList\",\"@id\":\"https:\\\/\\\/ahmmetalaksesuar.com\\\/urunlerimiz\\\/pimler\\\/40x80-yarim-delik-boru-pim-ve-pulu\\\/#breadcrumb\",\"itemListElement\":[{\"@type\":\"ListItem\",\"position\":1,\"name\":\"Anasayfa\",\"item\":\"https:\\\/\\\/ahmmetalaksesuar.com\\\/\"},{\"@type\":\"ListItem\",\"position\":2,\"name\":\"\u00dcr\u00fcnlerimiz\",\"item\":\"https:\\\/\\\/ahmmetalaksesuar.com\\\/urunlerimiz\\\/\"},{\"@type\":\"ListItem\",\"position\":3,\"name\":\"Pimler\",\"item\":\"https:\\\/\\\/ahmmetalaksesuar.com\\\/urunlerimiz\\\/pimler\\\/\"},{\"@type\":\"ListItem\",\"position\":4,\"name\":\"40&#215;80 Yar\u0131m Delik Boru Pim ve Pulu\"}]},{\"@type\":\"WebSite\",\"@id\":\"https:\\\/\\\/ahmmetalaksesuar.com\\\/#website\",\"url\":\"https:\\\/\\\/ahmmetalaksesuar.com\\\/\",\"name\":\"Ahm Metal Aksesuar\",\"description\":\"\",\"publisher\":{\"@id\":\"https:\\\/\\\/ahmmetalaksesuar.com\\\/#organization\"},\"potentialAction\":[{\"@type\":\"SearchAction\",\"target\":{\"@type\":\"EntryPoint\",\"urlTemplate\":\"https:\\\/\\\/ahmmetalaksesuar.com\\\/?s={search_term_string}\"},\"query-input\":{\"@type\":\"PropertyValueSpecification\",\"valueRequired\":true,\"valueName\":\"search_term_string\"}}],\"inLanguage\":\"en-US\"},{\"@type\":\"Organization\",\"@id\":\"https:\\\/\\\/ahmmetalaksesuar.com\\\/#organization\",\"name\":\"Ahm Metal Aksesuar\",\"url\":\"https:\\\/\\\/ahmmetalaksesuar.com\\\/\",\"logo\":{\"@type\":\"ImageObject\",\"inLanguage\":\"en-US\",\"@id\":\"https:\\\/\\\/ahmmetalaksesuar.com\\\/#\\\/schema\\\/logo\\\/image\\\/\",\"url\":\"https:\\\/\\\/ahmmetalaksesuar.com\\\/wp-content\\\/uploads\\\/2022\\\/08\\\/logo.png\",\"contentUrl\":\"https:\\\/\\\/ahmmetalaksesuar.com\\\/wp-content\\\/uploads\\\/2022\\\/08\\\/logo.png\",\"width\":209,\"height\":110,\"caption\":\"Ahm Metal Aksesuar\"},\"image\":{\"@id\":\"https:\\\/\\\/ahmmetalaksesuar.com\\\/#\\\/schema\\\/logo\\\/image\\\/\"}}]}<\/script>\n<!-- \/ Yoast SEO plugin. -->","yoast_head_json":{"title":"40x80 Yar\u0131m Delik Boru Pim ve Pulu - Ahm Metal Aksesuar","description":"Some of the pins are used for mounting polyester buttons and zamak snap heads. These are made of brass material.","robots":{"index":"index","follow":"follow","max-snippet":"max-snippet:-1","max-image-preview":"max-image-preview:large","max-video-preview":"max-video-preview:-1"},"canonical":"https:\/\/ahmmetalaksesuar.com\/en\/urunlerimiz\/pimler\/40x80-yarim-delik-boru-pim-ve-pulu\/","og_locale":"en_US","og_type":"article","og_title":"40x80 Yar\u0131m Delik Boru Pim ve Pulu - Ahm Metal Aksesuar","og_description":"Pimlerin bir k\u0131sm\u0131 polyester d\u00fc\u011fmelerin ve zamak \u00e7\u0131t\u00e7\u0131t kafalar\u0131n\u0131n montaj\u0131 i\u00e7in kullan\u0131lmaktad\u0131r. Bunlar pirin\u00e7 malzemeden \u00fcretilmektedir.","og_url":"https:\/\/ahmmetalaksesuar.com\/en\/urunlerimiz\/pimler\/40x80-yarim-delik-boru-pim-ve-pulu\/","og_site_name":"Ahm Metal Aksesuar","article_modified_time":"2022-09-21T10:37:36+00:00","twitter_card":"summary_large_image","twitter_misc":{"Est. reading time":"1 minute"},"schema":{"@context":"https:\/\/schema.org","@graph":[{"@type":"WebPage","@id":"https:\/\/ahmmetalaksesuar.com\/urunlerimiz\/pimler\/40x80-yarim-delik-boru-pim-ve-pulu\/","url":"https:\/\/ahmmetalaksesuar.com\/urunlerimiz\/pimler\/40x80-yarim-delik-boru-pim-ve-pulu\/","name":"40x80 Yar\u0131m Delik Boru Pim ve Pulu - Ahm Metal Aksesuar","isPartOf":{"@id":"https:\/\/ahmmetalaksesuar.com\/#website"},"datePublished":"2022-08-29T11:51:56+00:00","dateModified":"2022-09-21T10:37:36+00:00","description":"Some of the pins are used for mounting polyester buttons and zamak snap heads. These are made of brass material.","breadcrumb":{"@id":"https:\/\/ahmmetalaksesuar.com\/urunlerimiz\/pimler\/40x80-yarim-delik-boru-pim-ve-pulu\/#breadcrumb"},"inLanguage":"en-US","potentialAction":[{"@type":"ReadAction","target":["https:\/\/ahmmetalaksesuar.com\/urunlerimiz\/pimler\/40x80-yarim-delik-boru-pim-ve-pulu\/"]}]},{"@type":"BreadcrumbList","@id":"https:\/\/ahmmetalaksesuar.com\/urunlerimiz\/pimler\/40x80-yarim-delik-boru-pim-ve-pulu\/#breadcrumb","itemListElement":[{"@type":"ListItem","position":1,"name":"Anasayfa","item":"https:\/\/ahmmetalaksesuar.com\/"},{"@type":"ListItem","position":2,"name":"\u00dcr\u00fcnlerimiz","item":"https:\/\/ahmmetalaksesuar.com\/urunlerimiz\/"},{"@type":"ListItem","position":3,"name":"Pimler","item":"https:\/\/ahmmetalaksesuar.com\/urunlerimiz\/pimler\/"},{"@type":"ListItem","position":4,"name":"40&#215;80 Yar\u0131m Delik Boru Pim ve Pulu"}]},{"@type":"WebSite","@id":"https:\/\/ahmmetalaksesuar.com\/#website","url":"https:\/\/ahmmetalaksesuar.com\/","name":"Ahm Metal Aksesuar","description":"","publisher":{"@id":"https:\/\/ahmmetalaksesuar.com\/#organization"},"potentialAction":[{"@type":"SearchAction","target":{"@type":"EntryPoint","urlTemplate":"https:\/\/ahmmetalaksesuar.com\/?s={search_term_string}"},"query-input":{"@type":"PropertyValueSpecification","valueRequired":true,"valueName":"search_term_string"}}],"inLanguage":"en-US"},{"@type":"Organization","@id":"https:\/\/ahmmetalaksesuar.com\/#organization","name":"Ahm Metal Aksesuar","url":"https:\/\/ahmmetalaksesuar.com\/","logo":{"@type":"ImageObject","inLanguage":"en-US","@id":"https:\/\/ahmmetalaksesuar.com\/#\/schema\/logo\/image\/","url":"https:\/\/ahmmetalaksesuar.com\/wp-content\/uploads\/2022\/08\/logo.png","contentUrl":"https:\/\/ahmmetalaksesuar.com\/wp-content\/uploads\/2022\/08\/logo.png","width":209,"height":110,"caption":"Ahm Metal Aksesuar"},"image":{"@id":"https:\/\/ahmmetalaksesuar.com\/#\/schema\/logo\/image\/"}}]}},"_links":{"self":[{"href":"https:\/\/ahmmetalaksesuar.com\/en\/wp-json\/wp\/v2\/pages\/4756","targetHints":{"allow":["GET"]}}],"collection":[{"href":"https:\/\/ahmmetalaksesuar.com\/en\/wp-json\/wp\/v2\/pages"}],"about":[{"href":"https:\/\/ahmmetalaksesuar.com\/en\/wp-json\/wp\/v2\/types\/page"}],"author":[{"embeddable":true,"href":"https:\/\/ahmmetalaksesuar.com\/en\/wp-json\/wp\/v2\/users\/1"}],"replies":[{"embeddable":true,"href":"https:\/\/ahmmetalaksesuar.com\/en\/wp-json\/wp\/v2\/comments?post=4756"}],"version-history":[{"count":10,"href":"https:\/\/ahmmetalaksesuar.com\/en\/wp-json\/wp\/v2\/pages\/4756\/revisions"}],"predecessor-version":[{"id":5983,"href":"https:\/\/ahmmetalaksesuar.com\/en\/wp-json\/wp\/v2\/pages\/4756\/revisions\/5983"}],"up":[{"embeddable":true,"href":"https:\/\/ahmmetalaksesuar.com\/en\/wp-json\/wp\/v2\/pages\/4661"}],"wp:attachment":[{"href":"https:\/\/ahmmetalaksesuar.com\/en\/wp-json\/wp\/v2\/media?parent=4756"}],"curies":[{"name":"wp","href":"https:\/\/api.w.org\/{rel}","templated":true}]}}