{"id":3340,"date":"2020-06-30T12:57:42","date_gmt":"2020-06-30T09:57:42","guid":{"rendered":"https:\/\/ahmmetalaksesuar.com\/?page_id=3340"},"modified":"2022-09-02T18:39:50","modified_gmt":"2022-09-02T15:39:50","slug":"kurumsal","status":"publish","type":"page","link":"https:\/\/ahmmetalaksesuar.com\/en\/kurumsal\/","title":{"rendered":"Institutional"},"content":{"rendered":"<div class=\"vc_row wpb_row vc_row-fluid la_fp_slide la_fp_child_section\"><div class=\"wpb_column vc_column_container vc_col-sm-12\"><div class=\"vc_column-inner\"><div class=\"wpb_wrapper\"><div id=\"la_heading_69e0b19fc3490\" class=\"la-headings text-left\"><h4 class=\"js-el heading-tag la-unit-responsive\" style=\"\" >about us<\/h4><\/div>\n<div class=\"vc_separator wpb_content_element vc_separator_align_center vc_sep_width_100 vc_sep_pos_align_center vc_separator_no_text vc_sep_color_grey\" ><span class=\"vc_sep_holder vc_sep_holder_l\"><span  class=\"vc_sep_line\"><\/span><\/span><span class=\"vc_sep_holder vc_sep_holder_r\"><span  class=\"vc_sep_line\"><\/span><\/span>\n<\/div><div id=\"la_divider69e0b19fc3a88\" class=\"js-el la-divider la-unit-responsive\" data-la_component=\"UnitResponsive\"  data-el_target='#la_divider69e0b19fc3a88'  data-el_media_sizes='{&quot;padding-top&quot;:&quot;lg:10px;&quot;}' ><\/div>\n\n\t<div class=\"wpb_text_column wpb_content_element\" >\n\t\t<div class=\"wpb_wrapper\">\n\t\t\t<div class=\"h5\"><span class=\"light\">AHM METAL ACCESSORIES was established in 2005 in Istanbul. Our company, located at \u0130kitelli OSB, provides various metal accessory services such as eyelets, hooks, rivets, snap fasteners, rivets to its customers in the shoe, textile, ready-to-wear, stationery, electricity, bag and belt sectors.<\/span><\/div>\n<div class=\"h5\"><\/div>\n<div class=\"h5\"><span class=\"light\">Our company, which makes all the production molds in its own structure, aims to make quality production with design options suitable for customer taste and to provide better service to our customers with our eyelet fastening molds. It is our leading principle to offer reasonable price options.<\/span><\/div>\n\n\t\t<\/div>\n\t<\/div>\n<div id=\"la_divider69e0b19fc3df6\" class=\"js-el la-divider la-unit-responsive\" data-la_component=\"UnitResponsive\"  data-el_target='#la_divider69e0b19fc3df6'  data-el_media_sizes='{&quot;padding-top&quot;:&quot;lg:60px;&quot;}' ><\/div>\n<\/div><\/div><\/div><\/div><div id=\"row_1\" data-vc-full-width=\"true\" data-vc-full-width-init=\"false\" data-vc-stretch-content=\"true\" class=\"vc_row wpb_row vc_row-fluid vc_row-o-equal-height vc_row-o-content-middle vc_row-flex la_fp_slide la_fp_child_section\"><div class=\"wpb_column vc_column_container vc_col-sm-6 vc_col-has-fill\"><div class=\"vc_column-inner vc_custom_1661765346139\"><div class=\"wpb_wrapper\"><div id=\"la_divider69e0b19fc42c9\" class=\"js-el la-divider la-unit-responsive\" data-la_component=\"UnitResponsive\"  data-el_target='#la_divider69e0b19fc42c9'  data-el_media_sizes='{&quot;padding-top&quot;:&quot;xlg:600px;lg:500px;&quot;}' ><\/div>\n<\/div><\/div><\/div><div class=\"last-column wpb_column vc_column_container vc_col-sm-6\"><div class=\"vc_column-inner\"><div class=\"wpb_wrapper\"><div id=\"la_divider69e0b19fc45ab\" class=\"js-el la-divider la-unit-responsive\" data-la_component=\"UnitResponsive\"  data-el_target='#la_divider69e0b19fc45ab'  data-el_media_sizes='{&quot;padding-top&quot;:&quot;lg:50px;&quot;}' ><\/div>\n<div id=\"la_heading_69e0b19fc477a\" class=\"la-headings text-left\"><h2 class=\"js-el heading-tag la-unit-responsive\" style=\"\"  data-la_component=\"UnitResponsive\"  data-el_target='#la_heading_69e0b19fc477a .heading-tag'  data-el_media_sizes='{&quot;font-size&quot;:&quot;lg:25px;&quot;,&quot;line-height&quot;:&quot;&quot;}' >Our Goals<\/h2><div class=\"js-el subheading-tag la-unit-responsive padding-top-10\" style=\"color:#000000\"  data-la_component=\"UnitResponsive\"  data-el_target='#la_heading_69e0b19fc477a .subheading-tag'  data-el_media_sizes='{&quot;font-size&quot;:&quot;lg:20px;&quot;,&quot;line-height&quot;:&quot;lg:35px;&quot;}' ><p><span class=\"light\">Our main goal is to meet the needs and expectations of our customers with better quality service than they expect. We believe in team spirit. We are a professionally managed family company and we believe that this is one of the great achievements of our company.<br \/>\n<\/span><\/p>\n<div id=\"gtx-trans\" style=\"position: absolute; left: 89px; top: 29px;\">\n<div class=\"gtx-trans-icon\"><\/div>\n<\/div>\n<\/div><\/div>\n<div id=\"la_divider69e0b19fc491a\" class=\"js-el la-divider la-unit-responsive\" data-la_component=\"UnitResponsive\"  data-el_target='#la_divider69e0b19fc491a'  data-el_media_sizes='{&quot;padding-top&quot;:&quot;lg:50px;&quot;}' ><\/div>\n<\/div><\/div><\/div><\/div><div class=\"vc_row-full-width vc_clearfix\"><\/div><div id=\"row_2\" data-vc-full-width=\"true\" data-vc-full-width-init=\"false\" data-vc-stretch-content=\"true\" class=\"vc_row wpb_row vc_row-fluid vc_row-o-equal-height vc_row-o-content-middle vc_row-flex la_fp_slide la_fp_child_section\"><div class=\"vc_col-sm-push-6 wpb_column vc_column_container vc_col-sm-6 vc_col-has-fill\"><div class=\"vc_column-inner vc_custom_1661765358261\"><div class=\"wpb_wrapper\"><div id=\"la_divider69e0b19fc4dea\" class=\"js-el la-divider la-unit-responsive\" data-la_component=\"UnitResponsive\"  data-el_target='#la_divider69e0b19fc4dea'  data-el_media_sizes='{&quot;padding-top&quot;:&quot;xlg:600px;lg:500px;&quot;}' ><\/div>\n<\/div><\/div><\/div><div class=\"vc_col-sm-pull-6 last-column wpb_column vc_column_container vc_col-sm-6\"><div class=\"vc_column-inner\"><div class=\"wpb_wrapper\"><div id=\"la_divider69e0b19fc50bf\" class=\"js-el la-divider la-unit-responsive\" data-la_component=\"UnitResponsive\"  data-el_target='#la_divider69e0b19fc50bf'  data-el_media_sizes='{&quot;padding-top&quot;:&quot;lg:50px;&quot;}' ><\/div>\n<div id=\"la_heading_69e0b19fc5295\" class=\"la-headings text-left\"><h2 class=\"js-el heading-tag la-unit-responsive\" style=\"\"  data-la_component=\"UnitResponsive\"  data-el_target='#la_heading_69e0b19fc5295 .heading-tag'  data-el_media_sizes='{&quot;font-size&quot;:&quot;lg:25px;&quot;,&quot;line-height&quot;:&quot;&quot;}' >Our Mission<\/h2><div class=\"js-el subheading-tag la-unit-responsive padding-top-10\" style=\"color:#000000\"  data-la_component=\"UnitResponsive\"  data-el_target='#la_heading_69e0b19fc5295 .subheading-tag'  data-el_media_sizes='{&quot;font-size&quot;:&quot;lg:20px;&quot;,&quot;line-height&quot;:&quot;lg:35px;&quot;}' ><p><span class=\"light\">To our customers, with all our products whose quality is accepted; To offer the best quality product with innovative and reliable approaches in the sector. Being aware of the necessity of competition in its sector and quality in service, it believes that competition will contribute to the country&#039;s economy and the development of humanity.<\/span><\/p>\n<p>&nbsp;<\/p>\n<div id=\"gtx-trans\" style=\"position: absolute; left: 89px; top: 29px;\">\n<div class=\"gtx-trans-icon\"><\/div>\n<\/div>\n<\/div><\/div>\n<div id=\"la_divider69e0b19fc541a\" class=\"js-el la-divider la-unit-responsive\" data-la_component=\"UnitResponsive\"  data-el_target='#la_divider69e0b19fc541a'  data-el_media_sizes='{&quot;padding-top&quot;:&quot;lg:50px;&quot;}' ><\/div>\n<\/div><\/div><\/div><\/div><div class=\"vc_row-full-width vc_clearfix\"><\/div>","protected":false},"excerpt":{"rendered":"Hakk\u0131m\u0131zda AHM METAL AKSESUAR 2005 y\u0131l\u0131nda \u0130stanbul'da kuruldu. \u0130kitelli O.S.B adresindeki firmam\u0131z ayakkab\u0131, tekstil, haz\u0131r giyim, k\u0131rtasiye, elektrik, \u00e7anta, kemer sekt\u00f6r\u00fcndeki m\u00fc\u015fterilerine ku\u015fg\u00f6z\u00fc, kanca, rivet, \u00e7\u0131t\u00e7\u0131t, per\u00e7in gibi \u00e7e\u015fitli metal aksesuar hizmetleri sunmakt\u0131r. B\u00fct\u00fcn imalat kal\u0131plar\u0131n\u0131 kendi b\u00fcnyesinde yapan firmam\u0131z m\u00fc\u015fteri be\u011fenisine uygun tasar\u0131m se\u00e7enekleriyle kaliteli \u00fcretim yapmak ve ku\u015fg\u00f6z\u00fc \u00e7akma kal\u0131plar\u0131m\u0131zla m\u00fc\u015fterilerimize daha iyi hizmet vermeyi hedeflemektir. Uygun fiyat&hellip;","protected":false},"author":1,"featured_media":0,"parent":0,"menu_order":0,"comment_status":"closed","ping_status":"closed","template":"","meta":{"footnotes":""},"class_list":["post-3340","page","type-page","status-publish","hentry"],"yoast_head":"<!-- This site is optimized with the Yoast SEO plugin v27.4 - https:\/\/yoast.com\/product\/yoast-seo-wordpress\/ -->\n<title>Kurumsal - Ahm Metal Aksesuar<\/title>\n<meta name=\"description\" content=\"AHM METAL AKSESUAR 2005 y\u0131l\u0131nda \u0130stanbul\u2019da kuruldu. \u0130kitelli O.S.B adresindeki firmam\u0131z ayakkab\u0131, tekstil, haz\u0131r giyim, k\u0131rtasiye, elektrik\" \/>\n<meta name=\"robots\" content=\"index, follow, max-snippet:-1, max-image-preview:large, max-video-preview:-1\" \/>\n<link rel=\"canonical\" href=\"https:\/\/ahmmetalaksesuar.com\/en\/kurumsal\/\" \/>\n<meta property=\"og:locale\" content=\"en_US\" \/>\n<meta property=\"og:type\" content=\"article\" \/>\n<meta property=\"og:title\" content=\"Kurumsal - Ahm Metal Aksesuar\" \/>\n<meta property=\"og:description\" content=\"AHM METAL AKSESUAR 2005 y\u0131l\u0131nda \u0130stanbul\u2019da kuruldu. \u0130kitelli O.S.B adresindeki firmam\u0131z ayakkab\u0131, tekstil, haz\u0131r giyim, k\u0131rtasiye, elektrik\" \/>\n<meta property=\"og:url\" content=\"https:\/\/ahmmetalaksesuar.com\/en\/kurumsal\/\" \/>\n<meta property=\"og:site_name\" content=\"Ahm Metal Aksesuar\" \/>\n<meta property=\"article:modified_time\" content=\"2022-09-02T15:39:50+00:00\" \/>\n<meta name=\"twitter:card\" content=\"summary_large_image\" \/>\n<meta name=\"twitter:label1\" content=\"Est. reading time\" \/>\n\t<meta name=\"twitter:data1\" content=\"2 minutes\" \/>\n<script type=\"application\/ld+json\" class=\"yoast-schema-graph\">{\"@context\":\"https:\\\/\\\/schema.org\",\"@graph\":[{\"@type\":\"WebPage\",\"@id\":\"https:\\\/\\\/ahmmetalaksesuar.com\\\/kurumsal\\\/\",\"url\":\"https:\\\/\\\/ahmmetalaksesuar.com\\\/kurumsal\\\/\",\"name\":\"Kurumsal - Ahm Metal Aksesuar\",\"isPartOf\":{\"@id\":\"https:\\\/\\\/ahmmetalaksesuar.com\\\/#website\"},\"datePublished\":\"2020-06-30T09:57:42+00:00\",\"dateModified\":\"2022-09-02T15:39:50+00:00\",\"description\":\"AHM METAL AKSESUAR 2005 y\u0131l\u0131nda \u0130stanbul\u2019da kuruldu. \u0130kitelli O.S.B adresindeki firmam\u0131z ayakkab\u0131, tekstil, haz\u0131r giyim, k\u0131rtasiye, elektrik\",\"breadcrumb\":{\"@id\":\"https:\\\/\\\/ahmmetalaksesuar.com\\\/kurumsal\\\/#breadcrumb\"},\"inLanguage\":\"en-US\",\"potentialAction\":[{\"@type\":\"ReadAction\",\"target\":[\"https:\\\/\\\/ahmmetalaksesuar.com\\\/kurumsal\\\/\"]}]},{\"@type\":\"BreadcrumbList\",\"@id\":\"https:\\\/\\\/ahmmetalaksesuar.com\\\/kurumsal\\\/#breadcrumb\",\"itemListElement\":[{\"@type\":\"ListItem\",\"position\":1,\"name\":\"Anasayfa\",\"item\":\"https:\\\/\\\/ahmmetalaksesuar.com\\\/\"},{\"@type\":\"ListItem\",\"position\":2,\"name\":\"Kurumsal\"}]},{\"@type\":\"WebSite\",\"@id\":\"https:\\\/\\\/ahmmetalaksesuar.com\\\/#website\",\"url\":\"https:\\\/\\\/ahmmetalaksesuar.com\\\/\",\"name\":\"Ahm Metal Aksesuar\",\"description\":\"\",\"publisher\":{\"@id\":\"https:\\\/\\\/ahmmetalaksesuar.com\\\/#organization\"},\"potentialAction\":[{\"@type\":\"SearchAction\",\"target\":{\"@type\":\"EntryPoint\",\"urlTemplate\":\"https:\\\/\\\/ahmmetalaksesuar.com\\\/?s={search_term_string}\"},\"query-input\":{\"@type\":\"PropertyValueSpecification\",\"valueRequired\":true,\"valueName\":\"search_term_string\"}}],\"inLanguage\":\"en-US\"},{\"@type\":\"Organization\",\"@id\":\"https:\\\/\\\/ahmmetalaksesuar.com\\\/#organization\",\"name\":\"Ahm Metal Aksesuar\",\"url\":\"https:\\\/\\\/ahmmetalaksesuar.com\\\/\",\"logo\":{\"@type\":\"ImageObject\",\"inLanguage\":\"en-US\",\"@id\":\"https:\\\/\\\/ahmmetalaksesuar.com\\\/#\\\/schema\\\/logo\\\/image\\\/\",\"url\":\"https:\\\/\\\/ahmmetalaksesuar.com\\\/wp-content\\\/uploads\\\/2022\\\/08\\\/logo.png\",\"contentUrl\":\"https:\\\/\\\/ahmmetalaksesuar.com\\\/wp-content\\\/uploads\\\/2022\\\/08\\\/logo.png\",\"width\":209,\"height\":110,\"caption\":\"Ahm Metal Aksesuar\"},\"image\":{\"@id\":\"https:\\\/\\\/ahmmetalaksesuar.com\\\/#\\\/schema\\\/logo\\\/image\\\/\"}}]}<\/script>\n<!-- \/ Yoast SEO plugin. -->","yoast_head_json":{"title":"Kurumsal - Ahm Metal Aksesuar","description":"AHM METAL AKSESUAR 2005 y\u0131l\u0131nda \u0130stanbul\u2019da kuruldu. \u0130kitelli O.S.B adresindeki firmam\u0131z ayakkab\u0131, tekstil, haz\u0131r giyim, k\u0131rtasiye, elektrik","robots":{"index":"index","follow":"follow","max-snippet":"max-snippet:-1","max-image-preview":"max-image-preview:large","max-video-preview":"max-video-preview:-1"},"canonical":"https:\/\/ahmmetalaksesuar.com\/en\/kurumsal\/","og_locale":"en_US","og_type":"article","og_title":"Kurumsal - Ahm Metal Aksesuar","og_description":"AHM METAL AKSESUAR 2005 y\u0131l\u0131nda \u0130stanbul\u2019da kuruldu. \u0130kitelli O.S.B adresindeki firmam\u0131z ayakkab\u0131, tekstil, haz\u0131r giyim, k\u0131rtasiye, elektrik","og_url":"https:\/\/ahmmetalaksesuar.com\/en\/kurumsal\/","og_site_name":"Ahm Metal Aksesuar","article_modified_time":"2022-09-02T15:39:50+00:00","twitter_card":"summary_large_image","twitter_misc":{"Est. reading time":"2 minutes"},"schema":{"@context":"https:\/\/schema.org","@graph":[{"@type":"WebPage","@id":"https:\/\/ahmmetalaksesuar.com\/kurumsal\/","url":"https:\/\/ahmmetalaksesuar.com\/kurumsal\/","name":"Kurumsal - Ahm Metal Aksesuar","isPartOf":{"@id":"https:\/\/ahmmetalaksesuar.com\/#website"},"datePublished":"2020-06-30T09:57:42+00:00","dateModified":"2022-09-02T15:39:50+00:00","description":"AHM METAL AKSESUAR 2005 y\u0131l\u0131nda \u0130stanbul\u2019da kuruldu. \u0130kitelli O.S.B adresindeki firmam\u0131z ayakkab\u0131, tekstil, haz\u0131r giyim, k\u0131rtasiye, elektrik","breadcrumb":{"@id":"https:\/\/ahmmetalaksesuar.com\/kurumsal\/#breadcrumb"},"inLanguage":"en-US","potentialAction":[{"@type":"ReadAction","target":["https:\/\/ahmmetalaksesuar.com\/kurumsal\/"]}]},{"@type":"BreadcrumbList","@id":"https:\/\/ahmmetalaksesuar.com\/kurumsal\/#breadcrumb","itemListElement":[{"@type":"ListItem","position":1,"name":"Anasayfa","item":"https:\/\/ahmmetalaksesuar.com\/"},{"@type":"ListItem","position":2,"name":"Kurumsal"}]},{"@type":"WebSite","@id":"https:\/\/ahmmetalaksesuar.com\/#website","url":"https:\/\/ahmmetalaksesuar.com\/","name":"Ahm Metal Aksesuar","description":"","publisher":{"@id":"https:\/\/ahmmetalaksesuar.com\/#organization"},"potentialAction":[{"@type":"SearchAction","target":{"@type":"EntryPoint","urlTemplate":"https:\/\/ahmmetalaksesuar.com\/?s={search_term_string}"},"query-input":{"@type":"PropertyValueSpecification","valueRequired":true,"valueName":"search_term_string"}}],"inLanguage":"en-US"},{"@type":"Organization","@id":"https:\/\/ahmmetalaksesuar.com\/#organization","name":"Ahm Metal Aksesuar","url":"https:\/\/ahmmetalaksesuar.com\/","logo":{"@type":"ImageObject","inLanguage":"en-US","@id":"https:\/\/ahmmetalaksesuar.com\/#\/schema\/logo\/image\/","url":"https:\/\/ahmmetalaksesuar.com\/wp-content\/uploads\/2022\/08\/logo.png","contentUrl":"https:\/\/ahmmetalaksesuar.com\/wp-content\/uploads\/2022\/08\/logo.png","width":209,"height":110,"caption":"Ahm Metal Aksesuar"},"image":{"@id":"https:\/\/ahmmetalaksesuar.com\/#\/schema\/logo\/image\/"}}]}},"_links":{"self":[{"href":"https:\/\/ahmmetalaksesuar.com\/en\/wp-json\/wp\/v2\/pages\/3340","targetHints":{"allow":["GET"]}}],"collection":[{"href":"https:\/\/ahmmetalaksesuar.com\/en\/wp-json\/wp\/v2\/pages"}],"about":[{"href":"https:\/\/ahmmetalaksesuar.com\/en\/wp-json\/wp\/v2\/types\/page"}],"author":[{"embeddable":true,"href":"https:\/\/ahmmetalaksesuar.com\/en\/wp-json\/wp\/v2\/users\/1"}],"replies":[{"embeddable":true,"href":"https:\/\/ahmmetalaksesuar.com\/en\/wp-json\/wp\/v2\/comments?post=3340"}],"version-history":[{"count":37,"href":"https:\/\/ahmmetalaksesuar.com\/en\/wp-json\/wp\/v2\/pages\/3340\/revisions"}],"predecessor-version":[{"id":5462,"href":"https:\/\/ahmmetalaksesuar.com\/en\/wp-json\/wp\/v2\/pages\/3340\/revisions\/5462"}],"wp:attachment":[{"href":"https:\/\/ahmmetalaksesuar.com\/en\/wp-json\/wp\/v2\/media?parent=3340"}],"curies":[{"name":"wp","href":"https:\/\/api.w.org\/{rel}","templated":true}]}}