{"id":2901,"date":"2020-06-11T22:52:28","date_gmt":"2020-06-11T19:52:28","guid":{"rendered":"https:\/\/ahmmetalaksesuar.com\/yurtici-turlar\/karadeniz-turu-copy\/"},"modified":"2022-09-06T17:44:57","modified_gmt":"2022-09-06T14:44:57","slug":"urunlerimiz","status":"publish","type":"page","link":"https:\/\/ahmmetalaksesuar.com\/en\/urunlerimiz\/","title":{"rendered":"Our products"},"content":{"rendered":"<div class=\"vc_row wpb_row vc_row-fluid la_fp_slide la_fp_child_section\"><div class=\"wpb_column vc_column_container vc_col-sm-12\"><div class=\"vc_column-inner\"><div class=\"wpb_wrapper\"><div id=\"la_heading_69e0b19e9e92e\" class=\"la-headings text-center spacer-position-bottom\"><h4 class=\"js-el heading-tag la-unit-responsive\" style=\"\" >Our products<\/h4><div class=\"la-separator\" style=\"height:3px\"><span class=\"la-line js-el la-unit-responsive\" style=\"border-style:solid;border-width:3px 0 0;border-color:#a3172c\" ><\/span><\/div><\/div>\n<div id=\"la_divider69e0b19e9eb66\" class=\"js-el la-divider la-unit-responsive\" data-la_component=\"UnitResponsive\"  data-el_target='#la_divider69e0b19e9eb66'  data-el_media_sizes='{&quot;padding-top&quot;:&quot;lg:30px;&quot;}' ><\/div>\n<\/div><\/div><\/div><\/div><div class=\"vc_row wpb_row vc_row-fluid la_fp_slide la_fp_child_section\"><div class=\"wpb_column vc_column_container vc_col-sm-4\"><div class=\"vc_column-inner\"><div class=\"wpb_wrapper\"><div id=\"la_banner_box_69e0b19e9f566\" class=\"wpb_content_element la-banner-box banner-type-centered\" data-animation-class=\"\">\n    <div class=\"box-inner\">\n        <div class=\"banner--image\"><img loading=\"lazy\" decoding=\"async\" width=\"1024\" height=\"600\" src=\"https:\/\/ahmmetalaksesuar.com\/wp-content\/uploads\/2022\/08\/9-ko\u0308pru\u0308lu\u0308-bot-kancasi.jpg\" class=\"attachment-full size-full\" alt=\"\" srcset=\"https:\/\/ahmmetalaksesuar.com\/wp-content\/uploads\/2022\/08\/9-ko\u0308pru\u0308lu\u0308-bot-kancasi.jpg 1024w, https:\/\/ahmmetalaksesuar.com\/wp-content\/uploads\/2022\/08\/9-ko\u0308pru\u0308lu\u0308-bot-kancasi-768x450.jpg 768w\" sizes=\"auto, (max-width: 1024px) 100vw, 1024px\" \/><span class=\"item--overlay\"><\/span><\/div>\n        <div class=\"banner--info\"><div class=\"js-el subheading-tag la-unit-responsive\" style=\"\" ><div class=\"btn-wrapper btn-align-center\">\n    <a class=\"btn btn-color-white btn-align-center btn-size-sm btn-style-flat btn-shape-square btn-brw-0 font-weight-400\" href=\"\/en\/urunlerimiz\/bot-kancalari\/\" title=\"\"><span>Boot Hooks<\/span><\/a><\/div>\n<p>&nbsp;<\/p>\n<div id=\"gtx-trans\" style=\"position: absolute; left: 129px; top: -17px;\">\n<div class=\"gtx-trans-icon\"><\/div>\n<\/div>\n<p><\/div><\/div>\n                    <a class=\"banner--link-overlay\" href=\"\/en\/urunlerimiz\/bot-kancalari\/\" title=\"\"><\/a>\n            <\/div>\n<\/div>\n<\/div><\/div><\/div><div class=\"wpb_column vc_column_container vc_col-sm-4\"><div class=\"vc_column-inner\"><div class=\"wpb_wrapper\"><div id=\"la_banner_box_69e0b19e9ff35\" class=\"wpb_content_element la-banner-box banner-type-centered\" data-animation-class=\"\">\n    <div class=\"box-inner\">\n        <div class=\"banner--image\"><img loading=\"lazy\" decoding=\"async\" width=\"1024\" height=\"600\" src=\"https:\/\/ahmmetalaksesuar.com\/wp-content\/uploads\/2022\/08\/2-12.5-mm-54-c\u0327itc\u0327it.jpg\" class=\"attachment-full size-full\" alt=\"\" srcset=\"https:\/\/ahmmetalaksesuar.com\/wp-content\/uploads\/2022\/08\/2-12.5-mm-54-c\u0327itc\u0327it.jpg 1024w, https:\/\/ahmmetalaksesuar.com\/wp-content\/uploads\/2022\/08\/2-12.5-mm-54-c\u0327itc\u0327it-768x450.jpg 768w\" sizes=\"auto, (max-width: 1024px) 100vw, 1024px\" \/><span class=\"item--overlay\"><\/span><\/div>\n        <div class=\"banner--info\"><div class=\"js-el subheading-tag la-unit-responsive\" style=\"\" ><div class=\"btn-wrapper btn-align-center\">\n    <a class=\"btn btn-color-white btn-align-center btn-size-sm btn-style-flat btn-shape-square btn-brw-0 font-weight-400\" href=\"\/en\/urunlerimiz\/citcitlar\/\" title=\"\"><span>studs<\/span><\/a><\/div>\n<p>&nbsp;<\/p>\n<div id=\"gtx-trans\" style=\"position: absolute; left: 129px; top: -17px;\">\n<div class=\"gtx-trans-icon\"><\/div>\n<\/div>\n<p><\/div><\/div>\n                    <a class=\"banner--link-overlay\" href=\"\/en\/urunlerimiz\/citcitlar\/\" title=\"\"><\/a>\n            <\/div>\n<\/div>\n<\/div><\/div><\/div><div class=\"wpb_column vc_column_container vc_col-sm-4\"><div class=\"vc_column-inner\"><div class=\"wpb_wrapper\"><div id=\"la_banner_box_69e0b19ea0868\" class=\"wpb_content_element la-banner-box banner-type-centered\" data-animation-class=\"\">\n    <div class=\"box-inner\">\n        <div class=\"banner--image\"><img loading=\"lazy\" decoding=\"async\" width=\"1024\" height=\"600\" src=\"https:\/\/ahmmetalaksesuar.com\/wp-content\/uploads\/2022\/08\/3-95-mm-kapakli-perc\u0327in.jpg\" class=\"attachment-full size-full\" alt=\"\" srcset=\"https:\/\/ahmmetalaksesuar.com\/wp-content\/uploads\/2022\/08\/3-95-mm-kapakli-perc\u0327in.jpg 1024w, https:\/\/ahmmetalaksesuar.com\/wp-content\/uploads\/2022\/08\/3-95-mm-kapakli-perc\u0327in-768x450.jpg 768w\" sizes=\"auto, (max-width: 1024px) 100vw, 1024px\" \/><span class=\"item--overlay\"><\/span><\/div>\n        <div class=\"banner--info\"><div class=\"js-el subheading-tag la-unit-responsive\" style=\"\" ><div class=\"btn-wrapper btn-align-center\">\n    <a class=\"btn btn-color-white btn-align-center btn-size-sm btn-style-flat btn-shape-square btn-brw-0 font-weight-400\" href=\"\/en\/urunlerimiz\/kot-percinleri\/\" title=\"\"><span>Jeans Rivets <\/span><\/a><\/div>\n<p>&nbsp;<\/p>\n<div id=\"gtx-trans\" style=\"position: absolute; left: 129px; top: -17px;\">\n<div class=\"gtx-trans-icon\"><\/div>\n<\/div>\n<p><\/div><\/div>\n                    <a class=\"banner--link-overlay\" href=\"\/en\/urunlerimiz\/kot-percinleri\/\" title=\"\"><\/a>\n            <\/div>\n<\/div>\n<\/div><\/div><\/div><\/div><div class=\"vc_row wpb_row vc_row-fluid la_fp_slide la_fp_child_section\"><div class=\"wpb_column vc_column_container vc_col-sm-4\"><div class=\"vc_column-inner\"><div class=\"wpb_wrapper\"><div id=\"la_banner_box_69e0b19ea1451\" class=\"wpb_content_element la-banner-box banner-type-centered\" data-animation-class=\"\">\n    <div class=\"box-inner\">\n        <div class=\"banner--image\"><img loading=\"lazy\" decoding=\"async\" width=\"1024\" height=\"600\" src=\"https:\/\/ahmmetalaksesuar.com\/wp-content\/uploads\/2022\/08\/27-no-31-kus\u0327-go\u0308zu\u0308.jpg\" class=\"attachment-full size-full\" alt=\"\" srcset=\"https:\/\/ahmmetalaksesuar.com\/wp-content\/uploads\/2022\/08\/27-no-31-kus\u0327-go\u0308zu\u0308.jpg 1024w, https:\/\/ahmmetalaksesuar.com\/wp-content\/uploads\/2022\/08\/27-no-31-kus\u0327-go\u0308zu\u0308-768x450.jpg 768w\" sizes=\"auto, (max-width: 1024px) 100vw, 1024px\" \/><span class=\"item--overlay\"><\/span><\/div>\n        <div class=\"banner--info\"><div class=\"js-el subheading-tag la-unit-responsive\" style=\"\" ><div class=\"btn-wrapper btn-align-center\">\n    <a class=\"btn btn-color-white btn-align-center btn-size-sm btn-style-flat btn-shape-square btn-brw-0 font-weight-400\" href=\"\/en\/urunlerimiz\/kusgozleri\/\" title=\"\"><span>eyelets <\/span><\/a><\/div>\n<p>&nbsp;<\/p>\n<div id=\"gtx-trans\" style=\"position: absolute; left: 129px; top: -17px;\">\n<div class=\"gtx-trans-icon\"><\/div>\n<\/div>\n<p><\/div><\/div>\n                    <a class=\"banner--link-overlay\" href=\"\/en\/urunlerimiz\/kusgozleri\/\" title=\"\"><\/a>\n            <\/div>\n<\/div>\n<\/div><\/div><\/div><div class=\"wpb_column vc_column_container vc_col-sm-4\"><div class=\"vc_column-inner\"><div class=\"wpb_wrapper\"><div id=\"la_banner_box_69e0b19ea1d30\" class=\"wpb_content_element la-banner-box banner-type-centered\" data-animation-class=\"\">\n    <div class=\"box-inner\">\n        <div class=\"banner--image\"><img loading=\"lazy\" decoding=\"async\" width=\"1024\" height=\"600\" src=\"https:\/\/ahmmetalaksesuar.com\/wp-content\/uploads\/2022\/08\/8-40x80-pim.jpg\" class=\"attachment-full size-full\" alt=\"\" srcset=\"https:\/\/ahmmetalaksesuar.com\/wp-content\/uploads\/2022\/08\/8-40x80-pim.jpg 1024w, https:\/\/ahmmetalaksesuar.com\/wp-content\/uploads\/2022\/08\/8-40x80-pim-768x450.jpg 768w\" sizes=\"auto, (max-width: 1024px) 100vw, 1024px\" \/><span class=\"item--overlay\"><\/span><\/div>\n        <div class=\"banner--info\"><div class=\"js-el subheading-tag la-unit-responsive\" style=\"\" ><div class=\"btn-wrapper btn-align-center\">\n    <a class=\"btn btn-color-white btn-align-center btn-size-sm btn-style-flat btn-shape-square btn-brw-0 font-weight-400\" href=\"\/en\/urunlerimiz\/pimler\/\" title=\"\"><span>pins <\/span><\/a><\/div>\n<p>&nbsp;<\/p>\n<div id=\"gtx-trans\" style=\"position: absolute; left: 129px; top: -17px;\">\n<div class=\"gtx-trans-icon\"><\/div>\n<\/div>\n<p><\/div><\/div>\n                    <a class=\"banner--link-overlay\" href=\"\/en\/urunlerimiz\/pimler\/\" title=\"\"><\/a>\n            <\/div>\n<\/div>\n<\/div><\/div><\/div><div class=\"wpb_column vc_column_container vc_col-sm-4\"><div class=\"vc_column-inner\"><div class=\"wpb_wrapper\"><div id=\"la_banner_box_69e0b19ea26e4\" class=\"wpb_content_element la-banner-box banner-type-centered\" data-animation-class=\"\">\n    <div class=\"box-inner\">\n        <div class=\"banner--image\"><img loading=\"lazy\" decoding=\"async\" width=\"1024\" height=\"600\" src=\"https:\/\/ahmmetalaksesuar.com\/wp-content\/uploads\/2022\/08\/6-61.jpg\" class=\"attachment-full size-full\" alt=\"\" srcset=\"https:\/\/ahmmetalaksesuar.com\/wp-content\/uploads\/2022\/08\/6-61.jpg 1024w, https:\/\/ahmmetalaksesuar.com\/wp-content\/uploads\/2022\/08\/6-61-768x450.jpg 768w\" sizes=\"auto, (max-width: 1024px) 100vw, 1024px\" \/><span class=\"item--overlay\"><\/span><\/div>\n        <div class=\"banner--info\"><div class=\"js-el subheading-tag la-unit-responsive\" style=\"\" ><div class=\"btn-wrapper btn-align-center\">\n    <a class=\"btn btn-color-white btn-align-center btn-size-sm btn-style-flat btn-shape-square btn-brw-0 font-weight-400\" href=\"\/en\/urunlerimiz\/rivetler\/\" title=\"\"><span>rivets <\/span><\/a><\/div>\n<p>&nbsp;<\/p>\n<div id=\"gtx-trans\" style=\"position: absolute; left: 129px; top: -17px;\">\n<div class=\"gtx-trans-icon\"><\/div>\n<\/div>\n<p><\/div><\/div>\n                    <a class=\"banner--link-overlay\" href=\"\/en\/urunlerimiz\/rivetler\/\" title=\"\"><\/a>\n            <\/div>\n<\/div>\n<\/div><\/div><\/div><\/div>","protected":false},"excerpt":{"rendered":"\u00dcr\u00fcnlerimiz Bot Kancalar\u0131 &nbsp; \u00c7\u0131t\u00e7\u0131tlar &nbsp; Kot Per\u00e7inleri &nbsp; Ku\u015fg\u00f6zleri &nbsp; Pimler &nbsp; Rivetler &nbsp;","protected":false},"author":1,"featured_media":0,"parent":0,"menu_order":0,"comment_status":"closed","ping_status":"closed","template":"","meta":{"footnotes":""},"class_list":["post-2901","page","type-page","status-publish","hentry"],"yoast_head":"<!-- This site is optimized with the Yoast SEO plugin v27.4 - https:\/\/yoast.com\/product\/yoast-seo-wordpress\/ -->\n<title>\u00dcr\u00fcnlerimiz - Ahm Metal Aksesuar<\/title>\n<meta name=\"description\" content=\"Ayakkab\u0131 \u00c7anta, tekstil, kemer ve metal aksesuar kal\u0131plar\u0131 imalat\u0131, d\u00f6k\u00fcm ve montaj i\u015flerini b\u00fcnyemizde imal etmekteyiz.\" \/>\n<meta name=\"robots\" content=\"index, follow, max-snippet:-1, max-image-preview:large, max-video-preview:-1\" \/>\n<link rel=\"canonical\" href=\"https:\/\/ahmmetalaksesuar.com\/en\/urunlerimiz\/\" \/>\n<meta property=\"og:locale\" content=\"en_US\" \/>\n<meta property=\"og:type\" content=\"article\" \/>\n<meta property=\"og:title\" content=\"\u00dcr\u00fcnlerimiz - Ahm Metal Aksesuar\" \/>\n<meta property=\"og:description\" content=\"Ayakkab\u0131 \u00c7anta, tekstil, kemer ve metal aksesuar kal\u0131plar\u0131 imalat\u0131, d\u00f6k\u00fcm ve montaj i\u015flerini b\u00fcnyemizde imal etmekteyiz.\" \/>\n<meta property=\"og:url\" content=\"https:\/\/ahmmetalaksesuar.com\/en\/urunlerimiz\/\" \/>\n<meta property=\"og:site_name\" content=\"Ahm Metal Aksesuar\" \/>\n<meta property=\"article:modified_time\" content=\"2022-09-06T14:44:57+00:00\" \/>\n<meta name=\"twitter:card\" content=\"summary_large_image\" \/>\n<meta name=\"twitter:label1\" content=\"Est. reading time\" \/>\n\t<meta name=\"twitter:data1\" content=\"1 minute\" \/>\n<script type=\"application\/ld+json\" class=\"yoast-schema-graph\">{\"@context\":\"https:\\\/\\\/schema.org\",\"@graph\":[{\"@type\":\"WebPage\",\"@id\":\"https:\\\/\\\/ahmmetalaksesuar.com\\\/urunlerimiz\\\/\",\"url\":\"https:\\\/\\\/ahmmetalaksesuar.com\\\/urunlerimiz\\\/\",\"name\":\"\u00dcr\u00fcnlerimiz - Ahm Metal Aksesuar\",\"isPartOf\":{\"@id\":\"https:\\\/\\\/ahmmetalaksesuar.com\\\/#website\"},\"datePublished\":\"2020-06-11T19:52:28+00:00\",\"dateModified\":\"2022-09-06T14:44:57+00:00\",\"description\":\"Ayakkab\u0131 \u00c7anta, tekstil, kemer ve metal aksesuar kal\u0131plar\u0131 imalat\u0131, d\u00f6k\u00fcm ve montaj i\u015flerini b\u00fcnyemizde imal etmekteyiz.\",\"breadcrumb\":{\"@id\":\"https:\\\/\\\/ahmmetalaksesuar.com\\\/urunlerimiz\\\/#breadcrumb\"},\"inLanguage\":\"en-US\",\"potentialAction\":[{\"@type\":\"ReadAction\",\"target\":[\"https:\\\/\\\/ahmmetalaksesuar.com\\\/urunlerimiz\\\/\"]}]},{\"@type\":\"BreadcrumbList\",\"@id\":\"https:\\\/\\\/ahmmetalaksesuar.com\\\/urunlerimiz\\\/#breadcrumb\",\"itemListElement\":[{\"@type\":\"ListItem\",\"position\":1,\"name\":\"Anasayfa\",\"item\":\"https:\\\/\\\/ahmmetalaksesuar.com\\\/\"},{\"@type\":\"ListItem\",\"position\":2,\"name\":\"\u00dcr\u00fcnlerimiz\"}]},{\"@type\":\"WebSite\",\"@id\":\"https:\\\/\\\/ahmmetalaksesuar.com\\\/#website\",\"url\":\"https:\\\/\\\/ahmmetalaksesuar.com\\\/\",\"name\":\"Ahm Metal Aksesuar\",\"description\":\"\",\"publisher\":{\"@id\":\"https:\\\/\\\/ahmmetalaksesuar.com\\\/#organization\"},\"potentialAction\":[{\"@type\":\"SearchAction\",\"target\":{\"@type\":\"EntryPoint\",\"urlTemplate\":\"https:\\\/\\\/ahmmetalaksesuar.com\\\/?s={search_term_string}\"},\"query-input\":{\"@type\":\"PropertyValueSpecification\",\"valueRequired\":true,\"valueName\":\"search_term_string\"}}],\"inLanguage\":\"en-US\"},{\"@type\":\"Organization\",\"@id\":\"https:\\\/\\\/ahmmetalaksesuar.com\\\/#organization\",\"name\":\"Ahm Metal Aksesuar\",\"url\":\"https:\\\/\\\/ahmmetalaksesuar.com\\\/\",\"logo\":{\"@type\":\"ImageObject\",\"inLanguage\":\"en-US\",\"@id\":\"https:\\\/\\\/ahmmetalaksesuar.com\\\/#\\\/schema\\\/logo\\\/image\\\/\",\"url\":\"https:\\\/\\\/ahmmetalaksesuar.com\\\/wp-content\\\/uploads\\\/2022\\\/08\\\/logo.png\",\"contentUrl\":\"https:\\\/\\\/ahmmetalaksesuar.com\\\/wp-content\\\/uploads\\\/2022\\\/08\\\/logo.png\",\"width\":209,\"height\":110,\"caption\":\"Ahm Metal Aksesuar\"},\"image\":{\"@id\":\"https:\\\/\\\/ahmmetalaksesuar.com\\\/#\\\/schema\\\/logo\\\/image\\\/\"}}]}<\/script>\n<!-- \/ Yoast SEO plugin. -->","yoast_head_json":{"title":"\u00dcr\u00fcnlerimiz - Ahm Metal Aksesuar","description":"Ayakkab\u0131 \u00c7anta, tekstil, kemer ve metal aksesuar kal\u0131plar\u0131 imalat\u0131, d\u00f6k\u00fcm ve montaj i\u015flerini b\u00fcnyemizde imal etmekteyiz.","robots":{"index":"index","follow":"follow","max-snippet":"max-snippet:-1","max-image-preview":"max-image-preview:large","max-video-preview":"max-video-preview:-1"},"canonical":"https:\/\/ahmmetalaksesuar.com\/en\/urunlerimiz\/","og_locale":"en_US","og_type":"article","og_title":"\u00dcr\u00fcnlerimiz - Ahm Metal Aksesuar","og_description":"Ayakkab\u0131 \u00c7anta, tekstil, kemer ve metal aksesuar kal\u0131plar\u0131 imalat\u0131, d\u00f6k\u00fcm ve montaj i\u015flerini b\u00fcnyemizde imal etmekteyiz.","og_url":"https:\/\/ahmmetalaksesuar.com\/en\/urunlerimiz\/","og_site_name":"Ahm Metal Aksesuar","article_modified_time":"2022-09-06T14:44:57+00:00","twitter_card":"summary_large_image","twitter_misc":{"Est. reading time":"1 minute"},"schema":{"@context":"https:\/\/schema.org","@graph":[{"@type":"WebPage","@id":"https:\/\/ahmmetalaksesuar.com\/urunlerimiz\/","url":"https:\/\/ahmmetalaksesuar.com\/urunlerimiz\/","name":"\u00dcr\u00fcnlerimiz - Ahm Metal Aksesuar","isPartOf":{"@id":"https:\/\/ahmmetalaksesuar.com\/#website"},"datePublished":"2020-06-11T19:52:28+00:00","dateModified":"2022-09-06T14:44:57+00:00","description":"Ayakkab\u0131 \u00c7anta, tekstil, kemer ve metal aksesuar kal\u0131plar\u0131 imalat\u0131, d\u00f6k\u00fcm ve montaj i\u015flerini b\u00fcnyemizde imal etmekteyiz.","breadcrumb":{"@id":"https:\/\/ahmmetalaksesuar.com\/urunlerimiz\/#breadcrumb"},"inLanguage":"en-US","potentialAction":[{"@type":"ReadAction","target":["https:\/\/ahmmetalaksesuar.com\/urunlerimiz\/"]}]},{"@type":"BreadcrumbList","@id":"https:\/\/ahmmetalaksesuar.com\/urunlerimiz\/#breadcrumb","itemListElement":[{"@type":"ListItem","position":1,"name":"Anasayfa","item":"https:\/\/ahmmetalaksesuar.com\/"},{"@type":"ListItem","position":2,"name":"\u00dcr\u00fcnlerimiz"}]},{"@type":"WebSite","@id":"https:\/\/ahmmetalaksesuar.com\/#website","url":"https:\/\/ahmmetalaksesuar.com\/","name":"Ahm Metal Aksesuar","description":"","publisher":{"@id":"https:\/\/ahmmetalaksesuar.com\/#organization"},"potentialAction":[{"@type":"SearchAction","target":{"@type":"EntryPoint","urlTemplate":"https:\/\/ahmmetalaksesuar.com\/?s={search_term_string}"},"query-input":{"@type":"PropertyValueSpecification","valueRequired":true,"valueName":"search_term_string"}}],"inLanguage":"en-US"},{"@type":"Organization","@id":"https:\/\/ahmmetalaksesuar.com\/#organization","name":"Ahm Metal Aksesuar","url":"https:\/\/ahmmetalaksesuar.com\/","logo":{"@type":"ImageObject","inLanguage":"en-US","@id":"https:\/\/ahmmetalaksesuar.com\/#\/schema\/logo\/image\/","url":"https:\/\/ahmmetalaksesuar.com\/wp-content\/uploads\/2022\/08\/logo.png","contentUrl":"https:\/\/ahmmetalaksesuar.com\/wp-content\/uploads\/2022\/08\/logo.png","width":209,"height":110,"caption":"Ahm Metal Aksesuar"},"image":{"@id":"https:\/\/ahmmetalaksesuar.com\/#\/schema\/logo\/image\/"}}]}},"_links":{"self":[{"href":"https:\/\/ahmmetalaksesuar.com\/en\/wp-json\/wp\/v2\/pages\/2901","targetHints":{"allow":["GET"]}}],"collection":[{"href":"https:\/\/ahmmetalaksesuar.com\/en\/wp-json\/wp\/v2\/pages"}],"about":[{"href":"https:\/\/ahmmetalaksesuar.com\/en\/wp-json\/wp\/v2\/types\/page"}],"author":[{"embeddable":true,"href":"https:\/\/ahmmetalaksesuar.com\/en\/wp-json\/wp\/v2\/users\/1"}],"replies":[{"embeddable":true,"href":"https:\/\/ahmmetalaksesuar.com\/en\/wp-json\/wp\/v2\/comments?post=2901"}],"version-history":[{"count":90,"href":"https:\/\/ahmmetalaksesuar.com\/en\/wp-json\/wp\/v2\/pages\/2901\/revisions"}],"predecessor-version":[{"id":5582,"href":"https:\/\/ahmmetalaksesuar.com\/en\/wp-json\/wp\/v2\/pages\/2901\/revisions\/5582"}],"wp:attachment":[{"href":"https:\/\/ahmmetalaksesuar.com\/en\/wp-json\/wp\/v2\/media?parent=2901"}],"curies":[{"name":"wp","href":"https:\/\/api.w.org\/{rel}","templated":true}]}}